{"id":33761,"date":"2022-09-01T18:45:03","date_gmt":"2022-09-01T18:45:03","guid":{"rendered":"https:\/\/milicia-pro.com\/?post_type=product&#038;p=33761"},"modified":"2025-06-05T16:18:05","modified_gmt":"2025-06-05T16:18:05","slug":"reservatorio-agua-c-filtro-banho-10lt","status":"publish","type":"product","link":"https:\/\/milicia-pro.com\/index.php\/product\/reservatorio-agua-c-filtro-banho-10lt\/","title":{"rendered":"RESERVAT\u00d3RIO \u00c1GUA C\/FILTRO BANHO 10LT"},"content":{"rendered":"<p>Material: silicone, fibras de vidro, pl\u00e1sticos resistentes a impactos e seguros para alimentos<br \/>\nDimens\u00f5es: 27 x 15 x 7 cm<\/p>\n<p>Desempenho: at\u00e9 2 litros \/ min<br \/>\nVida \u00fatil: at\u00e9 1.500 litros, dependendo da qualidade da \u00e1gua<br \/>\nTecnologia: filtro de gravidade;\u00a0Membrana de fibra de vidro plissada Ultra Flow Filter \u2122 de 0,2 m\u00edcrons (0,0002 mm)<br \/>\nEfeito: remove bact\u00e9rias, cistos e sedimentos<\/p>\n<p>&#8211; filtro compacto,<br \/>\n&#8211; bolsa de \u00e1gua dobr\u00e1vel<\/p>\n<p>&#8211; a protec\u00e7\u00e3o do filtro lav\u00e1vel aumenta a vida \u00fatil de at\u00e9 1.500 litros de \u00e1gua<br \/>\n&#8211; Janela de visualiza\u00e7\u00e3o na bolsa de \u00e1gua<br \/>\n&#8211; a mangueira de sa\u00edda pode ser facilmente removida usando a v\u00e1lvula de libera\u00e7\u00e3o r\u00e1pida<br \/>\n&#8211; com al\u00e7a de transporte pr\u00e1tica<br \/>\n&#8211; tamb\u00e9m para \u00e1gua turva<br \/>\n&#8211; adequado para este adaptador de chuveiro # 14570800<\/p>\n","protected":false},"excerpt":{"rendered":"<p>Material: silicone, fibras de vidro, pl\u00e1sticos resistentes a impactos e seguros para alimentos Dimens\u00f5es: 27 x 15 x 7 cm Desempenho: at\u00e9 2 litros \/ min Vida \u00fatil: at\u00e9 1.500 litros, dependendo da qualidade da \u00e1gua Tecnologia: filtro de gravidade;\u00a0Membrana de fibra de vidro plissada Ultra Flow Filter \u2122 de 0,2 m\u00edcrons (0,0002 mm) Efeito: [&#8230;]\n","protected":false},"featured_media":33838,"comment_status":"open","ping_status":"closed","template":"","meta":{"_monsterinsights_skip_tracking":false,"_monsterinsights_sitenote_active":false,"_monsterinsights_sitenote_note":"","_monsterinsights_sitenote_category":0},"product_brand":[],"product_cat":[829,1068,1074,855],"product_tag":[57,935,936],"class_list":{"0":"post-33761","1":"product","2":"type-product","3":"status-publish","4":"has-post-thumbnail","6":"product_cat-marcas","7":"product_cat-outdoor","8":"product_cat-sobrevivencia","9":"product_cat-sturm-mil-tec","10":"product_tag-agua","11":"product_tag-deposito","12":"product_tag-reservatorio","14":"first","15":"instock","16":"shipping-taxable","17":"purchasable","18":"product-type-variable"},"aioseo_notices":[],"jetpack_sharing_enabled":true,"_links":{"self":[{"href":"https:\/\/milicia-pro.com\/index.php\/wp-json\/wp\/v2\/product\/33761","targetHints":{"allow":["GET"]}}],"collection":[{"href":"https:\/\/milicia-pro.com\/index.php\/wp-json\/wp\/v2\/product"}],"about":[{"href":"https:\/\/milicia-pro.com\/index.php\/wp-json\/wp\/v2\/types\/product"}],"replies":[{"embeddable":true,"href":"https:\/\/milicia-pro.com\/index.php\/wp-json\/wp\/v2\/comments?post=33761"}],"wp:featuredmedia":[{"embeddable":true,"href":"https:\/\/milicia-pro.com\/index.php\/wp-json\/wp\/v2\/media\/33838"}],"wp:attachment":[{"href":"https:\/\/milicia-pro.com\/index.php\/wp-json\/wp\/v2\/media?parent=33761"}],"wp:term":[{"taxonomy":"product_brand","embeddable":true,"href":"https:\/\/milicia-pro.com\/index.php\/wp-json\/wp\/v2\/product_brand?post=33761"},{"taxonomy":"product_cat","embeddable":true,"href":"https:\/\/milicia-pro.com\/index.php\/wp-json\/wp\/v2\/product_cat?post=33761"},{"taxonomy":"product_tag","embeddable":true,"href":"https:\/\/milicia-pro.com\/index.php\/wp-json\/wp\/v2\/product_tag?post=33761"}],"curies":[{"name":"wp","href":"https:\/\/api.w.org\/{rel}","templated":true}]}}