{"id":33759,"date":"2022-09-01T18:45:03","date_gmt":"2022-09-01T18:45:03","guid":{"rendered":"https:\/\/milicia-pro.com\/?post_type=product&#038;p=33759"},"modified":"2025-06-05T16:17:06","modified_gmt":"2025-06-05T16:17:06","slug":"saco-transporte-de-agua-10l-verde","status":"publish","type":"product","link":"https:\/\/milicia-pro.com\/index.php\/product\/saco-transporte-de-agua-10l-verde\/","title":{"rendered":"SACO TRANSPORTE DE \u00c1GUA 10L &#8211; VERDE"},"content":{"rendered":"<p>Cloreto de polivinil<br \/>\nDimens\u00f5es: 22 x 27 cm<br \/>\nPeso: 150 g<br \/>\nCapacidade: 10 litros<\/p>\n<p>&#8211; balde desmont\u00e1vel pode ser armazenado em qualquer bolsa ou mochila de bicicleta<\/p>\n<p>&#8211; adequado para lavagem<\/p>\n<p>&#8211; n\u00e3o adequado para \u00e1gua pot\u00e1vel<\/p>\n","protected":false},"excerpt":{"rendered":"<p>Cloreto de polivinil Dimens\u00f5es: 22 x 27 cm Peso: 150 g Capacidade: 10 litros &#8211; balde desmont\u00e1vel pode ser armazenado em qualquer bolsa ou mochila de bicicleta &#8211; adequado para lavagem &#8211; n\u00e3o adequado para \u00e1gua pot\u00e1vel<\/p>\n","protected":false},"featured_media":33823,"comment_status":"open","ping_status":"closed","template":"","meta":{"_monsterinsights_skip_tracking":false,"_monsterinsights_sitenote_active":false,"_monsterinsights_sitenote_note":"","_monsterinsights_sitenote_category":0},"product_brand":[],"product_cat":[829,1068,1074,855],"product_tag":[937,57,741],"class_list":{"0":"post-33759","1":"product","2":"type-product","3":"status-publish","4":"has-post-thumbnail","6":"product_cat-marcas","7":"product_cat-outdoor","8":"product_cat-sobrevivencia","9":"product_cat-sturm-mil-tec","10":"product_tag-10l","11":"product_tag-agua","12":"product_tag-transporte","14":"first","15":"instock","16":"shipping-taxable","17":"purchasable","18":"product-type-variable"},"aioseo_notices":[],"jetpack_sharing_enabled":true,"_links":{"self":[{"href":"https:\/\/milicia-pro.com\/index.php\/wp-json\/wp\/v2\/product\/33759","targetHints":{"allow":["GET"]}}],"collection":[{"href":"https:\/\/milicia-pro.com\/index.php\/wp-json\/wp\/v2\/product"}],"about":[{"href":"https:\/\/milicia-pro.com\/index.php\/wp-json\/wp\/v2\/types\/product"}],"replies":[{"embeddable":true,"href":"https:\/\/milicia-pro.com\/index.php\/wp-json\/wp\/v2\/comments?post=33759"}],"wp:featuredmedia":[{"embeddable":true,"href":"https:\/\/milicia-pro.com\/index.php\/wp-json\/wp\/v2\/media\/33823"}],"wp:attachment":[{"href":"https:\/\/milicia-pro.com\/index.php\/wp-json\/wp\/v2\/media?parent=33759"}],"wp:term":[{"taxonomy":"product_brand","embeddable":true,"href":"https:\/\/milicia-pro.com\/index.php\/wp-json\/wp\/v2\/product_brand?post=33759"},{"taxonomy":"product_cat","embeddable":true,"href":"https:\/\/milicia-pro.com\/index.php\/wp-json\/wp\/v2\/product_cat?post=33759"},{"taxonomy":"product_tag","embeddable":true,"href":"https:\/\/milicia-pro.com\/index.php\/wp-json\/wp\/v2\/product_tag?post=33759"}],"curies":[{"name":"wp","href":"https:\/\/api.w.org\/{rel}","templated":true}]}}