{"id":33744,"date":"2022-09-01T18:44:37","date_gmt":"2022-09-01T18:44:37","guid":{"rendered":"https:\/\/milicia-pro.com\/?post_type=product&#038;p=33744"},"modified":"2025-05-26T04:33:44","modified_gmt":"2025-05-26T04:33:44","slug":"rolo-de-rede-camuflagem-240x78-mt-camo-woodland","status":"publish","type":"product","link":"https:\/\/milicia-pro.com\/index.php\/product\/rolo-de-rede-camuflagem-240x78-mt-camo-woodland\/","title":{"rendered":"ROLO DE REDE CAMUFLAGEM 2,40X78 MT &#8211; CAMO WOODLAND"},"content":{"rendered":"<p>100% nylon, revestido com poliuretano<br \/>\nTran\u00e7a: 100% poli\u00e9ster<br \/>\nDimens\u00f5es: 2.4 x 78 mts<\/p>\n<p>&#8211; com material saco de transporte<\/p>\n<p>&#8211; o saco de transporte consiste em malha revestida de pl\u00e1stico<\/p>\n<p>&#8211; n\u00e3o \u00e9 resistente ao fogo<\/p>\n<p>&#8211; resistente \u00e1 \u00e1gua e fungos<br \/>\n&#8211;\u00a0 utiliz\u00e1vel ao ar livre<\/p>\n","protected":false},"excerpt":{"rendered":"<p>100% nylon, revestido com poliuretano Tran\u00e7a: 100% poli\u00e9ster Dimens\u00f5es: 2.4 x 78 mts &#8211; com material saco de transporte &#8211; o saco de transporte consiste em malha revestida de pl\u00e1stico &#8211; n\u00e3o \u00e9 resistente ao fogo &#8211; resistente \u00e1 \u00e1gua e fungos &#8211;\u00a0 utiliz\u00e1vel ao ar livre<\/p>\n","protected":false},"featured_media":33816,"comment_status":"open","ping_status":"closed","template":"","meta":{"_monsterinsights_skip_tracking":false,"_monsterinsights_sitenote_active":false,"_monsterinsights_sitenote_note":"","_monsterinsights_sitenote_category":0},"product_brand":[],"product_cat":[1089,1064,829,1330,855],"product_tag":[961,938,738],"class_list":{"0":"post-33744","1":"product","2":"type-product","3":"status-publish","4":"has-post-thumbnail","6":"product_cat-camuflagem","7":"product_cat-equipamentotatico","8":"product_cat-marcas","9":"product_cat-rede","10":"product_cat-sturm-mil-tec","11":"product_tag-camuflagem","12":"product_tag-individual","13":"product_tag-rede","15":"first","16":"onbackorder","17":"shipping-taxable","18":"purchasable","19":"product-type-variable"},"aioseo_notices":[],"jetpack_sharing_enabled":true,"_links":{"self":[{"href":"https:\/\/milicia-pro.com\/index.php\/wp-json\/wp\/v2\/product\/33744","targetHints":{"allow":["GET"]}}],"collection":[{"href":"https:\/\/milicia-pro.com\/index.php\/wp-json\/wp\/v2\/product"}],"about":[{"href":"https:\/\/milicia-pro.com\/index.php\/wp-json\/wp\/v2\/types\/product"}],"replies":[{"embeddable":true,"href":"https:\/\/milicia-pro.com\/index.php\/wp-json\/wp\/v2\/comments?post=33744"}],"wp:featuredmedia":[{"embeddable":true,"href":"https:\/\/milicia-pro.com\/index.php\/wp-json\/wp\/v2\/media\/33816"}],"wp:attachment":[{"href":"https:\/\/milicia-pro.com\/index.php\/wp-json\/wp\/v2\/media?parent=33744"}],"wp:term":[{"taxonomy":"product_brand","embeddable":true,"href":"https:\/\/milicia-pro.com\/index.php\/wp-json\/wp\/v2\/product_brand?post=33744"},{"taxonomy":"product_cat","embeddable":true,"href":"https:\/\/milicia-pro.com\/index.php\/wp-json\/wp\/v2\/product_cat?post=33744"},{"taxonomy":"product_tag","embeddable":true,"href":"https:\/\/milicia-pro.com\/index.php\/wp-json\/wp\/v2\/product_tag?post=33744"}],"curies":[{"name":"wp","href":"https:\/\/api.w.org\/{rel}","templated":true}]}}