{"id":33742,"date":"2022-09-01T18:44:37","date_gmt":"2022-09-01T18:44:37","guid":{"rendered":"https:\/\/milicia-pro.com\/?post_type=product&#038;p=33742"},"modified":"2026-03-31T17:10:10","modified_gmt":"2026-03-31T17:10:10","slug":"rede-individual-woodland-3-0x6-0m","status":"publish","type":"product","link":"https:\/\/milicia-pro.com\/index.php\/product\/rede-individual-woodland-3-0x6-0m\/","title":{"rendered":"REDE INDIVIDUAL WOODLAND 3.0X6.0M"},"content":{"rendered":"<p>100% nylon, revestido com poliuretano<br \/>\nMalha: 100% poli\u00e9ster<br \/>\nDimens\u00f5es: 3 x 6 m<br \/>\nPeso: 3,8 kg<\/p>\n<p>&#8211; com saco de transporte<\/p>\n<p>&#8211; o saco de transporte consiste em malha revestida de pl\u00e1stico<\/p>\n<p>&#8211; n\u00e3o \u00e9 resistente ao fogo<\/p>\n<p>&#8211; resistente \u00e1 \u00e1gua e fungos<br \/>\n&#8211;\u00a0utiliz\u00e1vel ao ar livre<\/p>\n","protected":false},"excerpt":{"rendered":"<p>100% nylon, revestido com poliuretano Malha: 100% poli\u00e9ster Dimens\u00f5es: 3 x 6 m Peso: 3,8 kg &#8211; com saco de transporte &#8211; o saco de transporte consiste em malha revestida de pl\u00e1stico &#8211; n\u00e3o \u00e9 resistente ao fogo &#8211; resistente \u00e1 \u00e1gua e fungos &#8211;\u00a0utiliz\u00e1vel ao ar livre<\/p>\n","protected":false},"featured_media":33812,"comment_status":"open","ping_status":"closed","template":"","meta":{"_monsterinsights_skip_tracking":false,"_monsterinsights_sitenote_active":false,"_monsterinsights_sitenote_note":"","_monsterinsights_sitenote_category":0},"product_brand":[],"product_cat":[1089,1064,829,1330,855],"product_tag":[961,938,738],"class_list":{"0":"post-33742","1":"product","2":"type-product","3":"status-publish","4":"has-post-thumbnail","6":"product_cat-camuflagem","7":"product_cat-equipamentotatico","8":"product_cat-marcas","9":"product_cat-rede","10":"product_cat-sturm-mil-tec","11":"product_tag-camuflagem","12":"product_tag-individual","13":"product_tag-rede","15":"first","16":"instock","17":"shipping-taxable","18":"purchasable","19":"product-type-variable"},"aioseo_notices":[],"jetpack_sharing_enabled":true,"_links":{"self":[{"href":"https:\/\/milicia-pro.com\/index.php\/wp-json\/wp\/v2\/product\/33742","targetHints":{"allow":["GET"]}}],"collection":[{"href":"https:\/\/milicia-pro.com\/index.php\/wp-json\/wp\/v2\/product"}],"about":[{"href":"https:\/\/milicia-pro.com\/index.php\/wp-json\/wp\/v2\/types\/product"}],"replies":[{"embeddable":true,"href":"https:\/\/milicia-pro.com\/index.php\/wp-json\/wp\/v2\/comments?post=33742"}],"wp:featuredmedia":[{"embeddable":true,"href":"https:\/\/milicia-pro.com\/index.php\/wp-json\/wp\/v2\/media\/33812"}],"wp:attachment":[{"href":"https:\/\/milicia-pro.com\/index.php\/wp-json\/wp\/v2\/media?parent=33742"}],"wp:term":[{"taxonomy":"product_brand","embeddable":true,"href":"https:\/\/milicia-pro.com\/index.php\/wp-json\/wp\/v2\/product_brand?post=33742"},{"taxonomy":"product_cat","embeddable":true,"href":"https:\/\/milicia-pro.com\/index.php\/wp-json\/wp\/v2\/product_cat?post=33742"},{"taxonomy":"product_tag","embeddable":true,"href":"https:\/\/milicia-pro.com\/index.php\/wp-json\/wp\/v2\/product_tag?post=33742"}],"curies":[{"name":"wp","href":"https:\/\/api.w.org\/{rel}","templated":true}]}}