{"id":33740,"date":"2022-09-01T18:44:37","date_gmt":"2022-09-01T18:44:37","guid":{"rendered":"https:\/\/milicia-pro.com\/?post_type=product&#038;p=33740"},"modified":"2026-02-18T18:17:04","modified_gmt":"2026-02-18T18:17:04","slug":"rede-individual-3-0x3-0m","status":"publish","type":"product","link":"https:\/\/milicia-pro.com\/index.php\/product\/rede-individual-3-0x3-0m\/","title":{"rendered":"REDE INDIVIDUAL 3.0X3.0M"},"content":{"rendered":"<p><img loading=\"lazy\" decoding=\"async\" class=\"alignnone size-medium wp-image-42419\" src=\"https:\/\/milicia-pro.com\/wp-content\/uploads\/2025\/04\/ST.14465020-01-300x202.png\" alt=\"\" width=\"300\" height=\"202\" srcset=\"https:\/\/milicia-pro.com\/wp-content\/uploads\/2025\/04\/ST.14465020-01-300x202.png 300w, https:\/\/milicia-pro.com\/wp-content\/uploads\/2025\/04\/ST.14465020-01-510x343.png 510w, https:\/\/milicia-pro.com\/wp-content\/uploads\/2025\/04\/ST.14465020-01.png 750w\" sizes=\"auto, (max-width: 300px) 100vw, 300px\" \/><\/p>\n<p>100% nylon, revestido com poliuretano<br \/>\nTran\u00e7a: 100% poli\u00e9ster<br \/>\nDimens\u00f5es: 3 x 3 m<br \/>\nPeso: 1,9 kg<\/p>\n<p>&#8211; com material saco de transporte<\/p>\n<p>&#8211; o saco de transporte consiste em malha revestida de pl\u00e1stico<\/p>\n<p>&#8211; n\u00e3o \u00e9 resistente ao fogo<\/p>\n<p>&#8211; resistente \u00e1 \u00e1gua e fungos<br \/>\n&#8211;\u00a0 utiliz\u00e1vel ao ar livre<\/p>\n","protected":false},"excerpt":{"rendered":"<p>100% nylon, revestido com poliuretano Tran\u00e7a: 100% poli\u00e9ster Dimens\u00f5es: 3 x 3 m Peso: 1,9 kg &#8211; com material saco de transporte &#8211; o saco de transporte consiste em malha revestida de pl\u00e1stico &#8211; n\u00e3o \u00e9 resistente ao fogo &#8211; resistente \u00e1 \u00e1gua e fungos &#8211;\u00a0 utiliz\u00e1vel ao ar livre<\/p>\n","protected":false},"featured_media":33808,"comment_status":"open","ping_status":"closed","template":"","meta":{"_monsterinsights_skip_tracking":false,"_monsterinsights_sitenote_active":false,"_monsterinsights_sitenote_note":"","_monsterinsights_sitenote_category":0},"product_brand":[],"product_cat":[1089,1064,829,1330,855],"product_tag":[961,938,738],"class_list":{"0":"post-33740","1":"product","2":"type-product","3":"status-publish","4":"has-post-thumbnail","6":"product_cat-camuflagem","7":"product_cat-equipamentotatico","8":"product_cat-marcas","9":"product_cat-rede","10":"product_cat-sturm-mil-tec","11":"product_tag-camuflagem","12":"product_tag-individual","13":"product_tag-rede","15":"first","16":"instock","17":"shipping-taxable","18":"purchasable","19":"product-type-variable"},"aioseo_notices":[],"jetpack_sharing_enabled":true,"_links":{"self":[{"href":"https:\/\/milicia-pro.com\/index.php\/wp-json\/wp\/v2\/product\/33740","targetHints":{"allow":["GET"]}}],"collection":[{"href":"https:\/\/milicia-pro.com\/index.php\/wp-json\/wp\/v2\/product"}],"about":[{"href":"https:\/\/milicia-pro.com\/index.php\/wp-json\/wp\/v2\/types\/product"}],"replies":[{"embeddable":true,"href":"https:\/\/milicia-pro.com\/index.php\/wp-json\/wp\/v2\/comments?post=33740"}],"wp:featuredmedia":[{"embeddable":true,"href":"https:\/\/milicia-pro.com\/index.php\/wp-json\/wp\/v2\/media\/33808"}],"wp:attachment":[{"href":"https:\/\/milicia-pro.com\/index.php\/wp-json\/wp\/v2\/media?parent=33740"}],"wp:term":[{"taxonomy":"product_brand","embeddable":true,"href":"https:\/\/milicia-pro.com\/index.php\/wp-json\/wp\/v2\/product_brand?post=33740"},{"taxonomy":"product_cat","embeddable":true,"href":"https:\/\/milicia-pro.com\/index.php\/wp-json\/wp\/v2\/product_cat?post=33740"},{"taxonomy":"product_tag","embeddable":true,"href":"https:\/\/milicia-pro.com\/index.php\/wp-json\/wp\/v2\/product_tag?post=33740"}],"curies":[{"name":"wp","href":"https:\/\/api.w.org\/{rel}","templated":true}]}}