{"id":33737,"date":"2022-09-01T18:44:36","date_gmt":"2022-09-01T18:44:36","guid":{"rendered":"https:\/\/milicia-pro.com\/?post_type=product&#038;p=33737"},"modified":"2025-07-15T15:54:23","modified_gmt":"2025-07-15T15:54:23","slug":"rede-individual-woodland-14x3m","status":"publish","type":"product","link":"https:\/\/milicia-pro.com\/index.php\/product\/rede-individual-woodland-14x3m\/","title":{"rendered":"REDE INDIVIDUAL WOODLAND 1,4X3M"},"content":{"rendered":"<p>100% nylon, poliuretano revestido<br \/>\nDimens\u00f5es: 1,4 x 3,0 m<\/p>\n<p>&#8211; sem material transportador<br \/>\n&#8211; resistente a \u00e1gua e fungos<br \/>\n&#8211; uso permanente em ambientes externos<br \/>\n&#8211; revers\u00edvel de verde azeitona a marrom<\/p>\n","protected":false},"excerpt":{"rendered":"<p>100% nylon, poliuretano revestido Dimens\u00f5es: 1,4 x 3,0 m &#8211; sem material transportador &#8211; resistente a \u00e1gua e fungos &#8211; uso permanente em ambientes externos &#8211; revers\u00edvel de verde azeitona a marrom<\/p>\n","protected":false},"featured_media":33788,"comment_status":"open","ping_status":"closed","template":"","meta":{"_monsterinsights_skip_tracking":false,"_monsterinsights_sitenote_active":false,"_monsterinsights_sitenote_note":"","_monsterinsights_sitenote_category":0},"product_brand":[],"product_cat":[1089,1064,829,1330,855],"product_tag":[961,938,738],"class_list":{"0":"post-33737","1":"product","2":"type-product","3":"status-publish","4":"has-post-thumbnail","6":"product_cat-camuflagem","7":"product_cat-equipamentotatico","8":"product_cat-marcas","9":"product_cat-rede","10":"product_cat-sturm-mil-tec","11":"product_tag-camuflagem","12":"product_tag-individual","13":"product_tag-rede","15":"first","16":"instock","17":"shipping-taxable","18":"purchasable","19":"product-type-variable"},"aioseo_notices":[],"jetpack_sharing_enabled":true,"_links":{"self":[{"href":"https:\/\/milicia-pro.com\/index.php\/wp-json\/wp\/v2\/product\/33737","targetHints":{"allow":["GET"]}}],"collection":[{"href":"https:\/\/milicia-pro.com\/index.php\/wp-json\/wp\/v2\/product"}],"about":[{"href":"https:\/\/milicia-pro.com\/index.php\/wp-json\/wp\/v2\/types\/product"}],"replies":[{"embeddable":true,"href":"https:\/\/milicia-pro.com\/index.php\/wp-json\/wp\/v2\/comments?post=33737"}],"wp:featuredmedia":[{"embeddable":true,"href":"https:\/\/milicia-pro.com\/index.php\/wp-json\/wp\/v2\/media\/33788"}],"wp:attachment":[{"href":"https:\/\/milicia-pro.com\/index.php\/wp-json\/wp\/v2\/media?parent=33737"}],"wp:term":[{"taxonomy":"product_brand","embeddable":true,"href":"https:\/\/milicia-pro.com\/index.php\/wp-json\/wp\/v2\/product_brand?post=33737"},{"taxonomy":"product_cat","embeddable":true,"href":"https:\/\/milicia-pro.com\/index.php\/wp-json\/wp\/v2\/product_cat?post=33737"},{"taxonomy":"product_tag","embeddable":true,"href":"https:\/\/milicia-pro.com\/index.php\/wp-json\/wp\/v2\/product_tag?post=33737"}],"curies":[{"name":"wp","href":"https:\/\/api.w.org\/{rel}","templated":true}]}}