{"id":33734,"date":"2022-09-01T18:44:36","date_gmt":"2022-09-01T18:44:36","guid":{"rendered":"https:\/\/milicia-pro.com\/?post_type=product&#038;p=33734"},"modified":"2025-06-05T15:22:57","modified_gmt":"2025-06-05T15:22:57","slug":"cama-rede-c-mosquiteira","status":"publish","type":"product","link":"https:\/\/milicia-pro.com\/index.php\/product\/cama-rede-c-mosquiteira\/","title":{"rendered":"CAMA REDE C\/MOSQUITEIRA"},"content":{"rendered":"<p>Telhado: 100% poli\u00e9ster<br \/>\nPiso: 100% algod\u00e3o (lona)<br \/>\nRede: 100% poli\u00e9ster<br \/>\nTelhado: 230 x 105 cm<br \/>\nPiso: 200 x 68 cm<br \/>\nAltura: 50 cm<br \/>\nPeso: 1.5kg<\/p>\n<p>2 em 1: Hammock (cama de rede) e tenda mosquiteira<\/p>\n<p>Recomendada para florestas com ambiente muito quente e h\u00famido, com grande concentra\u00e7\u00e3o de artr\u00f3podes.<\/p>\n<p>&#8211; Capacidade de carga de at\u00e9 100 kg<br \/>\n&#8211; protec\u00e7\u00e3o confi\u00e1vel contra animais rastejantes e pequenos, porque a altura pode ser usada<br \/>\n&#8211; 6 cordas para fixa\u00e7\u00e3o<br \/>\n&#8211; entrada lateral com z\u00edper<\/p>\n","protected":false},"excerpt":{"rendered":"<p>Telhado: 100% poli\u00e9ster Piso: 100% algod\u00e3o (lona) Rede: 100% poli\u00e9ster Telhado: 230 x 105 cm Piso: 200 x 68 cm Altura: 50 cm Peso: 1.5kg 2 em 1: Hammock (cama de rede) e tenda mosquiteira Recomendada para florestas com ambiente muito quente e h\u00famido, com grande concentra\u00e7\u00e3o de artr\u00f3podes. &#8211; Capacidade de carga de at\u00e9 [&#8230;]\n","protected":false},"featured_media":33785,"comment_status":"open","ping_status":"closed","template":"","meta":{"_monsterinsights_skip_tracking":false,"_monsterinsights_sitenote_active":false,"_monsterinsights_sitenote_note":"","_monsterinsights_sitenote_category":0},"product_brand":[],"product_cat":[829,1068,1330,855],"product_tag":[941,728,944,738],"class_list":{"0":"post-33734","1":"product","2":"type-product","3":"status-publish","4":"has-post-thumbnail","6":"product_cat-marcas","7":"product_cat-outdoor","8":"product_cat-rede","9":"product_cat-sturm-mil-tec","10":"product_tag-cama","11":"product_tag-campismo","12":"product_tag-mosquiteiro","13":"product_tag-rede","15":"first","16":"instock","17":"shipping-taxable","18":"purchasable","19":"product-type-variable"},"aioseo_notices":[],"jetpack_sharing_enabled":true,"_links":{"self":[{"href":"https:\/\/milicia-pro.com\/index.php\/wp-json\/wp\/v2\/product\/33734","targetHints":{"allow":["GET"]}}],"collection":[{"href":"https:\/\/milicia-pro.com\/index.php\/wp-json\/wp\/v2\/product"}],"about":[{"href":"https:\/\/milicia-pro.com\/index.php\/wp-json\/wp\/v2\/types\/product"}],"replies":[{"embeddable":true,"href":"https:\/\/milicia-pro.com\/index.php\/wp-json\/wp\/v2\/comments?post=33734"}],"wp:featuredmedia":[{"embeddable":true,"href":"https:\/\/milicia-pro.com\/index.php\/wp-json\/wp\/v2\/media\/33785"}],"wp:attachment":[{"href":"https:\/\/milicia-pro.com\/index.php\/wp-json\/wp\/v2\/media?parent=33734"}],"wp:term":[{"taxonomy":"product_brand","embeddable":true,"href":"https:\/\/milicia-pro.com\/index.php\/wp-json\/wp\/v2\/product_brand?post=33734"},{"taxonomy":"product_cat","embeddable":true,"href":"https:\/\/milicia-pro.com\/index.php\/wp-json\/wp\/v2\/product_cat?post=33734"},{"taxonomy":"product_tag","embeddable":true,"href":"https:\/\/milicia-pro.com\/index.php\/wp-json\/wp\/v2\/product_tag?post=33734"}],"curies":[{"name":"wp","href":"https:\/\/api.w.org\/{rel}","templated":true}]}}