{"id":33733,"date":"2022-09-01T18:44:35","date_gmt":"2022-09-01T18:44:35","guid":{"rendered":"https:\/\/milicia-pro.com\/?post_type=product&#038;p=33733"},"modified":"2025-06-05T15:11:23","modified_gmt":"2025-06-05T15:11:23","slug":"tenda-iglo-mosquiteira-210x110x70-cm","status":"publish","type":"product","link":"https:\/\/milicia-pro.com\/index.php\/product\/tenda-iglo-mosquiteira-210x110x70-cm\/","title":{"rendered":"TENDA IGLO MOSQUITEIRA 210X110X70 CM"},"content":{"rendered":"<p>Mosquiteiro arejado e auto-portante como uma constru\u00e7\u00e3o de tenda com postes de fibra de vidro externos. Prote\u00e7\u00e3o confi\u00e1vel contra moscas e outras pragas, solo firme e adequado para Cama de acampamento<\/p>\n<ul>\n<li>Postes 100% poli\u00e9ster : fibra de vidro<\/li>\n<li>Dimens\u00f5es: 210 x 110 x 70 cm<\/li>\n<li>Tamanho da embalagem: 57 x 24 x 7 cm<\/li>\n<li>Peso: 1,200g<\/li>\n<\/ul>\n<p>&nbsp;<\/p>\n","protected":false},"excerpt":{"rendered":"<p>Mosquiteiro arejado e auto-portante como uma constru\u00e7\u00e3o de tenda com postes de fibra de vidro externos. Prote\u00e7\u00e3o confi\u00e1vel contra moscas e outras pragas, solo firme e adequado para Cama de acampamento Postes 100% poli\u00e9ster : fibra de vidro Dimens\u00f5es: 210 x 110 x 70 cm Tamanho da embalagem: 57 x 24 x 7 cm Peso: [&#8230;]\n","protected":false},"featured_media":33784,"comment_status":"open","ping_status":"closed","template":"","meta":{"_monsterinsights_skip_tracking":false,"_monsterinsights_sitenote_active":false,"_monsterinsights_sitenote_note":"","_monsterinsights_sitenote_category":0},"product_brand":[],"product_cat":[829,1068,855,1227],"product_tag":[739,737,733],"class_list":{"0":"post-33733","1":"product","2":"type-product","3":"status-publish","4":"has-post-thumbnail","6":"product_cat-marcas","7":"product_cat-outdoor","8":"product_cat-sturm-mil-tec","9":"product_cat-tenda","10":"product_tag-iglo","11":"product_tag-mosquitos","12":"product_tag-tenda","14":"first","15":"instock","16":"shipping-taxable","17":"purchasable","18":"product-type-variable"},"aioseo_notices":[],"jetpack_sharing_enabled":true,"_links":{"self":[{"href":"https:\/\/milicia-pro.com\/index.php\/wp-json\/wp\/v2\/product\/33733","targetHints":{"allow":["GET"]}}],"collection":[{"href":"https:\/\/milicia-pro.com\/index.php\/wp-json\/wp\/v2\/product"}],"about":[{"href":"https:\/\/milicia-pro.com\/index.php\/wp-json\/wp\/v2\/types\/product"}],"replies":[{"embeddable":true,"href":"https:\/\/milicia-pro.com\/index.php\/wp-json\/wp\/v2\/comments?post=33733"}],"wp:featuredmedia":[{"embeddable":true,"href":"https:\/\/milicia-pro.com\/index.php\/wp-json\/wp\/v2\/media\/33784"}],"wp:attachment":[{"href":"https:\/\/milicia-pro.com\/index.php\/wp-json\/wp\/v2\/media?parent=33733"}],"wp:term":[{"taxonomy":"product_brand","embeddable":true,"href":"https:\/\/milicia-pro.com\/index.php\/wp-json\/wp\/v2\/product_brand?post=33733"},{"taxonomy":"product_cat","embeddable":true,"href":"https:\/\/milicia-pro.com\/index.php\/wp-json\/wp\/v2\/product_cat?post=33733"},{"taxonomy":"product_tag","embeddable":true,"href":"https:\/\/milicia-pro.com\/index.php\/wp-json\/wp\/v2\/product_tag?post=33733"}],"curies":[{"name":"wp","href":"https:\/\/api.w.org\/{rel}","templated":true}]}}