{"id":33730,"date":"2022-09-01T18:44:35","date_gmt":"2022-09-01T18:44:35","guid":{"rendered":"https:\/\/milicia-pro.com\/?post_type=product&#038;p=33730"},"modified":"2025-10-09T07:15:56","modified_gmt":"2025-10-09T07:15:56","slug":"cobertor-militar-us-100-poliester-od-200x150cm","status":"publish","type":"product","link":"https:\/\/milicia-pro.com\/index.php\/product\/cobertor-militar-us-100-poliester-od-200x150cm\/","title":{"rendered":"COBERTOR MILITAR US 100% POLIESTER-OD-200X150CM"},"content":{"rendered":"<p>Sinta-se protegido em situa\u00e7\u00f5es agrestes com o cobertor militar em 100% poli\u00e9ster com as dimens\u00f5es: 200 x 150 cm.<\/p>\n<p>&nbsp;<\/p>\n","protected":false},"excerpt":{"rendered":"<p>Sinta-se protegido em situa\u00e7\u00f5es agrestes com o cobertor militar em 100% poli\u00e9ster com as dimens\u00f5es: 200 x 150 cm. &nbsp;<\/p>\n","protected":false},"featured_media":33781,"comment_status":"open","ping_status":"closed","template":"","meta":{"_monsterinsights_skip_tracking":false,"_monsterinsights_sitenote_active":false,"_monsterinsights_sitenote_note":"","_monsterinsights_sitenote_category":0},"product_brand":[],"product_cat":[829,1068,1228,855],"product_tag":[735,948,694,736,857],"class_list":{"0":"post-33730","1":"product","2":"type-product","3":"status-publish","4":"has-post-thumbnail","6":"product_cat-marcas","7":"product_cat-outdoor","8":"product_cat-saco-cama","9":"product_cat-sturm-mil-tec","10":"product_tag-aconchego","11":"product_tag-cobertor","12":"product_tag-frio","13":"product_tag-manta","14":"product_tag-militar","16":"first","17":"instock","18":"shipping-taxable","19":"purchasable","20":"product-type-variable"},"aioseo_notices":[],"jetpack_sharing_enabled":true,"_links":{"self":[{"href":"https:\/\/milicia-pro.com\/index.php\/wp-json\/wp\/v2\/product\/33730","targetHints":{"allow":["GET"]}}],"collection":[{"href":"https:\/\/milicia-pro.com\/index.php\/wp-json\/wp\/v2\/product"}],"about":[{"href":"https:\/\/milicia-pro.com\/index.php\/wp-json\/wp\/v2\/types\/product"}],"replies":[{"embeddable":true,"href":"https:\/\/milicia-pro.com\/index.php\/wp-json\/wp\/v2\/comments?post=33730"}],"wp:featuredmedia":[{"embeddable":true,"href":"https:\/\/milicia-pro.com\/index.php\/wp-json\/wp\/v2\/media\/33781"}],"wp:attachment":[{"href":"https:\/\/milicia-pro.com\/index.php\/wp-json\/wp\/v2\/media?parent=33730"}],"wp:term":[{"taxonomy":"product_brand","embeddable":true,"href":"https:\/\/milicia-pro.com\/index.php\/wp-json\/wp\/v2\/product_brand?post=33730"},{"taxonomy":"product_cat","embeddable":true,"href":"https:\/\/milicia-pro.com\/index.php\/wp-json\/wp\/v2\/product_cat?post=33730"},{"taxonomy":"product_tag","embeddable":true,"href":"https:\/\/milicia-pro.com\/index.php\/wp-json\/wp\/v2\/product_tag?post=33730"}],"curies":[{"name":"wp","href":"https:\/\/api.w.org\/{rel}","templated":true}]}}