{"id":33729,"date":"2022-09-01T18:44:35","date_gmt":"2022-09-01T18:44:35","guid":{"rendered":"https:\/\/milicia-pro.com\/?post_type=product&#038;p=33729"},"modified":"2025-06-05T15:16:42","modified_gmt":"2025-06-05T15:16:42","slug":"burro-do-mato-cama-de-campanha-com-armacao-de-nova-geracao-190x65x42cm","status":"publish","type":"product","link":"https:\/\/milicia-pro.com\/index.php\/product\/burro-do-mato-cama-de-campanha-com-armacao-de-nova-geracao-190x65x42cm\/","title":{"rendered":"BURRO DO MATO- CAMA DE CAMPANHA COM ARMA\u00c7\u00c3O DE NOVA GERA\u00c7\u00c3O 190X65X42CM"},"content":{"rendered":"<p>Esta cama de campanha dobr\u00e1vel foi <strong>extra<\/strong>\u00a0<strong>refor\u00e7ada nas \u00e1reas cr\u00edticas da estrutura<\/strong>. Possui uma <strong>trave extra<\/strong> no centro das pernas (arma\u00e7\u00e3o de nova gera\u00e7\u00e3o).<\/p>\n<p><strong>A carga m\u00e1xima na cama \u00e9 de 120 kg.<\/strong>\u00a0O design da estrutura de alum\u00ednio permite que ela seja dobrada em um tamanho pequeno, e o kit inclui\u00a0<strong>um estojo<\/strong>\u00a0equipado com al\u00e7as para transporte.<\/p>\n<p><strong>\u00a0<\/strong><\/p>\n<ul>\n<li>100% poli\u00e9ster (600D Oxford), revestido de poliuretano<\/li>\n<li>Arma\u00e7\u00e3o em alum\u00ednio refor\u00e7ado de <strong>1mm <\/strong><\/li>\n<li>Bolsa de transporte: 100% poli\u00e9ster<\/li>\n<li>Costuras duplas,<\/li>\n<li>P\u00e9s antiderrapantes<\/li>\n<li>Cor: Oliva<\/li>\n<li>Cama montada: <strong>190 x 65 x 42 cm<\/strong><\/li>\n<li>Embalada: 100 x 22 x 12 cm<\/li>\n<li>Carga m\u00e1xima: at\u00e9 <strong>120 kg<\/strong><\/li>\n<li>Peso: <strong>5,7 kg<\/strong><\/li>\n<\/ul>\n","protected":false},"excerpt":{"rendered":"<p>Esta cama de campanha dobr\u00e1vel foi extra\u00a0refor\u00e7ada nas \u00e1reas cr\u00edticas da estrutura. Possui uma trave extra no centro das pernas (arma\u00e7\u00e3o de nova gera\u00e7\u00e3o). A carga m\u00e1xima na cama \u00e9 de 120 kg.\u00a0O design da estrutura de alum\u00ednio permite que ela seja dobrada em um tamanho pequeno, e o kit inclui\u00a0um estojo\u00a0equipado com al\u00e7as para [&#8230;]\n","protected":false},"featured_media":33779,"comment_status":"open","ping_status":"closed","template":"","meta":{"_monsterinsights_skip_tracking":false,"_monsterinsights_sitenote_active":false,"_monsterinsights_sitenote_note":"","_monsterinsights_sitenote_category":0},"product_brand":[],"product_cat":[1471,829,1068,855],"product_tag":[945,728],"class_list":{"0":"post-33729","1":"product","2":"type-product","3":"status-publish","4":"has-post-thumbnail","6":"product_cat-burro-do-mato","7":"product_cat-marcas","8":"product_cat-outdoor","9":"product_cat-sturm-mil-tec","10":"product_tag-burro-do-mato","11":"product_tag-campismo","13":"first","14":"instock","15":"shipping-taxable","16":"purchasable","17":"product-type-variable"},"aioseo_notices":[],"jetpack_sharing_enabled":true,"_links":{"self":[{"href":"https:\/\/milicia-pro.com\/index.php\/wp-json\/wp\/v2\/product\/33729","targetHints":{"allow":["GET"]}}],"collection":[{"href":"https:\/\/milicia-pro.com\/index.php\/wp-json\/wp\/v2\/product"}],"about":[{"href":"https:\/\/milicia-pro.com\/index.php\/wp-json\/wp\/v2\/types\/product"}],"replies":[{"embeddable":true,"href":"https:\/\/milicia-pro.com\/index.php\/wp-json\/wp\/v2\/comments?post=33729"}],"wp:featuredmedia":[{"embeddable":true,"href":"https:\/\/milicia-pro.com\/index.php\/wp-json\/wp\/v2\/media\/33779"}],"wp:attachment":[{"href":"https:\/\/milicia-pro.com\/index.php\/wp-json\/wp\/v2\/media?parent=33729"}],"wp:term":[{"taxonomy":"product_brand","embeddable":true,"href":"https:\/\/milicia-pro.com\/index.php\/wp-json\/wp\/v2\/product_brand?post=33729"},{"taxonomy":"product_cat","embeddable":true,"href":"https:\/\/milicia-pro.com\/index.php\/wp-json\/wp\/v2\/product_cat?post=33729"},{"taxonomy":"product_tag","embeddable":true,"href":"https:\/\/milicia-pro.com\/index.php\/wp-json\/wp\/v2\/product_tag?post=33729"}],"curies":[{"name":"wp","href":"https:\/\/api.w.org\/{rel}","templated":true}]}}