{"id":33726,"date":"2022-09-01T18:44:35","date_gmt":"2022-09-01T18:44:35","guid":{"rendered":"https:\/\/milicia-pro.com\/?post_type=product&#038;p=33726"},"modified":"2025-10-14T07:27:50","modified_gmt":"2025-10-14T07:27:50","slug":"burro-do-mato-cama-de-campanha-em-aluminio-190x65x42cm","status":"publish","type":"product","link":"https:\/\/milicia-pro.com\/index.php\/product\/burro-do-mato-cama-de-campanha-em-aluminio-190x65x42cm\/","title":{"rendered":"BURRO DO MATO- CAMA DE CAMPANHA- EM ALUMINIO 190X65X42CM"},"content":{"rendered":"<p>100% poli\u00e9ster (600D Oxford), revestido com poliuretano.<br \/>\nEstrutura: alum\u00ednio<br \/>\nBolsa de transporte: 100% poli\u00e9ster<\/p>\n<p>Dimens\u00f5es: 190 x 65 x 42 cm<br \/>\nTamanho da embalagem: 100 x 22 x 12 cm<br \/>\nPeso: 5,3 kg<br \/>\nCapacidade de carga: m\u00e1x.\u00a0120 kg<\/p>\n<p>&nbsp;<\/p>\n<p>&#8211; Confort\u00e1vel<\/p>\n<p>&#8211; Repelente a sujidade e \u00e1gua<\/p>\n<p>&#8211; Robusto<\/p>\n<p>-Inclui bolsa de transporte<\/p>\n<p>-Costuras duplas<\/p>\n<p>-P\u00e9s antiderrapantes<\/p>\n<p>&nbsp;<\/p>\n<p><span style=\"display: block;overflow: hidden;width: 2px;height: 2px\">If you are looking for bracelet.https:\/\/www.swisswatch.is\/product-category\/rolex\/datejust\/ There&#8217;s something to suit every look, from body-hugging to structured, from cuffs to chain chain bracelet and cuffs.<\/span><\/p>\n","protected":false},"excerpt":{"rendered":"<p>100% poli\u00e9ster (600D Oxford), revestido com poliuretano. Estrutura: alum\u00ednio Bolsa de transporte: 100% poli\u00e9ster Dimens\u00f5es: 190 x 65 x 42 cm Tamanho da embalagem: 100 x 22 x 12 cm Peso: 5,3 kg Capacidade de carga: m\u00e1x.\u00a0120 kg &nbsp; &#8211; Confort\u00e1vel &#8211; Repelente a sujidade e \u00e1gua &#8211; Robusto -Inclui bolsa de transporte -Costuras duplas [&#8230;]\n","protected":false},"featured_media":33776,"comment_status":"open","ping_status":"closed","template":"","meta":{"_monsterinsights_skip_tracking":false,"_monsterinsights_sitenote_active":false,"_monsterinsights_sitenote_note":"","_monsterinsights_sitenote_category":0},"product_brand":[],"product_cat":[1471,829,1068,855],"product_tag":[945,1361,728],"class_list":{"0":"post-33726","1":"product","2":"type-product","3":"status-publish","4":"has-post-thumbnail","6":"product_cat-burro-do-mato","7":"product_cat-marcas","8":"product_cat-outdoor","9":"product_cat-sturm-mil-tec","10":"product_tag-burro-do-mato","11":"product_tag-cama-de-campanha","12":"product_tag-campismo","14":"first","15":"instock","16":"shipping-taxable","17":"purchasable","18":"product-type-variable"},"aioseo_notices":[],"jetpack_sharing_enabled":true,"_links":{"self":[{"href":"https:\/\/milicia-pro.com\/index.php\/wp-json\/wp\/v2\/product\/33726","targetHints":{"allow":["GET"]}}],"collection":[{"href":"https:\/\/milicia-pro.com\/index.php\/wp-json\/wp\/v2\/product"}],"about":[{"href":"https:\/\/milicia-pro.com\/index.php\/wp-json\/wp\/v2\/types\/product"}],"replies":[{"embeddable":true,"href":"https:\/\/milicia-pro.com\/index.php\/wp-json\/wp\/v2\/comments?post=33726"}],"wp:featuredmedia":[{"embeddable":true,"href":"https:\/\/milicia-pro.com\/index.php\/wp-json\/wp\/v2\/media\/33776"}],"wp:attachment":[{"href":"https:\/\/milicia-pro.com\/index.php\/wp-json\/wp\/v2\/media?parent=33726"}],"wp:term":[{"taxonomy":"product_brand","embeddable":true,"href":"https:\/\/milicia-pro.com\/index.php\/wp-json\/wp\/v2\/product_brand?post=33726"},{"taxonomy":"product_cat","embeddable":true,"href":"https:\/\/milicia-pro.com\/index.php\/wp-json\/wp\/v2\/product_cat?post=33726"},{"taxonomy":"product_tag","embeddable":true,"href":"https:\/\/milicia-pro.com\/index.php\/wp-json\/wp\/v2\/product_tag?post=33726"}],"curies":[{"name":"wp","href":"https:\/\/api.w.org\/{rel}","templated":true}]}}