{"id":33725,"date":"2022-09-01T18:44:34","date_gmt":"2022-09-01T18:44:34","guid":{"rendered":"https:\/\/milicia-pro.com\/?post_type=product&#038;p=33725"},"modified":"2025-06-05T15:16:57","modified_gmt":"2025-06-05T15:16:57","slug":"burro-do-mato-210-x-65cm-bk-aluminio","status":"publish","type":"product","link":"https:\/\/milicia-pro.com\/index.php\/product\/burro-do-mato-210-x-65cm-bk-aluminio\/","title":{"rendered":"BURRO DE MATO- CAMA DE CAMPANHA DE 2.\u00aaGERA\u00c7\u00c3O-210X70CM"},"content":{"rendered":"<p>Cama de campanha dobr\u00e1vel de segunda gera\u00e7\u00e3o, baseada no modelo usado pelo Ex\u00e9rcito dos EUA.<\/p>\n<p><strong>Muito robusta, com \u00e1rea Generosa, Capacidade extra<\/strong><\/p>\n<p>Com superf\u00edcie lisa e repelente \u00e0 sujidade e \u00e1gua, \u00e9 muito r\u00e1pido de montar\/desmontar.<\/p>\n<p>100% poli\u00e9ster (600D Oxford) <strong>400g\/m\u00b2,<\/strong> revestido com poliuretano.<br \/>\nEstrutura em alum\u00ednio refor\u00e7ado com espessura de <strong>1,5mm<br \/>\n<\/strong>Bolsa de transporte: 100% poli\u00e9ster<\/p>\n<ul>\n<li>Costuras duplas,<\/li>\n<li>P\u00e9s antiderrapantes<\/li>\n<li>Cama montada: <strong>210 x 70 x 42 cm<\/strong><\/li>\n<li>Embalada: 105 x 19 x 13 cm<\/li>\n<li>Peso: <strong>8 kg<\/strong><\/li>\n<li>Capacidade de carga: max.\u00a0<strong>180 kg<\/strong><\/li>\n<\/ul>\n","protected":false},"excerpt":{"rendered":"<p>Cama de campanha dobr\u00e1vel de segunda gera\u00e7\u00e3o, baseada no modelo usado pelo Ex\u00e9rcito dos EUA. Muito robusta, com \u00e1rea Generosa, Capacidade extra Com superf\u00edcie lisa e repelente \u00e0 sujidade e \u00e1gua, \u00e9 muito r\u00e1pido de montar\/desmontar. 100% poli\u00e9ster (600D Oxford) 400g\/m\u00b2, revestido com poliuretano. Estrutura em alum\u00ednio refor\u00e7ado com espessura de 1,5mm Bolsa de transporte: [&#8230;]\n","protected":false},"featured_media":33774,"comment_status":"open","ping_status":"closed","template":"","meta":{"_monsterinsights_skip_tracking":false,"_monsterinsights_sitenote_active":false,"_monsterinsights_sitenote_note":"","_monsterinsights_sitenote_category":0},"product_brand":[],"product_cat":[1471,829,1068,855],"product_tag":[945,728,95],"class_list":{"0":"post-33725","1":"product","2":"type-product","3":"status-publish","4":"has-post-thumbnail","6":"product_cat-burro-do-mato","7":"product_cat-marcas","8":"product_cat-outdoor","9":"product_cat-sturm-mil-tec","10":"product_tag-burro-do-mato","11":"product_tag-campismo","12":"product_tag-campo","14":"first","15":"instock","16":"shipping-taxable","17":"purchasable","18":"product-type-variable"},"aioseo_notices":[],"jetpack_sharing_enabled":true,"_links":{"self":[{"href":"https:\/\/milicia-pro.com\/index.php\/wp-json\/wp\/v2\/product\/33725","targetHints":{"allow":["GET"]}}],"collection":[{"href":"https:\/\/milicia-pro.com\/index.php\/wp-json\/wp\/v2\/product"}],"about":[{"href":"https:\/\/milicia-pro.com\/index.php\/wp-json\/wp\/v2\/types\/product"}],"replies":[{"embeddable":true,"href":"https:\/\/milicia-pro.com\/index.php\/wp-json\/wp\/v2\/comments?post=33725"}],"wp:featuredmedia":[{"embeddable":true,"href":"https:\/\/milicia-pro.com\/index.php\/wp-json\/wp\/v2\/media\/33774"}],"wp:attachment":[{"href":"https:\/\/milicia-pro.com\/index.php\/wp-json\/wp\/v2\/media?parent=33725"}],"wp:term":[{"taxonomy":"product_brand","embeddable":true,"href":"https:\/\/milicia-pro.com\/index.php\/wp-json\/wp\/v2\/product_brand?post=33725"},{"taxonomy":"product_cat","embeddable":true,"href":"https:\/\/milicia-pro.com\/index.php\/wp-json\/wp\/v2\/product_cat?post=33725"},{"taxonomy":"product_tag","embeddable":true,"href":"https:\/\/milicia-pro.com\/index.php\/wp-json\/wp\/v2\/product_tag?post=33725"}],"curies":[{"name":"wp","href":"https:\/\/api.w.org\/{rel}","templated":true}]}}