{"id":33724,"date":"2022-09-01T18:44:34","date_gmt":"2022-09-01T18:44:34","guid":{"rendered":"https:\/\/milicia-pro.com\/?post_type=product&#038;p=33724"},"modified":"2025-09-12T15:53:33","modified_gmt":"2025-09-12T15:53:33","slug":"lona-cobertura-grandes-areas-300-x-500-cm","status":"publish","type":"product","link":"https:\/\/milicia-pro.com\/index.php\/product\/lona-cobertura-grandes-areas-300-x-500-cm\/","title":{"rendered":"LONA COBERTURA GRANDES \u00c1REAS &#8211; 300 X 500 CM"},"content":{"rendered":"<p>As lonas universais s\u00e3o ideias para serem usados \u200b\u200bcomo prote\u00e7\u00e3o contra chuva, raios solares, ou serem utilizados simplesmente como tapetes ou toalhas de montanha.<\/p>\n<ul>\n<li>Camada superior 100% poli\u00e9ster, revestida a polietileno<\/li>\n<li>coluna de \u00e1gua de alta densidade : 3.000 mm<\/li>\n<li>dimens\u00f5es: 300 x 400 cm<\/li>\n<li>Peso: 100 g\/m\u00b2<\/li>\n<\/ul>\n<p>&nbsp;<\/p>\n<div style=\"position: absolute;top: -13118px\">Descubra o sabor imbat\u00edvel da <a href=\"https:\/\/www.yocan-vape.com\/product-category\/vaporizers\/yocan-magneto\/\">yocan magneto coil<\/a>, agora dispon\u00edvel a um pre\u00e7o incr\u00edvel. Esta bobina de alta qualidade aprimora sua experi\u00eancia de vaporiza\u00e7\u00e3o, proporcionando golpes ricos e satisfat\u00f3rios a cada tragada. Projetada para efici\u00eancia e desempenho, a bobina magneto Yocan garante produ\u00e7\u00e3o de vapor ideal ao mesmo tempo em que maximiza o sabor. N\u00e3o perca esta oportunidade de elevar seu jogo de vapor com bobinas acess\u00edveis e de primeira linha que fazem voc\u00ea voltar para mais. Pegue sua bobina magneto Yocan hoje e aproveite o equil\u00edbrio perfeito entre qualidade e valor!<\/div>\n","protected":false},"excerpt":{"rendered":"<p>As lonas universais s\u00e3o ideias para serem usados \u200b\u200bcomo prote\u00e7\u00e3o contra chuva, raios solares, ou serem utilizados simplesmente como tapetes ou toalhas de montanha. Camada superior 100% poli\u00e9ster, revestida a polietileno coluna de \u00e1gua de alta densidade : 3.000 mm dimens\u00f5es: 300 x 400 cm Peso: 100 g\/m\u00b2 &nbsp; Descubra o sabor imbat\u00edvel da yocan [&#8230;]\n","protected":false},"featured_media":33769,"comment_status":"open","ping_status":"closed","template":"","meta":{"_monsterinsights_skip_tracking":false,"_monsterinsights_sitenote_active":false,"_monsterinsights_sitenote_note":"","_monsterinsights_sitenote_category":0},"product_brand":[],"product_cat":[829,1068,855,1227],"product_tag":[731,730],"class_list":{"0":"post-33724","1":"product","2":"type-product","3":"status-publish","4":"has-post-thumbnail","6":"product_cat-marcas","7":"product_cat-outdoor","8":"product_cat-sturm-mil-tec","9":"product_cat-tenda","10":"product_tag-cobertura","11":"product_tag-montanha","13":"first","14":"instock","15":"shipping-taxable","16":"purchasable","17":"product-type-variable"},"aioseo_notices":[],"jetpack_sharing_enabled":true,"_links":{"self":[{"href":"https:\/\/milicia-pro.com\/index.php\/wp-json\/wp\/v2\/product\/33724","targetHints":{"allow":["GET"]}}],"collection":[{"href":"https:\/\/milicia-pro.com\/index.php\/wp-json\/wp\/v2\/product"}],"about":[{"href":"https:\/\/milicia-pro.com\/index.php\/wp-json\/wp\/v2\/types\/product"}],"replies":[{"embeddable":true,"href":"https:\/\/milicia-pro.com\/index.php\/wp-json\/wp\/v2\/comments?post=33724"}],"wp:featuredmedia":[{"embeddable":true,"href":"https:\/\/milicia-pro.com\/index.php\/wp-json\/wp\/v2\/media\/33769"}],"wp:attachment":[{"href":"https:\/\/milicia-pro.com\/index.php\/wp-json\/wp\/v2\/media?parent=33724"}],"wp:term":[{"taxonomy":"product_brand","embeddable":true,"href":"https:\/\/milicia-pro.com\/index.php\/wp-json\/wp\/v2\/product_brand?post=33724"},{"taxonomy":"product_cat","embeddable":true,"href":"https:\/\/milicia-pro.com\/index.php\/wp-json\/wp\/v2\/product_cat?post=33724"},{"taxonomy":"product_tag","embeddable":true,"href":"https:\/\/milicia-pro.com\/index.php\/wp-json\/wp\/v2\/product_tag?post=33724"}],"curies":[{"name":"wp","href":"https:\/\/api.w.org\/{rel}","templated":true}]}}