{"id":33707,"date":"2022-09-01T18:44:09","date_gmt":"2022-09-01T18:44:09","guid":{"rendered":"https:\/\/milicia-pro.com\/?post_type=product&#038;p=33707"},"modified":"2025-06-05T15:11:43","modified_gmt":"2025-06-05T15:11:43","slug":"lona-tenda-300-x-220-cm-woodland-impermeavel","status":"publish","type":"product","link":"https:\/\/milicia-pro.com\/index.php\/product\/lona-tenda-300-x-220-cm-woodland-impermeavel\/","title":{"rendered":"LONA\/TENDA &#8211; 300 x 220 cm WOODLAND-IMPERME\u00c1VEL"},"content":{"rendered":"<p>As lonas universais s\u00e3o ideias para serem usados \u200b\u200bcomo prote\u00e7\u00e3o contra chuva, raios solares, ou serem utilizados simplesmente como tapetes ou toalhas de montanha.<\/p>\n<ul>\n<li>Camada superior 100% poli\u00e9ster, revestida a polietileno<\/li>\n<li>100% poli\u00e9ster (Oxford), revestido com poliuretano<\/li>\n<li>Coluna de \u00e1gua: 600 mm<\/li>\n<li>Dimens\u00f5es: 300 x 220 cm<\/li>\n<\/ul>\n<p>&nbsp;<\/p>\n<p>&nbsp;<\/p>\n","protected":false},"excerpt":{"rendered":"<p>As lonas universais s\u00e3o ideias para serem usados \u200b\u200bcomo prote\u00e7\u00e3o contra chuva, raios solares, ou serem utilizados simplesmente como tapetes ou toalhas de montanha. Camada superior 100% poli\u00e9ster, revestida a polietileno 100% poli\u00e9ster (Oxford), revestido com poliuretano Coluna de \u00e1gua: 600 mm Dimens\u00f5es: 300 x 220 cm &nbsp; &nbsp;<\/p>\n","protected":false},"featured_media":33751,"comment_status":"open","ping_status":"closed","template":"","meta":{"_monsterinsights_skip_tracking":false,"_monsterinsights_sitenote_active":false,"_monsterinsights_sitenote_note":"","_monsterinsights_sitenote_category":0},"product_brand":[],"product_cat":[829,1068,855,1227],"product_tag":[706,731,732],"class_list":{"0":"post-33707","1":"product","2":"type-product","3":"status-publish","4":"has-post-thumbnail","6":"product_cat-marcas","7":"product_cat-outdoor","8":"product_cat-sturm-mil-tec","9":"product_cat-tenda","10":"product_tag-chuva","11":"product_tag-cobertura","12":"product_tag-toldo","14":"first","15":"outofstock","16":"shipping-taxable","17":"purchasable","18":"product-type-variable"},"aioseo_notices":[],"jetpack_sharing_enabled":true,"_links":{"self":[{"href":"https:\/\/milicia-pro.com\/index.php\/wp-json\/wp\/v2\/product\/33707","targetHints":{"allow":["GET"]}}],"collection":[{"href":"https:\/\/milicia-pro.com\/index.php\/wp-json\/wp\/v2\/product"}],"about":[{"href":"https:\/\/milicia-pro.com\/index.php\/wp-json\/wp\/v2\/types\/product"}],"replies":[{"embeddable":true,"href":"https:\/\/milicia-pro.com\/index.php\/wp-json\/wp\/v2\/comments?post=33707"}],"wp:featuredmedia":[{"embeddable":true,"href":"https:\/\/milicia-pro.com\/index.php\/wp-json\/wp\/v2\/media\/33751"}],"wp:attachment":[{"href":"https:\/\/milicia-pro.com\/index.php\/wp-json\/wp\/v2\/media?parent=33707"}],"wp:term":[{"taxonomy":"product_brand","embeddable":true,"href":"https:\/\/milicia-pro.com\/index.php\/wp-json\/wp\/v2\/product_brand?post=33707"},{"taxonomy":"product_cat","embeddable":true,"href":"https:\/\/milicia-pro.com\/index.php\/wp-json\/wp\/v2\/product_cat?post=33707"},{"taxonomy":"product_tag","embeddable":true,"href":"https:\/\/milicia-pro.com\/index.php\/wp-json\/wp\/v2\/product_tag?post=33707"}],"curies":[{"name":"wp","href":"https:\/\/api.w.org\/{rel}","templated":true}]}}