{"id":33703,"date":"2022-09-01T18:44:09","date_gmt":"2022-09-01T18:44:09","guid":{"rendered":"https:\/\/milicia-pro.com\/?post_type=product&#038;p=33703"},"modified":"2025-09-12T15:49:21","modified_gmt":"2025-09-12T15:49:21","slug":"mochila-emergencia-20-ltr-od","status":"publish","type":"product","link":"https:\/\/milicia-pro.com\/index.php\/product\/mochila-emergencia-20-ltr-od\/","title":{"rendered":"MOCHILA EMERG\u00caNCIA &#8211; 20 LTR &#8211; OD"},"content":{"rendered":"<p>Mochila dobr\u00e1vel e ultra leve em tamanho pequeno, com bolsa de transporte integrada. Repelente de \u00e1gua, superf\u00edcie de velcro e com presilhas el\u00e1sticas na frente para fixa\u00e7\u00e3o ou compress\u00e3o. as al\u00e7as s\u00e3o ajust\u00e1veis.<\/p>\n<ul>\n<li>100% poli\u00e9ster, revestido a poliuretano<\/li>\n<li>Dimens\u00f5es: aprox. 22 x 16 x 46 cm<\/li>\n<li>Tamanho da embalagem: aproximadamente 12 x 4,5 x 13 cm<\/li>\n<li>Volume: 20 litros<\/li>\n<\/ul>\n","protected":false},"excerpt":{"rendered":"<p>Mochila dobr\u00e1vel e ultra leve em tamanho pequeno, com bolsa de transporte integrada. Repelente de \u00e1gua, superf\u00edcie de velcro e com presilhas el\u00e1sticas na frente para fixa\u00e7\u00e3o ou compress\u00e3o. as al\u00e7as s\u00e3o ajust\u00e1veis. 100% poli\u00e9ster, revestido a poliuretano Dimens\u00f5es: aprox. 22 x 16 x 46 cm Tamanho da embalagem: aproximadamente 12 x 4,5 x 13 [&#8230;]\n","protected":false},"featured_media":33718,"comment_status":"open","ping_status":"closed","template":"","meta":{"_monsterinsights_skip_tracking":false,"_monsterinsights_sitenote_active":false,"_monsterinsights_sitenote_note":"","_monsterinsights_sitenote_category":0},"product_brand":[],"product_cat":[829,1467,1111,855],"product_tag":[572,730],"class_list":{"0":"post-33703","1":"product","2":"type-product","3":"status-publish","4":"has-post-thumbnail","6":"product_cat-marcas","7":"product_cat-mochilas-bolsas","8":"product_cat-saco-militar","9":"product_cat-sturm-mil-tec","10":"product_tag-caminhada","11":"product_tag-montanha","13":"first","14":"instock","15":"shipping-taxable","16":"purchasable","17":"product-type-variable"},"aioseo_notices":[],"jetpack_sharing_enabled":true,"_links":{"self":[{"href":"https:\/\/milicia-pro.com\/index.php\/wp-json\/wp\/v2\/product\/33703","targetHints":{"allow":["GET"]}}],"collection":[{"href":"https:\/\/milicia-pro.com\/index.php\/wp-json\/wp\/v2\/product"}],"about":[{"href":"https:\/\/milicia-pro.com\/index.php\/wp-json\/wp\/v2\/types\/product"}],"replies":[{"embeddable":true,"href":"https:\/\/milicia-pro.com\/index.php\/wp-json\/wp\/v2\/comments?post=33703"}],"wp:featuredmedia":[{"embeddable":true,"href":"https:\/\/milicia-pro.com\/index.php\/wp-json\/wp\/v2\/media\/33718"}],"wp:attachment":[{"href":"https:\/\/milicia-pro.com\/index.php\/wp-json\/wp\/v2\/media?parent=33703"}],"wp:term":[{"taxonomy":"product_brand","embeddable":true,"href":"https:\/\/milicia-pro.com\/index.php\/wp-json\/wp\/v2\/product_brand?post=33703"},{"taxonomy":"product_cat","embeddable":true,"href":"https:\/\/milicia-pro.com\/index.php\/wp-json\/wp\/v2\/product_cat?post=33703"},{"taxonomy":"product_tag","embeddable":true,"href":"https:\/\/milicia-pro.com\/index.php\/wp-json\/wp\/v2\/product_tag?post=33703"}],"curies":[{"name":"wp","href":"https:\/\/api.w.org\/{rel}","templated":true}]}}