{"id":33702,"date":"2022-09-01T18:44:09","date_gmt":"2022-09-01T18:44:09","guid":{"rendered":"https:\/\/milicia-pro.com\/?post_type=product&#038;p=33702"},"modified":"2025-06-05T11:13:46","modified_gmt":"2025-06-05T11:13:46","slug":"saco-militar-us-chourico-90x33cm-bk","status":"publish","type":"product","link":"https:\/\/milicia-pro.com\/index.php\/product\/saco-militar-us-chourico-90x33cm-bk\/","title":{"rendered":"SACO MILITAR US (CHOURI\u00c7O) 90X33CM -BK"},"content":{"rendered":"<p>Saco militar com 2 al\u00e7as acolchoadas, ajust\u00e1veis \u200b\u200bindividualmente, com bolso externo e al\u00e7a de transporte<\/p>\n<ul>\n<li>100% poli\u00e9ster<\/li>\n<li>Dimens\u00f5es: 100 x 50 cm<\/li>\n<li>Capacidade: aproximadamente 75 litros<\/li>\n<\/ul>\n<p>&nbsp;<\/p>\n","protected":false},"excerpt":{"rendered":"<p>Saco militar com 2 al\u00e7as acolchoadas, ajust\u00e1veis \u200b\u200bindividualmente, com bolso externo e al\u00e7a de transporte 100% poli\u00e9ster Dimens\u00f5es: 100 x 50 cm Capacidade: aproximadamente 75 litros &nbsp;<\/p>\n","protected":false},"featured_media":33717,"comment_status":"open","ping_status":"closed","template":"","meta":{"_monsterinsights_skip_tracking":false,"_monsterinsights_sitenote_active":false,"_monsterinsights_sitenote_note":"","_monsterinsights_sitenote_category":0},"product_brand":[],"product_cat":[829,1467,1111,855],"product_tag":[728,296],"class_list":{"0":"post-33702","1":"product","2":"type-product","3":"status-publish","4":"has-post-thumbnail","6":"product_cat-marcas","7":"product_cat-mochilas-bolsas","8":"product_cat-saco-militar","9":"product_cat-sturm-mil-tec","10":"product_tag-campismo","11":"product_tag-saco","13":"first","14":"instock","15":"shipping-taxable","16":"purchasable","17":"product-type-variable"},"aioseo_notices":[],"jetpack_sharing_enabled":true,"_links":{"self":[{"href":"https:\/\/milicia-pro.com\/index.php\/wp-json\/wp\/v2\/product\/33702","targetHints":{"allow":["GET"]}}],"collection":[{"href":"https:\/\/milicia-pro.com\/index.php\/wp-json\/wp\/v2\/product"}],"about":[{"href":"https:\/\/milicia-pro.com\/index.php\/wp-json\/wp\/v2\/types\/product"}],"replies":[{"embeddable":true,"href":"https:\/\/milicia-pro.com\/index.php\/wp-json\/wp\/v2\/comments?post=33702"}],"wp:featuredmedia":[{"embeddable":true,"href":"https:\/\/milicia-pro.com\/index.php\/wp-json\/wp\/v2\/media\/33717"}],"wp:attachment":[{"href":"https:\/\/milicia-pro.com\/index.php\/wp-json\/wp\/v2\/media?parent=33702"}],"wp:term":[{"taxonomy":"product_brand","embeddable":true,"href":"https:\/\/milicia-pro.com\/index.php\/wp-json\/wp\/v2\/product_brand?post=33702"},{"taxonomy":"product_cat","embeddable":true,"href":"https:\/\/milicia-pro.com\/index.php\/wp-json\/wp\/v2\/product_cat?post=33702"},{"taxonomy":"product_tag","embeddable":true,"href":"https:\/\/milicia-pro.com\/index.php\/wp-json\/wp\/v2\/product_tag?post=33702"}],"curies":[{"name":"wp","href":"https:\/\/api.w.org\/{rel}","templated":true}]}}