{"id":33701,"date":"2022-09-01T18:44:08","date_gmt":"2022-09-01T18:44:08","guid":{"rendered":"https:\/\/milicia-pro.com\/?post_type=product&#038;p=33701"},"modified":"2025-06-05T11:26:22","modified_gmt":"2025-06-05T11:26:22","slug":"saco-militar-us-chourico-90x33cm-od","status":"publish","type":"product","link":"https:\/\/milicia-pro.com\/index.php\/product\/saco-militar-us-chourico-90x33cm-od\/","title":{"rendered":"SACO MILITAR US (CHOURI\u00c7O) &#8211; 90X33CM-OD"},"content":{"rendered":"<p>Saco militar com 2 al\u00e7as acolchoadas, ajust\u00e1veis \u200b\u200bindividualmente, com bolso externo e al\u00e7a de transporte.<\/p>\n<ul>\n<li>100% poli\u00e9ster<\/li>\n<li>Dimens\u00f5es: 100 x 50 cm<\/li>\n<li>Capacidade: aproximadamente 75 litros<\/li>\n<\/ul>\n<p>&nbsp;<\/p>\n","protected":false},"excerpt":{"rendered":"<p>Saco militar com 2 al\u00e7as acolchoadas, ajust\u00e1veis \u200b\u200bindividualmente, com bolso externo e al\u00e7a de transporte. 100% poli\u00e9ster Dimens\u00f5es: 100 x 50 cm Capacidade: aproximadamente 75 litros &nbsp;<\/p>\n","protected":false},"featured_media":33716,"comment_status":"open","ping_status":"closed","template":"","meta":{"_monsterinsights_skip_tracking":false,"_monsterinsights_sitenote_active":false,"_monsterinsights_sitenote_note":"","_monsterinsights_sitenote_category":0},"product_brand":[],"product_cat":[829,1467,1111,855],"product_tag":[728,857,296],"class_list":{"0":"post-33701","1":"product","2":"type-product","3":"status-publish","4":"has-post-thumbnail","6":"product_cat-marcas","7":"product_cat-mochilas-bolsas","8":"product_cat-saco-militar","9":"product_cat-sturm-mil-tec","10":"product_tag-campismo","11":"product_tag-militar","12":"product_tag-saco","14":"first","15":"instock","16":"shipping-taxable","17":"purchasable","18":"product-type-variable"},"aioseo_notices":[],"jetpack_sharing_enabled":true,"_links":{"self":[{"href":"https:\/\/milicia-pro.com\/index.php\/wp-json\/wp\/v2\/product\/33701","targetHints":{"allow":["GET"]}}],"collection":[{"href":"https:\/\/milicia-pro.com\/index.php\/wp-json\/wp\/v2\/product"}],"about":[{"href":"https:\/\/milicia-pro.com\/index.php\/wp-json\/wp\/v2\/types\/product"}],"replies":[{"embeddable":true,"href":"https:\/\/milicia-pro.com\/index.php\/wp-json\/wp\/v2\/comments?post=33701"}],"wp:featuredmedia":[{"embeddable":true,"href":"https:\/\/milicia-pro.com\/index.php\/wp-json\/wp\/v2\/media\/33716"}],"wp:attachment":[{"href":"https:\/\/milicia-pro.com\/index.php\/wp-json\/wp\/v2\/media?parent=33701"}],"wp:term":[{"taxonomy":"product_brand","embeddable":true,"href":"https:\/\/milicia-pro.com\/index.php\/wp-json\/wp\/v2\/product_brand?post=33701"},{"taxonomy":"product_cat","embeddable":true,"href":"https:\/\/milicia-pro.com\/index.php\/wp-json\/wp\/v2\/product_cat?post=33701"},{"taxonomy":"product_tag","embeddable":true,"href":"https:\/\/milicia-pro.com\/index.php\/wp-json\/wp\/v2\/product_tag?post=33701"}],"curies":[{"name":"wp","href":"https:\/\/api.w.org\/{rel}","templated":true}]}}