{"id":33700,"date":"2022-09-01T18:44:08","date_gmt":"2022-09-01T18:44:08","guid":{"rendered":"https:\/\/milicia-pro.com\/?post_type=product&#038;p=33700"},"modified":"2025-11-20T10:51:54","modified_gmt":"2025-11-20T10:51:54","slug":"saco-militar-us-chourico-preto-100-algodao-90x33","status":"publish","type":"product","link":"https:\/\/milicia-pro.com\/index.php\/product\/saco-militar-us-chourico-preto-100-algodao-90x33\/","title":{"rendered":"SACO MILITAR US (CHOURI\u00c7O) &#8211; PRETO 100% ALGOD\u00c3O 90X33"},"content":{"rendered":"<p>100% algod\u00e3o<br \/>\nDimens\u00f5es: 100 x 50 cm<br \/>\nCapacidade: aproximadamente 75 litros<\/p>\n<p>&#8211; 2 al\u00e7as acolchoadas, ajust\u00e1veis \u200b\u200bindividualmente<br \/>\n&#8211; bolso externo<br \/>\n&#8211; al\u00e7a<\/p>\n","protected":false},"excerpt":{"rendered":"<p>100% algod\u00e3o Dimens\u00f5es: 100 x 50 cm Capacidade: aproximadamente 75 litros &#8211; 2 al\u00e7as acolchoadas, ajust\u00e1veis \u200b\u200bindividualmente &#8211; bolso externo &#8211; al\u00e7a<\/p>\n","protected":false},"featured_media":33715,"comment_status":"open","ping_status":"closed","template":"","meta":{"_monsterinsights_skip_tracking":false,"_monsterinsights_sitenote_active":false,"_monsterinsights_sitenote_note":"","_monsterinsights_sitenote_category":0},"product_brand":[],"product_cat":[829,1467,1111,855],"product_tag":[728,857,729],"class_list":{"0":"post-33700","1":"product","2":"type-product","3":"status-publish","4":"has-post-thumbnail","6":"product_cat-marcas","7":"product_cat-mochilas-bolsas","8":"product_cat-saco-militar","9":"product_cat-sturm-mil-tec","10":"product_tag-campismo","11":"product_tag-militar","12":"product_tag-saco-cama","14":"first","15":"instock","16":"shipping-taxable","17":"purchasable","18":"product-type-variable"},"aioseo_notices":[],"jetpack_sharing_enabled":true,"_links":{"self":[{"href":"https:\/\/milicia-pro.com\/index.php\/wp-json\/wp\/v2\/product\/33700","targetHints":{"allow":["GET"]}}],"collection":[{"href":"https:\/\/milicia-pro.com\/index.php\/wp-json\/wp\/v2\/product"}],"about":[{"href":"https:\/\/milicia-pro.com\/index.php\/wp-json\/wp\/v2\/types\/product"}],"replies":[{"embeddable":true,"href":"https:\/\/milicia-pro.com\/index.php\/wp-json\/wp\/v2\/comments?post=33700"}],"wp:featuredmedia":[{"embeddable":true,"href":"https:\/\/milicia-pro.com\/index.php\/wp-json\/wp\/v2\/media\/33715"}],"wp:attachment":[{"href":"https:\/\/milicia-pro.com\/index.php\/wp-json\/wp\/v2\/media?parent=33700"}],"wp:term":[{"taxonomy":"product_brand","embeddable":true,"href":"https:\/\/milicia-pro.com\/index.php\/wp-json\/wp\/v2\/product_brand?post=33700"},{"taxonomy":"product_cat","embeddable":true,"href":"https:\/\/milicia-pro.com\/index.php\/wp-json\/wp\/v2\/product_cat?post=33700"},{"taxonomy":"product_tag","embeddable":true,"href":"https:\/\/milicia-pro.com\/index.php\/wp-json\/wp\/v2\/product_tag?post=33700"}],"curies":[{"name":"wp","href":"https:\/\/api.w.org\/{rel}","templated":true}]}}