{"id":33698,"date":"2022-09-01T18:44:08","date_gmt":"2022-09-01T18:44:08","guid":{"rendered":"https:\/\/milicia-pro.com\/?post_type=product&#038;p=33698"},"modified":"2025-12-20T12:46:52","modified_gmt":"2025-12-20T12:46:52","slug":"estrela-classica-guarda-prisional","status":"publish","type":"product","link":"https:\/\/milicia-pro.com\/index.php\/product\/estrela-classica-guarda-prisional\/","title":{"rendered":"ESTRELA CL\u00c1SSICA GUARDA PRISIONAL"},"content":{"rendered":"<p>Alto Relevo<\/p>\n","protected":false},"excerpt":{"rendered":"<p>Venda Exclusiva a profissionais, Guarda Prisional, mediante identifica\u00e7\u00e3o. Pre\u00e7o PVP Sem Desconto<\/p>\n","protected":false},"featured_media":33712,"comment_status":"open","ping_status":"closed","template":"","meta":{"_monsterinsights_skip_tracking":false,"_monsterinsights_sitenote_active":false,"_monsterinsights_sitenote_note":"","_monsterinsights_sitenote_category":0},"product_brand":[],"product_cat":[1457,1455],"product_tag":[977],"class_list":{"0":"post-33698","1":"product","2":"type-product","3":"status-publish","4":"has-post-thumbnail","6":"product_cat-insignias","7":"product_cat-insignias-patch","8":"product_tag-estrela","10":"first","11":"instock","12":"shipping-taxable","13":"purchasable","14":"product-type-variable"},"aioseo_notices":[],"jetpack_sharing_enabled":true,"_links":{"self":[{"href":"https:\/\/milicia-pro.com\/index.php\/wp-json\/wp\/v2\/product\/33698","targetHints":{"allow":["GET"]}}],"collection":[{"href":"https:\/\/milicia-pro.com\/index.php\/wp-json\/wp\/v2\/product"}],"about":[{"href":"https:\/\/milicia-pro.com\/index.php\/wp-json\/wp\/v2\/types\/product"}],"replies":[{"embeddable":true,"href":"https:\/\/milicia-pro.com\/index.php\/wp-json\/wp\/v2\/comments?post=33698"}],"wp:featuredmedia":[{"embeddable":true,"href":"https:\/\/milicia-pro.com\/index.php\/wp-json\/wp\/v2\/media\/33712"}],"wp:attachment":[{"href":"https:\/\/milicia-pro.com\/index.php\/wp-json\/wp\/v2\/media?parent=33698"}],"wp:term":[{"taxonomy":"product_brand","embeddable":true,"href":"https:\/\/milicia-pro.com\/index.php\/wp-json\/wp\/v2\/product_brand?post=33698"},{"taxonomy":"product_cat","embeddable":true,"href":"https:\/\/milicia-pro.com\/index.php\/wp-json\/wp\/v2\/product_cat?post=33698"},{"taxonomy":"product_tag","embeddable":true,"href":"https:\/\/milicia-pro.com\/index.php\/wp-json\/wp\/v2\/product_tag?post=33698"}],"curies":[{"name":"wp","href":"https:\/\/api.w.org\/{rel}","templated":true}]}}