{"id":33576,"date":"2022-09-01T18:42:12","date_gmt":"2022-09-01T18:42:12","guid":{"rendered":"https:\/\/milicia-pro.com\/?post_type=product&#038;p=33576"},"modified":"2026-01-08T09:52:34","modified_gmt":"2026-01-08T09:52:34","slug":"luvas-friskmaster-supermaster-anti-corte-dynema-liner","status":"publish","type":"product","link":"https:\/\/milicia-pro.com\/index.php\/product\/luvas-friskmaster-supermaster-anti-corte-dynema-liner\/","title":{"rendered":"LUVAS FRISKMASTER SUPERMASTER ANT-CORTE DYNEMA LINER"},"content":{"rendered":"<p><span class=\"regplain\">Com o Friskmaster SB8500, voc\u00ea nem saber\u00e1 que est\u00e1 usando uma luva forrada.\u00a0<\/span><\/p>\n<p><span class=\"regplain\">Com um revestimento Dynema\u00ae &#8211; o melhor revestimento resistente a cortes dispon\u00edvel, oferece <span style=\"font-size: 14.4px\">prote\u00e7\u00e3o<\/span>\u00a0incompar\u00e1vel contra cortes para evitar ferimentos causados \u200b\u200bpor facas, l\u00e2minas de barbear e outros <span style=\"font-size: 14.4px\">objetos<\/span> pontiagudos.\u00a0<\/span><\/p>\n<p><span class=\"regplain\">O Dynema oferece o dobro da <span style=\"font-size: 14.4px\">prote\u00e7\u00e3o<\/span>\u00a0necess\u00e1ria para a classe mais alta do padr\u00e3o de teste EN 388.<\/span><\/p>\n<ul>\n<li>Constru\u00e7\u00e3o de couro premium<\/li>\n<li>O couro \u00e9 impregnado com um tratamento resistente \u00e0 \u00e1gua e ao desbotamento<\/li>\n<li>Forro Dynema\u00ae para o m\u00e1ximo em <span style=\"font-size: 14.4px\">prote\u00e7\u00e3o<\/span>\u00a0contra cortes, conforto e destreza<\/li>\n<li>Corte alongado e el\u00e1stico<\/li>\n<\/ul>\n<p>&nbsp;<\/p>\n","protected":false},"excerpt":{"rendered":"<p>Com o Friskmaster SB8500, voc\u00ea nem saber\u00e1 que est\u00e1 usando uma luva forrada.\u00a0 Com um revestimento Dynema\u00ae &#8211; o melhor revestimento resistente a cortes dispon\u00edvel, oferece prote\u00e7\u00e3o\u00a0incompar\u00e1vel contra cortes para evitar ferimentos causados \u200b\u200bpor facas, l\u00e2minas de barbear e outros objetos pontiagudos.\u00a0 O Dynema oferece o dobro da prote\u00e7\u00e3o\u00a0necess\u00e1ria para a classe mais alta do [&#8230;]\n","protected":false},"featured_media":33582,"comment_status":"open","ping_status":"closed","template":"","meta":{"_monsterinsights_skip_tracking":false,"_monsterinsights_sitenote_active":false,"_monsterinsights_sitenote_note":"","_monsterinsights_sitenote_category":0},"product_brand":[1512],"product_cat":[1064,965,1088,829],"product_tag":[846],"class_list":{"0":"post-33576","1":"product","2":"type-product","3":"status-publish","4":"has-post-thumbnail","6":"product_brand-hatch","7":"product_cat-equipamentotatico","8":"product_cat-hatch","9":"product_cat-luvas","10":"product_cat-marcas","11":"product_tag-luvas","13":"first","14":"instock","15":"shipping-taxable","16":"purchasable","17":"product-type-variable"},"aioseo_notices":[],"jetpack_sharing_enabled":true,"_links":{"self":[{"href":"https:\/\/milicia-pro.com\/index.php\/wp-json\/wp\/v2\/product\/33576","targetHints":{"allow":["GET"]}}],"collection":[{"href":"https:\/\/milicia-pro.com\/index.php\/wp-json\/wp\/v2\/product"}],"about":[{"href":"https:\/\/milicia-pro.com\/index.php\/wp-json\/wp\/v2\/types\/product"}],"replies":[{"embeddable":true,"href":"https:\/\/milicia-pro.com\/index.php\/wp-json\/wp\/v2\/comments?post=33576"}],"wp:featuredmedia":[{"embeddable":true,"href":"https:\/\/milicia-pro.com\/index.php\/wp-json\/wp\/v2\/media\/33582"}],"wp:attachment":[{"href":"https:\/\/milicia-pro.com\/index.php\/wp-json\/wp\/v2\/media?parent=33576"}],"wp:term":[{"taxonomy":"product_brand","embeddable":true,"href":"https:\/\/milicia-pro.com\/index.php\/wp-json\/wp\/v2\/product_brand?post=33576"},{"taxonomy":"product_cat","embeddable":true,"href":"https:\/\/milicia-pro.com\/index.php\/wp-json\/wp\/v2\/product_cat?post=33576"},{"taxonomy":"product_tag","embeddable":true,"href":"https:\/\/milicia-pro.com\/index.php\/wp-json\/wp\/v2\/product_tag?post=33576"}],"curies":[{"name":"wp","href":"https:\/\/api.w.org\/{rel}","templated":true}]}}