{"id":33442,"date":"2022-09-01T18:40:18","date_gmt":"2022-09-01T18:40:18","guid":{"rendered":"https:\/\/milicia-pro.com\/?post_type=product&#038;p=33442"},"modified":"2025-12-05T16:30:50","modified_gmt":"2025-12-05T16:30:50","slug":"polo-performance-manga-comprida","status":"publish","type":"product","link":"https:\/\/milicia-pro.com\/index.php\/product\/polo-performance-manga-comprida\/","title":{"rendered":"POLO PERFORMANCE MANGA COMPRIDA"},"content":{"rendered":"<p>Este polo t\u00e1tico vers\u00e1til, para profissionais da First Tactical, foi projetado com um ajuste, um tecido e recursos superiores, mantendo uma \u00f3tima apar\u00eancia. A malha \u00e9 100% poli\u00e9ster, extremamente resistente ao desgaste, suave e naturalmente absorvente da transpira\u00e7\u00e3o, com um acabamento antimicrobiano que lhe dar\u00e1 sempre uma apar\u00eancia profissional e fresca. Apresenta uma malha na gola e punhos com costuras e tamanho perfeito, que n\u00e3o perdem a sua forma ao longo do tempo. No ombro do bra\u00e7o direito podemos verificar um bolso pr\u00f3prio para acondicionar canetas.<\/p>\n<p><iframe loading=\"lazy\" title=\"First Tactical&#039;s Performance Short Sleeve Polo\" width=\"1020\" height=\"574\" src=\"https:\/\/www.youtube.com\/embed\/HvU8iu51ll8?feature=oembed\" frameborder=\"0\" allow=\"accelerometer; autoplay; clipboard-write; encrypted-media; gyroscope; picture-in-picture; web-share\" referrerpolicy=\"strict-origin-when-cross-origin\" allowfullscreen><\/iframe><\/p>\n","protected":false},"excerpt":{"rendered":"<p>Este polo t\u00e1tico vers\u00e1til, para profissionais da First Tactical, foi projetado com um ajuste, um tecido e recursos superiores, mantendo uma \u00f3tima apar\u00eancia. A malha \u00e9 100% poli\u00e9ster, extremamente resistente ao desgaste, suave e naturalmente absorvente da transpira\u00e7\u00e3o, com um acabamento antimicrobiano que lhe dar\u00e1 sempre uma apar\u00eancia profissional e fresca. Apresenta uma malha na [&#8230;]\n","protected":false},"featured_media":33463,"comment_status":"open","ping_status":"closed","template":"","meta":{"_monsterinsights_skip_tracking":false,"_monsterinsights_sitenote_active":false,"_monsterinsights_sitenote_note":"","_monsterinsights_sitenote_category":0},"product_brand":[1509],"product_cat":[830,829,1077,1063],"product_tag":[528,529,530],"class_list":{"0":"post-33442","1":"product","2":"type-product","3":"status-publish","4":"has-post-thumbnail","6":"product_brand-first-tactical","7":"product_cat-firsttactical","8":"product_cat-marcas","9":"product_cat-polo","10":"product_cat-vestuario","11":"product_tag-manga-comprida","12":"product_tag-operacional","13":"product_tag-polo","15":"first","16":"instock","17":"shipping-taxable","18":"purchasable","19":"product-type-variable"},"aioseo_notices":[],"jetpack_sharing_enabled":true,"_links":{"self":[{"href":"https:\/\/milicia-pro.com\/index.php\/wp-json\/wp\/v2\/product\/33442","targetHints":{"allow":["GET"]}}],"collection":[{"href":"https:\/\/milicia-pro.com\/index.php\/wp-json\/wp\/v2\/product"}],"about":[{"href":"https:\/\/milicia-pro.com\/index.php\/wp-json\/wp\/v2\/types\/product"}],"replies":[{"embeddable":true,"href":"https:\/\/milicia-pro.com\/index.php\/wp-json\/wp\/v2\/comments?post=33442"}],"wp:featuredmedia":[{"embeddable":true,"href":"https:\/\/milicia-pro.com\/index.php\/wp-json\/wp\/v2\/media\/33463"}],"wp:attachment":[{"href":"https:\/\/milicia-pro.com\/index.php\/wp-json\/wp\/v2\/media?parent=33442"}],"wp:term":[{"taxonomy":"product_brand","embeddable":true,"href":"https:\/\/milicia-pro.com\/index.php\/wp-json\/wp\/v2\/product_brand?post=33442"},{"taxonomy":"product_cat","embeddable":true,"href":"https:\/\/milicia-pro.com\/index.php\/wp-json\/wp\/v2\/product_cat?post=33442"},{"taxonomy":"product_tag","embeddable":true,"href":"https:\/\/milicia-pro.com\/index.php\/wp-json\/wp\/v2\/product_tag?post=33442"}],"curies":[{"name":"wp","href":"https:\/\/api.w.org\/{rel}","templated":true}]}}