{"id":33340,"date":"2022-09-01T18:38:31","date_gmt":"2022-09-01T18:38:31","guid":{"rendered":"https:\/\/milicia-pro.com\/?post_type=product&#038;p=33340"},"modified":"2025-07-23T16:27:52","modified_gmt":"2025-07-23T16:27:52","slug":"camisa-bdu-v2-manga-comprida-senhora","status":"publish","type":"product","link":"https:\/\/milicia-pro.com\/index.php\/product\/camisa-bdu-v2-manga-comprida-senhora\/","title":{"rendered":"CAMISA BDU V2 MANGA COMPRIDA SENHORA"},"content":{"rendered":"<p>A camisa BDU V2 de manga comprida para senhora, homenageia o tradicional uniforme Mil-Spec, mas apresenta o conforto e flexibilidade avan\u00e7ados que s\u00e3o a pedra angular da linha V2. O tecido ARMS, a tecnologia Double Dye e o Advance Fit da First Tactical combinam-se de modo a criar um uniforme pronto para miss\u00f5es de alto desempenho.<\/p>\n<p>ESPECIFICA\u00c7\u00d5ES:<\/p>\n<ul>\n<li>Tecido ARMS, fabricado com estiramento mec\u00e2nico bidirecional<\/li>\n<li>65% poli\u00e9ster\/ 35% algod\u00e3o<\/li>\n<li>Tecido duplo, tingido<\/li>\n<li>Micro ripstop<\/li>\n<li>Teflon Shield + acabamento repelente a manchas<\/li>\n<li>Fechos YKK<\/li>\n<\/ul>\n<p><img loading=\"lazy\" decoding=\"async\" class=\"size-medium wp-image-19288 alignleft\" src=\"https:\/\/miliciapro.com\/wp-content\/uploads\/2020\/05\/UNADJUSTEDNONRAW_thumb_a6-267x400.jpg\" alt=\"\" width=\"267\" height=\"400\" \/><\/p>\n<p>&nbsp;<\/p>\n<p>&nbsp;<\/p>\n<p>PARA MULHERS OPERACIONAIS<\/p>\n<p>Esta camisa Tactical Advance Women, \u00e9 completamente projetada para um tronco feminino. Curvada e c\u00f4nica exatamente onde \u00e9 necess\u00e1rio, com ombros mais estreitos, na zona do peito \u00e9 mais espa\u00e7osa e as mangas mais finas. No entanto, devido \u00e0 sua elasticidade \u00e9 integralmente funcional e confort\u00e1vel para um elemento feminino, operacional.<\/p>\n<p>&nbsp;<\/p>\n<p>&nbsp;<\/p>\n<p>&nbsp;<\/p>\n<p>&nbsp;<\/p>\n<p>&nbsp;<\/p>\n<p>&nbsp;<\/p>\n<p><img loading=\"lazy\" decoding=\"async\" class=\"size-medium wp-image-19289 alignnone\" src=\"https:\/\/miliciapro.com\/wp-content\/uploads\/2020\/05\/UNADJUSTEDNONRAW_thumb_3a-600x400.jpg\" alt=\"\" width=\"600\" height=\"400\" \/><\/p>\n","protected":false},"excerpt":{"rendered":"<p>A camisa BDU V2 de manga comprida para senhora, homenageia o tradicional uniforme Mil-Spec, mas apresenta o conforto e flexibilidade avan\u00e7ados que s\u00e3o a pedra angular da linha V2. O tecido ARMS, a tecnologia Double Dye e o Advance Fit da First Tactical combinam-se de modo a criar um uniforme pronto para miss\u00f5es de alto [&#8230;]\n","protected":false},"featured_media":33384,"comment_status":"open","ping_status":"closed","template":"","meta":{"_monsterinsights_skip_tracking":false,"_monsterinsights_sitenote_active":false,"_monsterinsights_sitenote_note":"","_monsterinsights_sitenote_category":0},"product_brand":[],"product_cat":[1081,830,829,1063],"product_tag":[93,528,529,301],"class_list":{"0":"post-33340","1":"product","2":"type-product","3":"status-publish","4":"has-post-thumbnail","6":"product_cat-camisa","7":"product_cat-firsttactical","8":"product_cat-marcas","9":"product_cat-vestuario","10":"product_tag-camisa","11":"product_tag-manga-comprida","12":"product_tag-operacional","13":"product_tag-senhora","15":"first","16":"instock","17":"shipping-taxable","18":"purchasable","19":"product-type-variable"},"aioseo_notices":[],"jetpack_sharing_enabled":true,"_links":{"self":[{"href":"https:\/\/milicia-pro.com\/index.php\/wp-json\/wp\/v2\/product\/33340","targetHints":{"allow":["GET"]}}],"collection":[{"href":"https:\/\/milicia-pro.com\/index.php\/wp-json\/wp\/v2\/product"}],"about":[{"href":"https:\/\/milicia-pro.com\/index.php\/wp-json\/wp\/v2\/types\/product"}],"replies":[{"embeddable":true,"href":"https:\/\/milicia-pro.com\/index.php\/wp-json\/wp\/v2\/comments?post=33340"}],"wp:featuredmedia":[{"embeddable":true,"href":"https:\/\/milicia-pro.com\/index.php\/wp-json\/wp\/v2\/media\/33384"}],"wp:attachment":[{"href":"https:\/\/milicia-pro.com\/index.php\/wp-json\/wp\/v2\/media?parent=33340"}],"wp:term":[{"taxonomy":"product_brand","embeddable":true,"href":"https:\/\/milicia-pro.com\/index.php\/wp-json\/wp\/v2\/product_brand?post=33340"},{"taxonomy":"product_cat","embeddable":true,"href":"https:\/\/milicia-pro.com\/index.php\/wp-json\/wp\/v2\/product_cat?post=33340"},{"taxonomy":"product_tag","embeddable":true,"href":"https:\/\/milicia-pro.com\/index.php\/wp-json\/wp\/v2\/product_tag?post=33340"}],"curies":[{"name":"wp","href":"https:\/\/api.w.org\/{rel}","templated":true}]}}