{"id":33169,"date":"2022-09-01T18:33:25","date_gmt":"2022-09-01T18:33:25","guid":{"rendered":"https:\/\/milicia-pro.com\/?post_type=product&#038;p=33169"},"modified":"2025-07-23T16:34:55","modified_gmt":"2025-07-23T16:34:55","slug":"camisa-v2-tactical-manga-curta-mulher","status":"publish","type":"product","link":"https:\/\/milicia-pro.com\/index.php\/product\/camisa-v2-tactical-manga-curta-mulher\/","title":{"rendered":"CAMISA V2 TACTICAL MANGA CURTA MULHER"},"content":{"rendered":"<p><img loading=\"lazy\" decoding=\"async\" class=\"alignnone wp-image-24960\" src=\"https:\/\/miliciapro.com\/wp-content\/uploads\/2020\/05\/122007-000.png\" alt=\"\" width=\"462\" height=\"346\" \/><\/p>\n<p>A Camisa V2 Feminina representa anos de pesquisa, desenvolvimento e informa\u00e7\u00f5es dos utilizadores para fornecer a melhor camisa da categoria, orientada para o desempenho, para lidar com qualquer situa\u00e7\u00e3o. Bolsos embutidos com abas refor\u00e7adas proporcionam uma apar\u00eancia elegante, limpa e profissional A constru\u00e7\u00e3o refor\u00e7ada sob o bra\u00e7o oferece m\u00e1xima flexibilidade. Em primeiro, o tecido \u00e9 tingido no est\u00e1gio da fibra para garantir que a cor fique enraizada no in\u00edcio do processo. Em segundo lugar, \u00e9 tingido ap\u00f3s as fibras terem sido tecidas em tecido para prote\u00e7\u00e3o de cor estendida at\u00e9 50 lavagens.<\/p>\n<p>&nbsp;<\/p>\n","protected":false},"excerpt":{"rendered":"<p>A Camisa V2 Feminina representa anos de pesquisa, desenvolvimento e informa\u00e7\u00f5es dos utilizadores para fornecer a melhor camisa da categoria, orientada para o desempenho, para lidar com qualquer situa\u00e7\u00e3o. Bolsos embutidos com abas refor\u00e7adas proporcionam uma apar\u00eancia elegante, limpa e profissional A constru\u00e7\u00e3o refor\u00e7ada sob o bra\u00e7o oferece m\u00e1xima flexibilidade. Em primeiro, o tecido \u00e9 [&#8230;]\n","protected":false},"featured_media":33185,"comment_status":"open","ping_status":"closed","template":"","meta":{"_monsterinsights_skip_tracking":false,"_monsterinsights_sitenote_active":false,"_monsterinsights_sitenote_note":"","_monsterinsights_sitenote_category":0},"product_brand":[],"product_cat":[1081,830,829,1063],"product_tag":[93,301,322],"class_list":{"0":"post-33169","1":"product","2":"type-product","3":"status-publish","4":"has-post-thumbnail","6":"product_cat-camisa","7":"product_cat-firsttactical","8":"product_cat-marcas","9":"product_cat-vestuario","10":"product_tag-camisa","11":"product_tag-senhora","12":"product_tag-tactica","14":"first","15":"instock","16":"shipping-taxable","17":"purchasable","18":"product-type-variable"},"aioseo_notices":[],"jetpack_sharing_enabled":true,"_links":{"self":[{"href":"https:\/\/milicia-pro.com\/index.php\/wp-json\/wp\/v2\/product\/33169","targetHints":{"allow":["GET"]}}],"collection":[{"href":"https:\/\/milicia-pro.com\/index.php\/wp-json\/wp\/v2\/product"}],"about":[{"href":"https:\/\/milicia-pro.com\/index.php\/wp-json\/wp\/v2\/types\/product"}],"replies":[{"embeddable":true,"href":"https:\/\/milicia-pro.com\/index.php\/wp-json\/wp\/v2\/comments?post=33169"}],"wp:featuredmedia":[{"embeddable":true,"href":"https:\/\/milicia-pro.com\/index.php\/wp-json\/wp\/v2\/media\/33185"}],"wp:attachment":[{"href":"https:\/\/milicia-pro.com\/index.php\/wp-json\/wp\/v2\/media?parent=33169"}],"wp:term":[{"taxonomy":"product_brand","embeddable":true,"href":"https:\/\/milicia-pro.com\/index.php\/wp-json\/wp\/v2\/product_brand?post=33169"},{"taxonomy":"product_cat","embeddable":true,"href":"https:\/\/milicia-pro.com\/index.php\/wp-json\/wp\/v2\/product_cat?post=33169"},{"taxonomy":"product_tag","embeddable":true,"href":"https:\/\/milicia-pro.com\/index.php\/wp-json\/wp\/v2\/product_tag?post=33169"}],"curies":[{"name":"wp","href":"https:\/\/api.w.org\/{rel}","templated":true}]}}