{"id":32928,"date":"2022-09-01T17:39:59","date_gmt":"2022-09-01T17:39:59","guid":{"rendered":"https:\/\/milicia-pro.com\/?post_type=product&#038;p=32928"},"modified":"2025-07-24T12:37:41","modified_gmt":"2025-07-24T12:37:41","slug":"polo-v2-pro-performance-mulher-manga-curta","status":"publish","type":"product","link":"https:\/\/milicia-pro.com\/index.php\/product\/polo-v2-pro-performance-mulher-manga-curta\/","title":{"rendered":"POLO V2 PRO PERFORMANCE MULHER &#8211; MANGA CURTA"},"content":{"rendered":"<p><strong>DETALHES DO PRODUTO<\/strong><\/p>\n<p>O polo V2 Pro Performance de manga curta para mulher, tem um design h\u00edbrido desenvolvido com a participa\u00e7\u00e3o dos agentes profissionais.<\/p>\n<p>O resultado \u00e9 um novo tecido mais leve dando maior facilidade de movimentos.<\/p>\n<p><strong>ESPECIFICA\u00c7\u00d5ES<\/strong><\/p>\n<p>65% Poli\u00e9ster \/ 35% Algod\u00e3o, 3,9 oz de ripstop duplo<\/p>\n<p>Acabamento Teflon\u00ae<\/p>\n<p>Jersey 100% poli\u00e9ster, com acabamento anti-odor<\/p>\n<p>Design de Mulher<\/p>\n<p>Costuras refor\u00e7adas nas mangas e nos pontos de maior press\u00e3o<\/p>\n<p>O seu design e tecido oferecem uma maior liberdade de movimentos.<\/p>\n<p>Punho com bot\u00f5es de melamina dur\u00e1veis.<\/p>\n<p>Colarinhos vincados, o que d\u00e1 uma apar\u00eancia de camisa.<\/p>\n","protected":false},"excerpt":{"rendered":"<p>DETALHES DO PRODUTO O polo V2 Pro Performance de manga curta para mulher, tem um design h\u00edbrido desenvolvido com a participa\u00e7\u00e3o dos agentes profissionais. O resultado \u00e9 um novo tecido mais leve dando maior facilidade de movimentos. ESPECIFICA\u00c7\u00d5ES 65% Poli\u00e9ster \/ 35% Algod\u00e3o, 3,9 oz de ripstop duplo Acabamento Teflon\u00ae Jersey 100% poli\u00e9ster, com acabamento [&#8230;]\n","protected":false},"featured_media":32949,"comment_status":"open","ping_status":"closed","template":"","meta":{"_monsterinsights_skip_tracking":false,"_monsterinsights_sitenote_active":false,"_monsterinsights_sitenote_note":"","_monsterinsights_sitenote_category":0},"product_brand":[],"product_cat":[830,829,1077,1063],"product_tag":[726,220,530],"class_list":{"0":"post-32928","1":"product","2":"type-product","3":"status-publish","4":"has-post-thumbnail","6":"product_cat-firsttactical","7":"product_cat-marcas","8":"product_cat-polo","9":"product_cat-vestuario","10":"product_tag-manga-curta","11":"product_tag-mulher","12":"product_tag-polo","14":"first","15":"instock","16":"shipping-taxable","17":"purchasable","18":"product-type-variable"},"aioseo_notices":[],"jetpack_sharing_enabled":true,"_links":{"self":[{"href":"https:\/\/milicia-pro.com\/index.php\/wp-json\/wp\/v2\/product\/32928","targetHints":{"allow":["GET"]}}],"collection":[{"href":"https:\/\/milicia-pro.com\/index.php\/wp-json\/wp\/v2\/product"}],"about":[{"href":"https:\/\/milicia-pro.com\/index.php\/wp-json\/wp\/v2\/types\/product"}],"replies":[{"embeddable":true,"href":"https:\/\/milicia-pro.com\/index.php\/wp-json\/wp\/v2\/comments?post=32928"}],"wp:featuredmedia":[{"embeddable":true,"href":"https:\/\/milicia-pro.com\/index.php\/wp-json\/wp\/v2\/media\/32949"}],"wp:attachment":[{"href":"https:\/\/milicia-pro.com\/index.php\/wp-json\/wp\/v2\/media?parent=32928"}],"wp:term":[{"taxonomy":"product_brand","embeddable":true,"href":"https:\/\/milicia-pro.com\/index.php\/wp-json\/wp\/v2\/product_brand?post=32928"},{"taxonomy":"product_cat","embeddable":true,"href":"https:\/\/milicia-pro.com\/index.php\/wp-json\/wp\/v2\/product_cat?post=32928"},{"taxonomy":"product_tag","embeddable":true,"href":"https:\/\/milicia-pro.com\/index.php\/wp-json\/wp\/v2\/product_tag?post=32928"}],"curies":[{"name":"wp","href":"https:\/\/api.w.org\/{rel}","templated":true}]}}