{"id":32842,"date":"2022-09-01T17:38:49","date_gmt":"2022-09-01T17:38:49","guid":{"rendered":"https:\/\/milicia-pro.com\/?post_type=product&#038;p=32842"},"modified":"2025-04-16T12:44:54","modified_gmt":"2025-04-16T12:44:54","slug":"coldre-couro-plain-dextro-p-glock-171923","status":"publish","type":"product","link":"https:\/\/milicia-pro.com\/index.php\/product\/coldre-couro-plain-dextro-p-glock-171923\/","title":{"rendered":"COLDRE COURO PLAIN DEXTRO P\/GLOCK 17,19,23&#8230;"},"content":{"rendered":"<p><img decoding=\"async\" src=\"https:\/\/miliciapro.com\/admin\/includes\/spaw\/empty\/empty.html?0.71616600%201409050441\" alt=\"\" width=\"\" height=\"\" align=\"\" border=\"0\" hspace=\"-1\" \/>Este coldre dissimulado \u00e9 compacto, leve, confort\u00e1vel e pequeno para o agente transportar a arma discretamente.<\/p>\n<p>Em Safari Laminate\u2122.<\/p>\n<p>Acabamento em Fine-Tac com aspecto de couro, mas muito mais resistente.<\/p>\n<p>Como \u00e9 muito discreto \u00e9 muito popular para servi\u00e7os \u00e0 paisana e ap\u00f3s o servi\u00e7o.<\/p>\n<p>Adapt\u00e1vel a cintos at\u00e9 45mm de largura.<\/p>\n","protected":false},"excerpt":{"rendered":"<p>Este coldre dissimulado \u00e9 compacto, leve, confort\u00e1vel e pequeno para o agente transportar a arma discretamente. Em Safari Laminate\u2122. Acabamento em Fine-Tac com aspecto de couro, mas muito mais resistente. Como \u00e9 muito discreto \u00e9 muito popular para servi\u00e7os \u00e0 paisana e ap\u00f3s o servi\u00e7o. Adapt\u00e1vel a cintos at\u00e9 45mm de largura.<\/p>\n","protected":false},"featured_media":32860,"comment_status":"open","ping_status":"closed","template":"","meta":{"_monsterinsights_skip_tracking":false,"_monsterinsights_sitenote_active":false,"_monsterinsights_sitenote_note":"","_monsterinsights_sitenote_category":0},"product_brand":[],"product_cat":[1085,1064,829,1151],"product_tag":[607,608],"class_list":{"0":"post-32842","1":"product","2":"type-product","3":"status-publish","4":"has-post-thumbnail","6":"product_cat-coldre","7":"product_cat-equipamentotatico","8":"product_cat-marcas","9":"product_cat-safariland","10":"product_tag-coldre","11":"product_tag-glock","13":"first","14":"instock","15":"shipping-taxable","16":"purchasable","17":"product-type-variable"},"aioseo_notices":[],"jetpack_sharing_enabled":true,"_links":{"self":[{"href":"https:\/\/milicia-pro.com\/index.php\/wp-json\/wp\/v2\/product\/32842","targetHints":{"allow":["GET"]}}],"collection":[{"href":"https:\/\/milicia-pro.com\/index.php\/wp-json\/wp\/v2\/product"}],"about":[{"href":"https:\/\/milicia-pro.com\/index.php\/wp-json\/wp\/v2\/types\/product"}],"replies":[{"embeddable":true,"href":"https:\/\/milicia-pro.com\/index.php\/wp-json\/wp\/v2\/comments?post=32842"}],"wp:featuredmedia":[{"embeddable":true,"href":"https:\/\/milicia-pro.com\/index.php\/wp-json\/wp\/v2\/media\/32860"}],"wp:attachment":[{"href":"https:\/\/milicia-pro.com\/index.php\/wp-json\/wp\/v2\/media?parent=32842"}],"wp:term":[{"taxonomy":"product_brand","embeddable":true,"href":"https:\/\/milicia-pro.com\/index.php\/wp-json\/wp\/v2\/product_brand?post=32842"},{"taxonomy":"product_cat","embeddable":true,"href":"https:\/\/milicia-pro.com\/index.php\/wp-json\/wp\/v2\/product_cat?post=32842"},{"taxonomy":"product_tag","embeddable":true,"href":"https:\/\/milicia-pro.com\/index.php\/wp-json\/wp\/v2\/product_tag?post=32842"}],"curies":[{"name":"wp","href":"https:\/\/api.w.org\/{rel}","templated":true}]}}