{"id":32819,"date":"2022-09-01T17:38:24","date_gmt":"2022-09-01T17:38:24","guid":{"rendered":"https:\/\/milicia-pro.com\/?post_type=product&#038;p=32819"},"modified":"2025-12-02T10:55:33","modified_gmt":"2025-12-02T10:55:33","slug":"polo-performance-de-manga-comprida-mulher","status":"publish","type":"product","link":"https:\/\/milicia-pro.com\/index.php\/product\/polo-performance-de-manga-comprida-mulher\/","title":{"rendered":"POLO PERFORMANCE DE MANGA COMPRIDA MULHER"},"content":{"rendered":"<p>Este \u00e9 o primeiro polo de poli\u00e9ster t\u00e1tico que o acompanhar\u00e1 em todos os desafios.<\/p>\n<p>A sua malha em poli\u00e9ster \u00e9 leve e resistente ao desbotamento e um refor\u00e7o lateral que lhe dar\u00e1 o m\u00e1ximo de movimento.<\/p>\n<p>Este polo oferece um ajuste t\u00e1tico adequado para o trabalho. O design \u00e9 naturalmente c\u00f4nico, eliminando um perfil folgado ou quadrado- tudo sem limitar os movimentos. Liberdade de permanecer ativo sem comprometer a apar\u00eancia profissional.<\/p>\n<p>O painel de malha integrado \u00e9 colocado na parte de tr\u00e1s da gola, proporcionando ventila\u00e7\u00e3o para manter confort\u00e1vel enquanto em movimento.<\/p>\n<p>O design sem lista no colarinho integra esteiras de pl\u00e1stico finas e flex\u00edveis que proporcionam uma sempre apar\u00eancia como se estivesse novo e prensado.<\/p>\n<p>ESPECIFICA\u00c7\u00d5ES<\/p>\n<p>&#8211; 100% poli\u00e9ster, resistente ao desbotamento e encolhimento<\/p>\n<p>&#8211; Bot\u00f5es de melamina de for\u00e7a industrial.<\/p>\n<p><iframe loading=\"lazy\" title=\"First Tactical&#039;s Performance Short Sleeve Polo\" width=\"1020\" height=\"574\" src=\"https:\/\/www.youtube.com\/embed\/HvU8iu51ll8?feature=oembed\" frameborder=\"0\" allow=\"accelerometer; autoplay; clipboard-write; encrypted-media; gyroscope; picture-in-picture; web-share\" referrerpolicy=\"strict-origin-when-cross-origin\" allowfullscreen><\/iframe><\/p>\n<p><img loading=\"lazy\" decoding=\"async\" class=\"size-full wp-image-18408 alignleft\" src=\"https:\/\/miliciapro.com\/wp-content\/uploads\/2020\/04\/122509-10.png\" alt=\"\" width=\"207\" height=\"145\" \/><\/p>\n<p><strong>FEITO PARA UMA SENHORA<\/strong><\/p>\n<p>Projetado para o tronco de uma senhora, com os ombros mais estreitos, o peito mais espa\u00e7oso e mangas mais finas, mesmo assim mant\u00e9m a liberdade dos movimentos e confort\u00e1vel no dia a dia de uma operacional.<\/p>\n<p>&nbsp;<\/p>\n<p>&nbsp;<\/p>\n<p><img loading=\"lazy\" decoding=\"async\" class=\"size-full wp-image-18409 alignleft\" src=\"https:\/\/miliciapro.com\/wp-content\/uploads\/2020\/04\/122509-11.png\" alt=\"\" width=\"203\" height=\"145\" \/><\/p>\n<p><strong>BOLSO PARA CANETA<\/strong><\/p>\n<p>Este polo t\u00e1tico apresenta o inovador bolso para caneta que para al\u00e9m de ser funcional pode aplicar um bordado personalizado.<\/p>\n<p>&nbsp;<\/p>\n","protected":false},"excerpt":{"rendered":"<p>Este \u00e9 o primeiro polo de poli\u00e9ster t\u00e1tico que o acompanhar\u00e1 em todos os desafios. A sua malha em poli\u00e9ster \u00e9 leve e resistente ao desbotamento e um refor\u00e7o lateral que lhe dar\u00e1 o m\u00e1ximo de movimento. Este polo oferece um ajuste t\u00e1tico adequado para o trabalho. O design \u00e9 naturalmente c\u00f4nico, eliminando um perfil [&#8230;]\n","protected":false},"featured_media":32831,"comment_status":"open","ping_status":"closed","template":"","meta":{"_monsterinsights_skip_tracking":false,"_monsterinsights_sitenote_active":false,"_monsterinsights_sitenote_note":"","_monsterinsights_sitenote_category":0},"product_brand":[],"product_cat":[830,829,1077,1063],"product_tag":[528,530,301],"class_list":{"0":"post-32819","1":"product","2":"type-product","3":"status-publish","4":"has-post-thumbnail","6":"product_cat-firsttactical","7":"product_cat-marcas","8":"product_cat-polo","9":"product_cat-vestuario","10":"product_tag-manga-comprida","11":"product_tag-polo","12":"product_tag-senhora","14":"first","15":"instock","16":"shipping-taxable","17":"purchasable","18":"product-type-variable"},"aioseo_notices":[],"jetpack_sharing_enabled":true,"_links":{"self":[{"href":"https:\/\/milicia-pro.com\/index.php\/wp-json\/wp\/v2\/product\/32819","targetHints":{"allow":["GET"]}}],"collection":[{"href":"https:\/\/milicia-pro.com\/index.php\/wp-json\/wp\/v2\/product"}],"about":[{"href":"https:\/\/milicia-pro.com\/index.php\/wp-json\/wp\/v2\/types\/product"}],"replies":[{"embeddable":true,"href":"https:\/\/milicia-pro.com\/index.php\/wp-json\/wp\/v2\/comments?post=32819"}],"wp:featuredmedia":[{"embeddable":true,"href":"https:\/\/milicia-pro.com\/index.php\/wp-json\/wp\/v2\/media\/32831"}],"wp:attachment":[{"href":"https:\/\/milicia-pro.com\/index.php\/wp-json\/wp\/v2\/media?parent=32819"}],"wp:term":[{"taxonomy":"product_brand","embeddable":true,"href":"https:\/\/milicia-pro.com\/index.php\/wp-json\/wp\/v2\/product_brand?post=32819"},{"taxonomy":"product_cat","embeddable":true,"href":"https:\/\/milicia-pro.com\/index.php\/wp-json\/wp\/v2\/product_cat?post=32819"},{"taxonomy":"product_tag","embeddable":true,"href":"https:\/\/milicia-pro.com\/index.php\/wp-json\/wp\/v2\/product_tag?post=32819"}],"curies":[{"name":"wp","href":"https:\/\/api.w.org\/{rel}","templated":true}]}}