{"id":32767,"date":"2022-09-01T17:37:58","date_gmt":"2022-09-01T17:37:58","guid":{"rendered":"https:\/\/milicia-pro.com\/?post_type=product&#038;p=32767"},"modified":"2025-07-24T15:45:44","modified_gmt":"2025-07-24T15:45:44","slug":"polo-performance-de-manga-curta-mulher","status":"publish","type":"product","link":"https:\/\/milicia-pro.com\/index.php\/product\/polo-performance-de-manga-curta-mulher\/","title":{"rendered":"POLO PERFORMANCE DE MANGA CURTA &#8211; MULHER"},"content":{"rendered":"<p>Este polo \u00e9 para profissionais femininos, vers\u00e1til, de manga curta, com um ajuste especializado.<\/p>\n<p>ESPECIFICA\u00c7\u00d5ES: 100% poli\u00e9ster; resistente ao desgaste, ao encolhimento e ao enrugamento; tecido absorvente com acabamento antimicrobiano; bot\u00f5es de melamina de for\u00e7a industrial.<\/p>\n<p><iframe loading=\"lazy\" title=\"First Tactical&#039;s Performance Short Sleeve Polo\" width=\"1020\" height=\"574\" src=\"https:\/\/www.youtube.com\/embed\/HvU8iu51ll8?feature=oembed\" frameborder=\"0\" allow=\"accelerometer; autoplay; clipboard-write; encrypted-media; gyroscope; picture-in-picture; web-share\" referrerpolicy=\"strict-origin-when-cross-origin\" allowfullscreen><\/iframe><\/p>\n<p><img loading=\"lazy\" decoding=\"async\" class=\"alignnone size-medium wp-image-18468\" src=\"https:\/\/miliciapro.com\/wp-content\/uploads\/2020\/04\/UNADJUSTEDNONRAW_thumb_9d-600x400.jpg\" alt=\"\" width=\"600\" height=\"400\" \/> <img loading=\"lazy\" decoding=\"async\" class=\"alignnone size-medium wp-image-18469\" src=\"https:\/\/miliciapro.com\/wp-content\/uploads\/2020\/04\/UNADJUSTEDNONRAW_thumb_b8-600x400.jpg\" alt=\"\" width=\"600\" height=\"400\" \/><\/p>\n<p><img loading=\"lazy\" decoding=\"async\" class=\"size-full wp-image-18408 alignleft\" src=\"https:\/\/miliciapro.com\/wp-content\/uploads\/2020\/04\/122509-10.png\" alt=\"\" width=\"207\" height=\"145\" \/><\/p>\n<p><strong>FEITO PARA AS MULHERES<\/strong><\/p>\n<p>Projectado para o tronco de uma senhora, com os ombros mais estreitos, o peito mais espa\u00e7oso e mangas mais finas, mesmo assim mant\u00e9m a liberdade dos movimentos e confort\u00e1vel no dia a dia de uma operacional.<\/p>\n<p>&nbsp;<\/p>\n<p>&nbsp;<\/p>\n<p><img loading=\"lazy\" decoding=\"async\" class=\"size-medium wp-image-18409 alignleft\" src=\"https:\/\/miliciapro.com\/wp-content\/uploads\/2020\/04\/122509-11.png\" alt=\"\" width=\"203\" height=\"145\" \/><\/p>\n<p>&nbsp;<\/p>\n<p><strong>BOLSO PARA CANETA<\/strong><\/p>\n<p>Este p\u00f3lo t\u00e1ctico apresenta o inovador bolso para caneta que para al\u00e9m de ser funcional pode aplicar um bordado personalizado.<\/p>\n","protected":false},"excerpt":{"rendered":"<p>Este polo \u00e9 para profissionais femininos, vers\u00e1til, de manga curta, com um ajuste especializado. ESPECIFICA\u00c7\u00d5ES: 100% poli\u00e9ster; resistente ao desgaste, ao encolhimento e ao enrugamento; tecido absorvente com acabamento antimicrobiano; bot\u00f5es de melamina de for\u00e7a industrial. FEITO PARA AS MULHERES Projectado para o tronco de uma senhora, com os ombros mais estreitos, o peito mais [&#8230;]\n","protected":false},"featured_media":32797,"comment_status":"open","ping_status":"closed","template":"","meta":{"_monsterinsights_skip_tracking":false,"_monsterinsights_sitenote_active":false,"_monsterinsights_sitenote_note":"","_monsterinsights_sitenote_category":0},"product_brand":[],"product_cat":[830,829,1077,1063],"product_tag":[94,530,301,326],"class_list":{"0":"post-32767","1":"product","2":"type-product","3":"status-publish","4":"has-post-thumbnail","6":"product_cat-firsttactical","7":"product_cat-marcas","8":"product_cat-polo","9":"product_cat-vestuario","10":"product_tag-camisola","11":"product_tag-polo","12":"product_tag-senhora","13":"product_tag-tatico","15":"first","16":"instock","17":"shipping-taxable","18":"purchasable","19":"product-type-variable"},"aioseo_notices":[],"jetpack_sharing_enabled":true,"_links":{"self":[{"href":"https:\/\/milicia-pro.com\/index.php\/wp-json\/wp\/v2\/product\/32767","targetHints":{"allow":["GET"]}}],"collection":[{"href":"https:\/\/milicia-pro.com\/index.php\/wp-json\/wp\/v2\/product"}],"about":[{"href":"https:\/\/milicia-pro.com\/index.php\/wp-json\/wp\/v2\/types\/product"}],"replies":[{"embeddable":true,"href":"https:\/\/milicia-pro.com\/index.php\/wp-json\/wp\/v2\/comments?post=32767"}],"wp:featuredmedia":[{"embeddable":true,"href":"https:\/\/milicia-pro.com\/index.php\/wp-json\/wp\/v2\/media\/32797"}],"wp:attachment":[{"href":"https:\/\/milicia-pro.com\/index.php\/wp-json\/wp\/v2\/media?parent=32767"}],"wp:term":[{"taxonomy":"product_brand","embeddable":true,"href":"https:\/\/milicia-pro.com\/index.php\/wp-json\/wp\/v2\/product_brand?post=32767"},{"taxonomy":"product_cat","embeddable":true,"href":"https:\/\/milicia-pro.com\/index.php\/wp-json\/wp\/v2\/product_cat?post=32767"},{"taxonomy":"product_tag","embeddable":true,"href":"https:\/\/milicia-pro.com\/index.php\/wp-json\/wp\/v2\/product_tag?post=32767"}],"curies":[{"name":"wp","href":"https:\/\/api.w.org\/{rel}","templated":true}]}}