{"id":32710,"date":"2022-09-01T17:36:28","date_gmt":"2022-09-01T17:36:28","guid":{"rendered":"https:\/\/milicia-pro.com\/?post_type=product&#038;p=32710"},"modified":"2025-07-24T15:40:30","modified_gmt":"2025-07-24T15:40:30","slug":"polo-de-manga-curta-em-algodao-mulher","status":"publish","type":"product","link":"https:\/\/milicia-pro.com\/index.php\/product\/polo-de-manga-curta-em-algodao-mulher\/","title":{"rendered":"POLO DE MANGA CURTA EM ALGOD\u00c3O MULHER"},"content":{"rendered":"<p>Este \u00e9 o primeiro polo de algod\u00e3o t\u00e1tico para senhora que o acompanhar\u00e1 em todos os desafios.<\/p>\n<p>A sua malha de algod\u00e3o \u00e9 leve e resistente ao desbotamento e um refor\u00e7o lateral que lhe dar\u00e1 o m\u00e1ximo de movimento.<\/p>\n<p>ESPECIFICA\u00c7\u00d5ES<\/p>\n<p>&#8211; 100% algod\u00e3o, resistente ao desbotamento e encolhimento<\/p>\n<p>&#8211; Bot\u00f5es de melamina de for\u00e7a industrial.<\/p>\n<p>&nbsp;<\/p>\n","protected":false},"excerpt":{"rendered":"<p>Este \u00e9 o primeiro polo de algod\u00e3o t\u00e1tico para senhora que o acompanhar\u00e1 em todos os desafios. A sua malha de algod\u00e3o \u00e9 leve e resistente ao desbotamento e um refor\u00e7o lateral que lhe dar\u00e1 o m\u00e1ximo de movimento. ESPECIFICA\u00c7\u00d5ES &#8211; 100% algod\u00e3o, resistente ao desbotamento e encolhimento &#8211; Bot\u00f5es de melamina de for\u00e7a industrial. [&#8230;]\n","protected":false},"featured_media":32740,"comment_status":"open","ping_status":"closed","template":"","meta":{"_monsterinsights_skip_tracking":false,"_monsterinsights_sitenote_active":false,"_monsterinsights_sitenote_note":"","_monsterinsights_sitenote_category":0},"product_brand":[],"product_cat":[830,829,1077,1063],"product_tag":[726,530,301,326],"class_list":{"0":"post-32710","1":"product","2":"type-product","3":"status-publish","4":"has-post-thumbnail","6":"product_cat-firsttactical","7":"product_cat-marcas","8":"product_cat-polo","9":"product_cat-vestuario","10":"product_tag-manga-curta","11":"product_tag-polo","12":"product_tag-senhora","13":"product_tag-tatico","15":"first","16":"instock","17":"shipping-taxable","18":"purchasable","19":"product-type-variable"},"aioseo_notices":[],"jetpack_sharing_enabled":true,"_links":{"self":[{"href":"https:\/\/milicia-pro.com\/index.php\/wp-json\/wp\/v2\/product\/32710","targetHints":{"allow":["GET"]}}],"collection":[{"href":"https:\/\/milicia-pro.com\/index.php\/wp-json\/wp\/v2\/product"}],"about":[{"href":"https:\/\/milicia-pro.com\/index.php\/wp-json\/wp\/v2\/types\/product"}],"replies":[{"embeddable":true,"href":"https:\/\/milicia-pro.com\/index.php\/wp-json\/wp\/v2\/comments?post=32710"}],"wp:featuredmedia":[{"embeddable":true,"href":"https:\/\/milicia-pro.com\/index.php\/wp-json\/wp\/v2\/media\/32740"}],"wp:attachment":[{"href":"https:\/\/milicia-pro.com\/index.php\/wp-json\/wp\/v2\/media?parent=32710"}],"wp:term":[{"taxonomy":"product_brand","embeddable":true,"href":"https:\/\/milicia-pro.com\/index.php\/wp-json\/wp\/v2\/product_brand?post=32710"},{"taxonomy":"product_cat","embeddable":true,"href":"https:\/\/milicia-pro.com\/index.php\/wp-json\/wp\/v2\/product_cat?post=32710"},{"taxonomy":"product_tag","embeddable":true,"href":"https:\/\/milicia-pro.com\/index.php\/wp-json\/wp\/v2\/product_tag?post=32710"}],"curies":[{"name":"wp","href":"https:\/\/api.w.org\/{rel}","templated":true}]}}