{"id":32696,"date":"2022-09-01T17:36:27","date_gmt":"2022-09-01T17:36:27","guid":{"rendered":"https:\/\/milicia-pro.com\/?post_type=product&#038;p=32696"},"modified":"2025-07-24T15:56:03","modified_gmt":"2025-07-24T15:56:03","slug":"t-shirt-tactix-de-manga-comprida-em-algodao-mulher","status":"publish","type":"product","link":"https:\/\/milicia-pro.com\/index.php\/product\/t-shirt-tactix-de-manga-comprida-em-algodao-mulher\/","title":{"rendered":"T-SHIRT TACTIX DE MANGA COMPRIDA EM ALGOD\u00c3O MULHER"},"content":{"rendered":"<p>A T-Shirt Tactix de manga comprida para senhora, apresenta uma malha em 100% de algod\u00e3o, resistente ao desbotamento e encolhimento.<\/p>\n<p>As costuras nos ombros estrategicamente colocadas d\u00e3o um ajuste suave e eficiente que n\u00e3o incomodam na pele, nem criam atrito sob as roupas ou nas al\u00e7as das mochilas.<\/p>\n<p>ESPECIFICA\u00c7\u00d5ES<\/p>\n<p>&#8211; Malha de jersey de 100% algod\u00e3o, resistente ao desbotamento e encolhimento.<\/p>\n<p><iframe loading=\"lazy\" title=\"First Tactical&#039;s Tactix Series Cotton T-Shirt Collection\" width=\"1020\" height=\"574\" src=\"https:\/\/www.youtube.com\/embed\/Io7EDSl3GP0?feature=oembed\" frameborder=\"0\" allow=\"accelerometer; autoplay; clipboard-write; encrypted-media; gyroscope; picture-in-picture; web-share\" referrerpolicy=\"strict-origin-when-cross-origin\" allowfullscreen><\/iframe><\/p>\n<p><img loading=\"lazy\" decoding=\"async\" class=\"alignnone size-medium wp-image-18329\" src=\"https:\/\/miliciapro.com\/wp-content\/uploads\/2020\/04\/FT-Fire-AZ-017-517x400.jpg\" alt=\"\" width=\"517\" height=\"400\" \/><\/p>\n<p><img loading=\"lazy\" decoding=\"async\" class=\"size-full wp-image-18331 alignleft\" src=\"https:\/\/miliciapro.com\/wp-content\/uploads\/2020\/04\/121505-11.png\" alt=\"\" width=\"207\" height=\"141\" \/><\/p>\n<p><strong>UM AJUSTE PERFEITO<\/strong><\/p>\n<p>A T-shirt de manga comprida Tactix, tem um corte natural com um encaixe suave no corpo. A gola e os punhos em el\u00e1stico n\u00e3o perdem a sua forma ao longo do tempo, garantindo assim uma apar\u00eancia profissional uma vida inteira.<\/p>\n<p>&nbsp;<\/p>\n<p>&nbsp;<\/p>\n<p><img loading=\"lazy\" decoding=\"async\" class=\"size-medium wp-image-18332 alignleft\" src=\"https:\/\/miliciapro.com\/wp-content\/uploads\/2020\/04\/121505-12.png\" alt=\"\" width=\"208\" height=\"143\" \/><\/p>\n<p><strong>COSTURAS NOS OMBROS E REVESTIMENTO LATERAL<\/strong><\/p>\n<p>Costuras estrategicamente colocadas d\u00e3o um ajuste suave e eficiente. O design da T-shirt Tactix inclui costuras suaves que n\u00e3o incomodam na pele, nem criam atrito sob as roupas ou nas al\u00e7as das mochilas.<\/p>\n<p>&nbsp;<\/p>\n<p>&nbsp;<\/p>\n<p><img loading=\"lazy\" decoding=\"async\" class=\"size-full wp-image-18333 alignleft\" src=\"https:\/\/miliciapro.com\/wp-content\/uploads\/2020\/04\/121505-13.png\" alt=\"\" width=\"206\" height=\"148\" \/><\/p>\n<p>&nbsp;<\/p>\n<p><strong>TECIDO CONFORT\u00c1VEL E DE LONGA DURA\u00c7\u00c3O<\/strong><\/p>\n<p>A malha jersey de qualidade premium \u00e9 100% algod\u00e3o, forte macia e resistente a encolhimento e desbotamento.<\/p>\n","protected":false},"excerpt":{"rendered":"<p>A T-Shirt Tactix de manga comprida para senhora, apresenta uma malha em 100% de algod\u00e3o, resistente ao desbotamento e encolhimento. As costuras nos ombros estrategicamente colocadas d\u00e3o um ajuste suave e eficiente que n\u00e3o incomodam na pele, nem criam atrito sob as roupas ou nas al\u00e7as das mochilas. ESPECIFICA\u00c7\u00d5ES &#8211; Malha de jersey de 100% [&#8230;]\n","protected":false},"featured_media":32718,"comment_status":"open","ping_status":"closed","template":"","meta":{"_monsterinsights_skip_tracking":false,"_monsterinsights_sitenote_active":false,"_monsterinsights_sitenote_note":"","_monsterinsights_sitenote_category":0},"product_brand":[],"product_cat":[830,829,1082,1063],"product_tag":[528,301,320],"class_list":{"0":"post-32696","1":"product","2":"type-product","3":"status-publish","4":"has-post-thumbnail","6":"product_cat-firsttactical","7":"product_cat-marcas","8":"product_cat-tshirt","9":"product_cat-vestuario","10":"product_tag-manga-comprida","11":"product_tag-senhora","12":"product_tag-t-shirt","14":"first","15":"instock","16":"shipping-taxable","17":"purchasable","18":"product-type-variable"},"aioseo_notices":[],"jetpack_sharing_enabled":true,"_links":{"self":[{"href":"https:\/\/milicia-pro.com\/index.php\/wp-json\/wp\/v2\/product\/32696","targetHints":{"allow":["GET"]}}],"collection":[{"href":"https:\/\/milicia-pro.com\/index.php\/wp-json\/wp\/v2\/product"}],"about":[{"href":"https:\/\/milicia-pro.com\/index.php\/wp-json\/wp\/v2\/types\/product"}],"replies":[{"embeddable":true,"href":"https:\/\/milicia-pro.com\/index.php\/wp-json\/wp\/v2\/comments?post=32696"}],"wp:featuredmedia":[{"embeddable":true,"href":"https:\/\/milicia-pro.com\/index.php\/wp-json\/wp\/v2\/media\/32718"}],"wp:attachment":[{"href":"https:\/\/milicia-pro.com\/index.php\/wp-json\/wp\/v2\/media?parent=32696"}],"wp:term":[{"taxonomy":"product_brand","embeddable":true,"href":"https:\/\/milicia-pro.com\/index.php\/wp-json\/wp\/v2\/product_brand?post=32696"},{"taxonomy":"product_cat","embeddable":true,"href":"https:\/\/milicia-pro.com\/index.php\/wp-json\/wp\/v2\/product_cat?post=32696"},{"taxonomy":"product_tag","embeddable":true,"href":"https:\/\/milicia-pro.com\/index.php\/wp-json\/wp\/v2\/product_tag?post=32696"}],"curies":[{"name":"wp","href":"https:\/\/api.w.org\/{rel}","templated":true}]}}