{"id":32634,"date":"2022-09-01T17:35:32","date_gmt":"2022-09-01T17:35:32","guid":{"rendered":"https:\/\/milicia-pro.com\/?post_type=product&#038;p=32634"},"modified":"2025-10-22T16:17:47","modified_gmt":"2025-10-22T16:17:47","slug":"polo-de-manga-curta-em-algodao","status":"publish","type":"product","link":"https:\/\/milicia-pro.com\/index.php\/product\/polo-de-manga-curta-em-algodao\/","title":{"rendered":"POLO DE MANGA CURTA EM ALGOD\u00c3O"},"content":{"rendered":"<p>Este \u00e9 o primeiro polo de algod\u00e3o t\u00e1tico que o acompanhar\u00e1 em todos os desafios.<\/p>\n<p>A sua malha de algod\u00e3o \u00e9 leve e resistente ao desbotamento e um refor\u00e7o lateral que lhe dar\u00e1 o m\u00e1ximo de movimento.<\/p>\n<p>ESPECIFICA\u00c7\u00d5ES<\/p>\n<p>&#8211; 100% algod\u00e3o, resistente ao desbotamento e encolhimento<\/p>\n<p>&#8211; Bot\u00f5es de melamina de for\u00e7a industrial.<\/p>\n<p><img loading=\"lazy\" decoding=\"async\" class=\"size-full wp-image-18263 alignleft\" src=\"https:\/\/miliciapro.com\/wp-content\/uploads\/2020\/04\/112508-10.png\" alt=\"\" width=\"206\" height=\"145\" \/><\/p>\n<p><strong>MELHOR AJUSTE<\/strong><\/p>\n<p>Este polo oferece um ajuste t\u00e1tico adequado para o trabalho. O design \u00e9 naturalmente c\u00f4nico, eliminando um perfil folgado ou quadrado- tudo sem restringir os movimentos. Liberdade de permanecer ativo sem comprometer a apar\u00eancia profissional.<\/p>\n<p>&nbsp;<\/p>\n<p>&nbsp;<\/p>\n<p><img loading=\"lazy\" decoding=\"async\" class=\"wp-image-18264 alignleft\" src=\"https:\/\/miliciapro.com\/wp-content\/uploads\/2020\/04\/112508-11.png\" alt=\"\" width=\"213\" height=\"150\" \/><\/p>\n<p><strong>COLARINHO VENTED<\/strong><\/p>\n<p>O painel de malha integrado \u00e9 colocado na parte de tr\u00e1s da gola, proporcionando ventila\u00e7\u00e3o para manter confort\u00e1vel enquanto em movimento.<\/p>\n<p>&nbsp;<\/p>\n<p>&nbsp;<\/p>\n<p>&nbsp;<\/p>\n<p><img loading=\"lazy\" decoding=\"async\" class=\"size-medium wp-image-18265 alignleft\" src=\"https:\/\/miliciapro.com\/wp-content\/uploads\/2020\/04\/112508-12.png\" alt=\"\" width=\"210\" height=\"143\" \/><\/p>\n<p><strong>COLARINHO VENTED<\/strong><\/p>\n<p>O painel de malha integrado \u00e9 colocado na parte de tr\u00e1s da gola, proporcionando ventila\u00e7\u00e3o para manter confort\u00e1vel enquanto em movimento.<\/p>\n","protected":false},"excerpt":{"rendered":"<p>Este \u00e9 o primeiro polo de algod\u00e3o t\u00e1tico que o acompanhar\u00e1 em todos os desafios. A sua malha de algod\u00e3o \u00e9 leve e resistente ao desbotamento e um refor\u00e7o lateral que lhe dar\u00e1 o m\u00e1ximo de movimento. ESPECIFICA\u00c7\u00d5ES &#8211; 100% algod\u00e3o, resistente ao desbotamento e encolhimento &#8211; Bot\u00f5es de melamina de for\u00e7a industrial. MELHOR AJUSTE [&#8230;]\n","protected":false},"featured_media":32655,"comment_status":"open","ping_status":"closed","template":"","meta":{"_monsterinsights_skip_tracking":false,"_monsterinsights_sitenote_active":false,"_monsterinsights_sitenote_note":"","_monsterinsights_sitenote_category":0},"product_brand":[],"product_cat":[830,829,1077,1063],"product_tag":[726,530],"class_list":{"0":"post-32634","1":"product","2":"type-product","3":"status-publish","4":"has-post-thumbnail","6":"product_cat-firsttactical","7":"product_cat-marcas","8":"product_cat-polo","9":"product_cat-vestuario","10":"product_tag-manga-curta","11":"product_tag-polo","13":"first","14":"instock","15":"shipping-taxable","16":"purchasable","17":"product-type-variable"},"aioseo_notices":[],"jetpack_sharing_enabled":true,"_links":{"self":[{"href":"https:\/\/milicia-pro.com\/index.php\/wp-json\/wp\/v2\/product\/32634","targetHints":{"allow":["GET"]}}],"collection":[{"href":"https:\/\/milicia-pro.com\/index.php\/wp-json\/wp\/v2\/product"}],"about":[{"href":"https:\/\/milicia-pro.com\/index.php\/wp-json\/wp\/v2\/types\/product"}],"replies":[{"embeddable":true,"href":"https:\/\/milicia-pro.com\/index.php\/wp-json\/wp\/v2\/comments?post=32634"}],"wp:featuredmedia":[{"embeddable":true,"href":"https:\/\/milicia-pro.com\/index.php\/wp-json\/wp\/v2\/media\/32655"}],"wp:attachment":[{"href":"https:\/\/milicia-pro.com\/index.php\/wp-json\/wp\/v2\/media?parent=32634"}],"wp:term":[{"taxonomy":"product_brand","embeddable":true,"href":"https:\/\/milicia-pro.com\/index.php\/wp-json\/wp\/v2\/product_brand?post=32634"},{"taxonomy":"product_cat","embeddable":true,"href":"https:\/\/milicia-pro.com\/index.php\/wp-json\/wp\/v2\/product_cat?post=32634"},{"taxonomy":"product_tag","embeddable":true,"href":"https:\/\/milicia-pro.com\/index.php\/wp-json\/wp\/v2\/product_tag?post=32634"}],"curies":[{"name":"wp","href":"https:\/\/api.w.org\/{rel}","templated":true}]}}