{"id":32556,"date":"2022-09-01T17:34:25","date_gmt":"2022-09-01T17:34:25","guid":{"rendered":"https:\/\/milicia-pro.com\/?post_type=product&#038;p=32556"},"modified":"2025-12-29T15:27:16","modified_gmt":"2025-12-29T15:27:16","slug":"cinto-tactical-1-75","status":"publish","type":"product","link":"https:\/\/milicia-pro.com\/index.php\/product\/cinto-tactical-1-75\/","title":{"rendered":"CINTO TACTICAL 1.75&#8243;"},"content":{"rendered":"<p>O cinto t\u00e1tico com 4,45cm de largura da First Tactical, pr\u00f3prio para suportar acess\u00f3rios para uso profissional di\u00e1rio, mantendo o conforto necess\u00e1rio durante o trabalho.<\/p>\n<p>Fivela em alum\u00ednio\/a\u00e7o \u00e9 fabricada e rebitada para proporcionar durabilidade e resist\u00eancia incompar\u00e1veis.<\/p>\n<p>For\u00e7a nominal de 9kN (2023Ibf) direta ou unidades de for\u00e7a indiretas de 18kN (4043 Ibf).<\/p>\n<p>Apresenta uma forma curvada, acabando por dar maior conforto durante a sua utiliza\u00e7\u00e3o.<\/p>\n<p><iframe loading=\"lazy\" title=\"First Tactical&#039;s Tactical Belt\" width=\"1020\" height=\"574\" src=\"https:\/\/www.youtube.com\/embed\/d9NKXJxChvo?feature=oembed\" frameborder=\"0\" allow=\"accelerometer; autoplay; clipboard-write; encrypted-media; gyroscope; picture-in-picture; web-share\" referrerpolicy=\"strict-origin-when-cross-origin\" allowfullscreen><\/iframe><\/p>\n<p><img loading=\"lazy\" decoding=\"async\" class=\" wp-image-18172 alignleft\" src=\"https:\/\/miliciapro.com\/wp-content\/uploads\/2020\/03\/143010-10.png\" alt=\"\" width=\"211\" height=\"149\" \/><\/p>\n<p>&nbsp;<\/p>\n<p><strong>WEBBING DE NYLON PR\u00c9-CURVADO<\/strong><\/p>\n<p>Este cinto \u00e9 resistente e de alta densidade, projetado com uma borda de tecido de sarja e curvada ergomicamente para acompanhar com naturalidade a cintura.<\/p>\n<p>&nbsp;<\/p>\n<p>&nbsp;<\/p>\n<p><img loading=\"lazy\" decoding=\"async\" class=\"size-medium wp-image-18173 alignleft\" src=\"https:\/\/miliciapro.com\/wp-content\/uploads\/2020\/03\/143010-11.png\" alt=\"\" width=\"207\" height=\"149\" \/><\/p>\n<p>&nbsp;<\/p>\n<p><strong>D-RING<\/strong><\/p>\n<p>A barra lateral interna do cinto \u00e9 denteada, permitindo ficar seguro com maior apoio e for\u00e7a.<\/p>\n<p>&nbsp;<\/p>\n<p>&nbsp;<\/p>\n<p><img loading=\"lazy\" decoding=\"async\" class=\"alignnone size-medium wp-image-18215\" src=\"https:\/\/miliciapro.com\/wp-content\/uploads\/2020\/03\/IMG_0389-1-533x400.jpg\" alt=\"\" width=\"533\" height=\"400\" \/> <img loading=\"lazy\" decoding=\"async\" class=\"alignnone size-medium wp-image-18216\" src=\"https:\/\/miliciapro.com\/wp-content\/uploads\/2020\/03\/IMG_0577-1-533x400.jpg\" alt=\"\" width=\"533\" height=\"400\" \/><\/p>\n","protected":false},"excerpt":{"rendered":"<p>O cinto t\u00e1tico com 4,45cm de largura da First Tactical, pr\u00f3prio para suportar acess\u00f3rios para uso profissional di\u00e1rio, mantendo o conforto necess\u00e1rio durante o trabalho. Fivela em alum\u00ednio\/a\u00e7o \u00e9 fabricada e rebitada para proporcionar durabilidade e resist\u00eancia incompar\u00e1veis. For\u00e7a nominal de 9kN (2023Ibf) direta ou unidades de for\u00e7a indiretas de 18kN (4043 Ibf). Apresenta uma [&#8230;]\n","protected":false},"featured_media":32590,"comment_status":"open","ping_status":"closed","template":"","meta":{"_monsterinsights_skip_tracking":false,"_monsterinsights_sitenote_active":false,"_monsterinsights_sitenote_note":"","_monsterinsights_sitenote_category":0},"product_brand":[],"product_cat":[1153,830,829,1063],"product_tag":[116,326],"class_list":{"0":"post-32556","1":"product","2":"type-product","3":"status-publish","4":"has-post-thumbnail","6":"product_cat-cinto","7":"product_cat-firsttactical","8":"product_cat-marcas","9":"product_cat-vestuario","10":"product_tag-cinto","11":"product_tag-tatico","13":"first","14":"instock","15":"shipping-taxable","16":"purchasable","17":"product-type-variable"},"aioseo_notices":[],"jetpack_sharing_enabled":true,"_links":{"self":[{"href":"https:\/\/milicia-pro.com\/index.php\/wp-json\/wp\/v2\/product\/32556","targetHints":{"allow":["GET"]}}],"collection":[{"href":"https:\/\/milicia-pro.com\/index.php\/wp-json\/wp\/v2\/product"}],"about":[{"href":"https:\/\/milicia-pro.com\/index.php\/wp-json\/wp\/v2\/types\/product"}],"replies":[{"embeddable":true,"href":"https:\/\/milicia-pro.com\/index.php\/wp-json\/wp\/v2\/comments?post=32556"}],"wp:featuredmedia":[{"embeddable":true,"href":"https:\/\/milicia-pro.com\/index.php\/wp-json\/wp\/v2\/media\/32590"}],"wp:attachment":[{"href":"https:\/\/milicia-pro.com\/index.php\/wp-json\/wp\/v2\/media?parent=32556"}],"wp:term":[{"taxonomy":"product_brand","embeddable":true,"href":"https:\/\/milicia-pro.com\/index.php\/wp-json\/wp\/v2\/product_brand?post=32556"},{"taxonomy":"product_cat","embeddable":true,"href":"https:\/\/milicia-pro.com\/index.php\/wp-json\/wp\/v2\/product_cat?post=32556"},{"taxonomy":"product_tag","embeddable":true,"href":"https:\/\/milicia-pro.com\/index.php\/wp-json\/wp\/v2\/product_tag?post=32556"}],"curies":[{"name":"wp","href":"https:\/\/api.w.org\/{rel}","templated":true}]}}