{"id":32520,"date":"2022-09-01T17:34:02","date_gmt":"2022-09-01T17:34:02","guid":{"rendered":"https:\/\/milicia-pro.com\/?post_type=product&#038;p=32520"},"modified":"2025-06-05T14:38:43","modified_gmt":"2025-06-05T14:38:43","slug":"casaco-reversible-duty-hi-vis-mulher","status":"publish","type":"product","link":"https:\/\/milicia-pro.com\/index.php\/product\/casaco-reversible-duty-hi-vis-mulher\/","title":{"rendered":"CASACO REVERSIBLE DUTY HI-VIS MULHER"},"content":{"rendered":"<p>Este casaco revers\u00edvel da First Tactical apresenta-se com um design especifico para ajustar num corpo feminino e \u00e9 a perfeita solu\u00e7\u00e3o Hi-Vis.<\/p>\n<p>Pode usar este casaco para apresentar maior visibilidade e para sua prote\u00e7\u00e3o com o refletor 3M e segundo as normas de ANSI\/ISEA 107-2015, classe R\/P, n\u00edvel 2.<\/p>\n<p><strong>ESPECIFICA\u00c7\u00d5ES:<\/strong><\/p>\n<p>100% poli\u00e9ster; guia emblema e kit de microfone\/c\u00e2mara inclu\u00eddos; acesso f\u00e1cil ao bra\u00e7o lateral; Hardware Premium: fechos YKK, cintura cinch ajust\u00e1vel.<\/p>\n<p><img loading=\"lazy\" decoding=\"async\" class=\"alignnone size-medium wp-image-18115\" src=\"https:\/\/miliciapro.com\/wp-content\/uploads\/2020\/03\/128512-019-03-626x400.png\" alt=\"\" width=\"626\" height=\"400\" \/><\/p>\n","protected":false},"excerpt":{"rendered":"<p>Este casaco revers\u00edvel da First Tactical apresenta-se com um design especifico para ajustar num corpo feminino e \u00e9 a perfeita solu\u00e7\u00e3o Hi-Vis. Pode usar este casaco para apresentar maior visibilidade e para sua prote\u00e7\u00e3o com o refletor 3M e segundo as normas de ANSI\/ISEA 107-2015, classe R\/P, n\u00edvel 2. ESPECIFICA\u00c7\u00d5ES: 100% poli\u00e9ster; guia emblema e [&#8230;]\n","protected":false},"featured_media":32528,"comment_status":"open","ping_status":"closed","template":"","meta":{"_monsterinsights_skip_tracking":false,"_monsterinsights_sitenote_active":false,"_monsterinsights_sitenote_note":"","_monsterinsights_sitenote_category":0},"product_brand":[],"product_cat":[1080,830,829,1063],"product_tag":[110,725,301,326],"class_list":{"0":"post-32520","1":"product","2":"type-product","3":"status-publish","4":"has-post-thumbnail","6":"product_cat-casaco","7":"product_cat-firsttactical","8":"product_cat-marcas","9":"product_cat-vestuario","10":"product_tag-casaco","11":"product_tag-reversivel","12":"product_tag-senhora","13":"product_tag-tatico","15":"first","16":"instock","17":"shipping-taxable","18":"purchasable","19":"product-type-variable"},"aioseo_notices":[],"jetpack_sharing_enabled":true,"_links":{"self":[{"href":"https:\/\/milicia-pro.com\/index.php\/wp-json\/wp\/v2\/product\/32520","targetHints":{"allow":["GET"]}}],"collection":[{"href":"https:\/\/milicia-pro.com\/index.php\/wp-json\/wp\/v2\/product"}],"about":[{"href":"https:\/\/milicia-pro.com\/index.php\/wp-json\/wp\/v2\/types\/product"}],"replies":[{"embeddable":true,"href":"https:\/\/milicia-pro.com\/index.php\/wp-json\/wp\/v2\/comments?post=32520"}],"wp:featuredmedia":[{"embeddable":true,"href":"https:\/\/milicia-pro.com\/index.php\/wp-json\/wp\/v2\/media\/32528"}],"wp:attachment":[{"href":"https:\/\/milicia-pro.com\/index.php\/wp-json\/wp\/v2\/media?parent=32520"}],"wp:term":[{"taxonomy":"product_brand","embeddable":true,"href":"https:\/\/milicia-pro.com\/index.php\/wp-json\/wp\/v2\/product_brand?post=32520"},{"taxonomy":"product_cat","embeddable":true,"href":"https:\/\/milicia-pro.com\/index.php\/wp-json\/wp\/v2\/product_cat?post=32520"},{"taxonomy":"product_tag","embeddable":true,"href":"https:\/\/milicia-pro.com\/index.php\/wp-json\/wp\/v2\/product_tag?post=32520"}],"curies":[{"name":"wp","href":"https:\/\/api.w.org\/{rel}","templated":true}]}}