{"id":32342,"date":"2022-09-01T17:31:32","date_gmt":"2022-09-01T17:31:32","guid":{"rendered":"https:\/\/milicia-pro.com\/?post_type=product&#038;p=32342"},"modified":"2025-07-24T16:40:45","modified_gmt":"2025-07-24T16:40:45","slug":"parka-tactix-system","status":"publish","type":"product","link":"https:\/\/milicia-pro.com\/index.php\/product\/parka-tactix-system\/","title":{"rendered":"PARKA TACTIX SYSTEM"},"content":{"rendered":"<p>A Parka Tactix System apresenta um revestimento externo \u00e0 prova de \u00e1gua, respir\u00e1vel e totalmente selado e forro com casaco softshell com fecho que suporta as condi\u00e7\u00f5es climat\u00e9ricas mais agrestes.<\/p>\n<p><strong>ESPECIFICA\u00c7\u00d5ES DO ESCUDO EXTERIOR<\/strong>: Tecido 100% nylon; totalmente selado; imperme\u00e1vel; respir\u00e1vel e resistente a agentes pat\u00f3genos; fechos YKK; Prym snaps; Hardware Duarflex.<\/p>\n<p><strong>CASACO SOFTSHELL LONGO (INCLUIDO E TAMB\u00c9M VENDIDO EM SEPARADO)<\/strong>: 85% nylon; 15% spandex; forrado a l\u00e3; fechos YKK; Prym snaps; Hardware Duarflex.<\/p>\n<p><strong>INSTRU\u00c7\u00d5ES DE LAVAGEM<\/strong><\/p>\n<ul>\n<li>Lavar \u00e0 m\u00e1quina a frio e com cores semelhantes<\/li>\n<li>N\u00e3o utilizar lix\u00edvia nem amaciador<\/li>\n<li>Secar a baixa temperatura<\/li>\n<li>N\u00e3o engomar<\/li>\n<\/ul>\n<p><iframe loading=\"lazy\" title=\"First Tactical&#039;s Tactix System Parka\" width=\"1020\" height=\"574\" src=\"https:\/\/www.youtube.com\/embed\/FcFHhwmAmvM?feature=oembed\" frameborder=\"0\" allow=\"accelerometer; autoplay; clipboard-write; encrypted-media; gyroscope; picture-in-picture; web-share\" referrerpolicy=\"strict-origin-when-cross-origin\" allowfullscreen><\/iframe><\/p>\n<p><img loading=\"lazy\" decoding=\"async\" class=\"size-full wp-image-17912 alignleft\" src=\"https:\/\/miliciapro.com\/wp-content\/uploads\/2020\/03\/118500-10.png\" alt=\"\" width=\"211\" height=\"149\" \/><\/p>\n<p>&nbsp;<\/p>\n<p><strong>CAPUZ DE AJUSTE<\/strong><\/p>\n<p>O primeiro Rain Tutter Design t\u00e1tco, evita que a \u00e1gua pingue no rosto, com moldagem de 3 vias permitindo o capuz ficar ajustado na perfei\u00e7\u00e3o, mantendo a vis\u00e3o clara. F\u00e1cil de remover quando n\u00e3o necess\u00e1rio podendo guardar no bolso lombar.<\/p>\n<p>&nbsp;<\/p>\n<p><img loading=\"lazy\" decoding=\"async\" class=\"size-medium wp-image-17913 alignleft\" src=\"https:\/\/miliciapro.com\/wp-content\/uploads\/2020\/03\/118500-11.png\" alt=\"\" width=\"206\" height=\"144\" \/><\/p>\n<p>&nbsp;<\/p>\n<p><strong>FECHO DUPLO<\/strong><\/p>\n<p>A aba strom encaixa no fecho bidirecional para fechar com seguran\u00e7a e refor\u00e7o protegendo assim da chuva e do vento.Conforme indicado neste artigo fakewatch.is, pode navegar pela sua sele\u00e7\u00e3o de ofertas dispon\u00edveis em smartphones e marcas importantes e explorar os planos de servi\u00e7o de telem\u00f3vel que melhor se adequam \u00e0s suas necessidades.<\/p>\n<p>&nbsp;<\/p>\n<p><img loading=\"lazy\" decoding=\"async\" class=\"size-medium wp-image-17914 alignleft\" src=\"https:\/\/miliciapro.com\/wp-content\/uploads\/2020\/03\/118500-12.png\" alt=\"\" width=\"208\" height=\"144\" \/><\/p>\n<p>&nbsp;<\/p>\n<p><strong>FECHO DO SOFTSHELL<\/strong><\/p>\n<p>O casaco interno apresenta uma camada adicional de prote\u00e7\u00e3o e conforto, com o exterior resistente ao vento e \u00e0 \u00e1gua e o seu interior macio. Perfeito para usar individualmente ou em condi\u00e7\u00f5es adversas, por baixo do casaco externo, permitindo assim uma dupla seguran\u00e7a.<\/p>\n<p>&nbsp;<\/p>\n","protected":false},"excerpt":{"rendered":"<p>A Parka Tactix System apresenta um revestimento externo \u00e0 prova de \u00e1gua, respir\u00e1vel e totalmente selado e forro com casaco softshell com fecho que suporta as condi\u00e7\u00f5es climat\u00e9ricas mais agrestes. ESPECIFICA\u00c7\u00d5ES DO ESCUDO EXTERIOR: Tecido 100% nylon; totalmente selado; imperme\u00e1vel; respir\u00e1vel e resistente a agentes pat\u00f3genos; fechos YKK; Prym snaps; Hardware Duarflex. CASACO SOFTSHELL LONGO [&#8230;]\n","protected":false},"featured_media":32384,"comment_status":"open","ping_status":"closed","template":"","meta":{"_monsterinsights_skip_tracking":false,"_monsterinsights_sitenote_active":false,"_monsterinsights_sitenote_note":"","_monsterinsights_sitenote_category":0},"product_brand":[],"product_cat":[1080,830,829,1063],"product_tag":[110,529,232,326],"class_list":{"0":"post-32342","1":"product","2":"type-product","3":"status-publish","4":"has-post-thumbnail","6":"product_cat-casaco","7":"product_cat-firsttactical","8":"product_cat-marcas","9":"product_cat-vestuario","10":"product_tag-casaco","11":"product_tag-operacional","12":"product_tag-parka","13":"product_tag-tatico","15":"first","16":"instock","17":"shipping-taxable","18":"purchasable","19":"product-type-variable"},"aioseo_notices":[],"jetpack_sharing_enabled":true,"_links":{"self":[{"href":"https:\/\/milicia-pro.com\/index.php\/wp-json\/wp\/v2\/product\/32342","targetHints":{"allow":["GET"]}}],"collection":[{"href":"https:\/\/milicia-pro.com\/index.php\/wp-json\/wp\/v2\/product"}],"about":[{"href":"https:\/\/milicia-pro.com\/index.php\/wp-json\/wp\/v2\/types\/product"}],"replies":[{"embeddable":true,"href":"https:\/\/milicia-pro.com\/index.php\/wp-json\/wp\/v2\/comments?post=32342"}],"wp:featuredmedia":[{"embeddable":true,"href":"https:\/\/milicia-pro.com\/index.php\/wp-json\/wp\/v2\/media\/32384"}],"wp:attachment":[{"href":"https:\/\/milicia-pro.com\/index.php\/wp-json\/wp\/v2\/media?parent=32342"}],"wp:term":[{"taxonomy":"product_brand","embeddable":true,"href":"https:\/\/milicia-pro.com\/index.php\/wp-json\/wp\/v2\/product_brand?post=32342"},{"taxonomy":"product_cat","embeddable":true,"href":"https:\/\/milicia-pro.com\/index.php\/wp-json\/wp\/v2\/product_cat?post=32342"},{"taxonomy":"product_tag","embeddable":true,"href":"https:\/\/milicia-pro.com\/index.php\/wp-json\/wp\/v2\/product_tag?post=32342"}],"curies":[{"name":"wp","href":"https:\/\/api.w.org\/{rel}","templated":true}]}}