{"id":32315,"date":"2022-09-01T17:31:10","date_gmt":"2022-09-01T17:31:10","guid":{"rendered":"https:\/\/milicia-pro.com\/?post_type=product&#038;p=32315"},"modified":"2026-02-11T18:20:29","modified_gmt":"2026-02-11T18:20:29","slug":"bota-waterproof-duty-8-com-fecho","status":"publish","type":"product","link":"https:\/\/milicia-pro.com\/index.php\/product\/bota-waterproof-duty-8-com-fecho\/","title":{"rendered":"BOTA WATERPROOF DUTY 8\u201d COM FECHO"},"content":{"rendered":"<p>Esta bota foi constru\u00edda para proteger os p\u00e9s e mante-los secos. Apresenta couro forrado a 45% de gr\u00e3o integral, 20% de couro coberto com PU, 35% sint\u00e9tico, fecho lateral YKK Premium e com comprimento de tornozelo de 20,3cm.<\/p>\n<p><iframe loading=\"lazy\" title=\"First Tactical&#039;s 8&quot; Waterproof Side Zip Duty Boot\" width=\"1020\" height=\"574\" src=\"https:\/\/www.youtube.com\/embed\/00s0pR6sb78?feature=oembed\" frameborder=\"0\" allow=\"accelerometer; autoplay; clipboard-write; encrypted-media; gyroscope; picture-in-picture; web-share\" referrerpolicy=\"strict-origin-when-cross-origin\" allowfullscreen><\/iframe><\/p>\n<p><img loading=\"lazy\" decoding=\"async\" class=\"size-full wp-image-17855 alignleft\" src=\"https:\/\/miliciapro.com\/wp-content\/uploads\/2020\/03\/165003-10.png\" alt=\"\" width=\"188\" height=\"131\" \/><\/p>\n<p>&nbsp;<\/p>\n<p><strong>CONSTRU\u00c7\u00c3O COM MEMBRANA\u00a0<\/strong><b>IMPERME\u00c1VEL<\/b><\/p>\n<p>Esta constru\u00e7\u00e3o firmemente unida mant\u00e9m impenetr\u00e1vel a \u00e1gua nas suas botas e assim mant\u00e9m os seus p\u00e9s secos.<\/p>\n<p>&nbsp;<\/p>\n<p><img loading=\"lazy\" decoding=\"async\" class=\"size-medium wp-image-17856 alignleft\" src=\"https:\/\/miliciapro.com\/wp-content\/uploads\/2020\/03\/165003-11.png\" alt=\"\" width=\"185\" height=\"142\" \/><\/p>\n<p>&nbsp;<\/p>\n<p><strong>SOLA DE BORRACHA COSTURADA<\/strong><\/p>\n<p>A sola em borracha constru\u00edda para maior ader\u00eancia \u00e9 costurada na parte superior para proporcionar uma maior durabilidade.<\/p>\n<p>&nbsp;<\/p>\n<p>&nbsp;<\/p>\n<p><img loading=\"lazy\" decoding=\"async\" class=\"size-full wp-image-17857 alignleft\" src=\"https:\/\/miliciapro.com\/wp-content\/uploads\/2020\/03\/165003-12.png\" alt=\"\" width=\"190\" height=\"135\" \/><\/p>\n<p>&nbsp;<\/p>\n<p><strong>JANELA DO CALCANHAR<\/strong><\/p>\n<p>Estas botas foram projectadas de maneira a sentir nos p\u00e9s uns t\u00e9nis de corrida. A janela do calcanhar proporciona ao utilizador mais amortecimento, reduzindo o impacto nos p\u00e9s e no corpo enquanto em movimento.<\/p>\n","protected":false},"excerpt":{"rendered":"<p>Esta bota foi constru\u00edda para proteger os p\u00e9s e mante-los secos. Apresenta couro forrado a 45% de gr\u00e3o integral, 20% de couro coberto com PU, 35% sint\u00e9tico, fecho lateral YKK Premium e com comprimento de tornozelo de 20,3cm. &nbsp; CONSTRU\u00c7\u00c3O COM MEMBRANA\u00a0IMPERME\u00c1VEL Esta constru\u00e7\u00e3o firmemente unida mant\u00e9m impenetr\u00e1vel a \u00e1gua nas suas botas e assim [&#8230;]\n","protected":false},"featured_media":32350,"comment_status":"open","ping_status":"closed","template":"","meta":{"_monsterinsights_skip_tracking":false,"_monsterinsights_sitenote_active":false,"_monsterinsights_sitenote_note":"","_monsterinsights_sitenote_category":0},"product_brand":[],"product_cat":[1464,1463,830,829],"product_tag":[86,325],"class_list":{"0":"post-32315","1":"product","2":"type-product","3":"status-publish","4":"has-post-thumbnail","6":"product_cat-botas-calcado-2","7":"product_cat-calcado-2","8":"product_cat-firsttactical","9":"product_cat-marcas","10":"product_tag-bota","11":"product_tag-tatica","13":"first","14":"instock","15":"shipping-taxable","16":"purchasable","17":"product-type-variable"},"aioseo_notices":[],"jetpack_sharing_enabled":true,"_links":{"self":[{"href":"https:\/\/milicia-pro.com\/index.php\/wp-json\/wp\/v2\/product\/32315","targetHints":{"allow":["GET"]}}],"collection":[{"href":"https:\/\/milicia-pro.com\/index.php\/wp-json\/wp\/v2\/product"}],"about":[{"href":"https:\/\/milicia-pro.com\/index.php\/wp-json\/wp\/v2\/types\/product"}],"replies":[{"embeddable":true,"href":"https:\/\/milicia-pro.com\/index.php\/wp-json\/wp\/v2\/comments?post=32315"}],"wp:featuredmedia":[{"embeddable":true,"href":"https:\/\/milicia-pro.com\/index.php\/wp-json\/wp\/v2\/media\/32350"}],"wp:attachment":[{"href":"https:\/\/milicia-pro.com\/index.php\/wp-json\/wp\/v2\/media?parent=32315"}],"wp:term":[{"taxonomy":"product_brand","embeddable":true,"href":"https:\/\/milicia-pro.com\/index.php\/wp-json\/wp\/v2\/product_brand?post=32315"},{"taxonomy":"product_cat","embeddable":true,"href":"https:\/\/milicia-pro.com\/index.php\/wp-json\/wp\/v2\/product_cat?post=32315"},{"taxonomy":"product_tag","embeddable":true,"href":"https:\/\/milicia-pro.com\/index.php\/wp-json\/wp\/v2\/product_tag?post=32315"}],"curies":[{"name":"wp","href":"https:\/\/api.w.org\/{rel}","templated":true}]}}