{"id":32193,"date":"2022-09-01T17:29:52","date_gmt":"2022-09-01T17:29:52","guid":{"rendered":"https:\/\/milicia-pro.com\/?post_type=product&#038;p=32193"},"modified":"2026-01-26T15:44:52","modified_gmt":"2026-01-26T15:44:52","slug":"bota-duty-6-com-fecho","status":"publish","type":"product","link":"https:\/\/milicia-pro.com\/index.php\/product\/bota-duty-6-com-fecho\/","title":{"rendered":"BOTA DUTY 6\u201d COM FECHO"},"content":{"rendered":"<p>Bota t\u00e1tica Duty com fecho lateral, projetada para proteger e apoiar o p\u00e9. Constru\u00edda em couro na ponta dos p\u00e9s para proporcionar maior durabilidade.<\/p>\n<p>Fecho lateral YKK premium e com o comprimento de tornozelo de 15,2cm, ideal para trabalho operacional. Apresenta 45% de couro de gr\u00e3o integral, 20% de couro coberto com PU, 35% sint\u00e9tico, fecho lateral YKK.<\/p>\n<p><iframe loading=\"lazy\" title=\"First Tactical&#039;s 8\u201d Side Zip Duty Boot\" width=\"1020\" height=\"574\" src=\"https:\/\/www.youtube.com\/embed\/U3JmI85rhIY?feature=oembed\" frameborder=\"0\" allow=\"accelerometer; autoplay; clipboard-write; encrypted-media; gyroscope; picture-in-picture; web-share\" referrerpolicy=\"strict-origin-when-cross-origin\" allowfullscreen><\/iframe><\/p>\n<p><img loading=\"lazy\" decoding=\"async\" class=\"size-full wp-image-17694 alignleft\" src=\"https:\/\/miliciapro.com\/wp-content\/uploads\/2020\/03\/165001-10.png\" alt=\"\" width=\"187\" height=\"133\" \/><\/p>\n<p>&nbsp;<\/p>\n<p><strong>BIQUEIRA DA BOTA<\/strong><\/p>\n<p>Biqueira do p\u00e9 em couro de alta qualidade polida que proporciona durabilidade.<\/p>\n<p>&nbsp;<\/p>\n<p>&nbsp;<\/p>\n<p><img loading=\"lazy\" decoding=\"async\" class=\"wp-image-17695 alignleft\" src=\"https:\/\/miliciapro.com\/wp-content\/uploads\/2020\/03\/165001-11.png\" alt=\"\" width=\"187\" height=\"134\" \/><\/p>\n<p>&nbsp;<\/p>\n<p><strong>SOLA DE BORRACHA COSTURADA<\/strong><\/p>\n<p>Sola em borracha para maior ader\u00eancia e costurada na parte superior da bota para proporcionar durabilidade.<\/p>\n<p>&nbsp;<\/p>\n<p><img loading=\"lazy\" decoding=\"async\" class=\"size-medium wp-image-17696 alignleft\" src=\"https:\/\/miliciapro.com\/wp-content\/uploads\/2020\/03\/165001-12.png\" alt=\"\" width=\"188\" height=\"134\" \/><\/p>\n<p>&nbsp;<\/p>\n<p><strong>JANELA DO CALCANHAR<\/strong><\/p>\n<p>Bota projectada como se tratasse de um t\u00e9nis de corrida. A janela do calcanhar proporciona ao utilizador mais amortecimento reduzindo o impacto nos p\u00e9s e no corpo quando em movimento.<\/p>\n","protected":false},"excerpt":{"rendered":"<p>Bota t\u00e1tica Duty com fecho lateral, projetada para proteger e apoiar o p\u00e9. Constru\u00edda em couro na ponta dos p\u00e9s para proporcionar maior durabilidade. Fecho lateral YKK premium e com o comprimento de tornozelo de 15,2cm, ideal para trabalho operacional. Apresenta 45% de couro de gr\u00e3o integral, 20% de couro coberto com PU, 35% sint\u00e9tico, [&#8230;]\n","protected":false},"featured_media":32212,"comment_status":"open","ping_status":"closed","template":"","meta":{"_monsterinsights_skip_tracking":false,"_monsterinsights_sitenote_active":false,"_monsterinsights_sitenote_note":"","_monsterinsights_sitenote_category":0},"product_brand":[],"product_cat":[1464,1463,830],"product_tag":[86],"class_list":{"0":"post-32193","1":"product","2":"type-product","3":"status-publish","4":"has-post-thumbnail","6":"product_cat-botas-calcado-2","7":"product_cat-calcado-2","8":"product_cat-firsttactical","9":"product_tag-bota","11":"first","12":"instock","13":"shipping-taxable","14":"purchasable","15":"product-type-variable"},"aioseo_notices":[],"jetpack_sharing_enabled":true,"_links":{"self":[{"href":"https:\/\/milicia-pro.com\/index.php\/wp-json\/wp\/v2\/product\/32193","targetHints":{"allow":["GET"]}}],"collection":[{"href":"https:\/\/milicia-pro.com\/index.php\/wp-json\/wp\/v2\/product"}],"about":[{"href":"https:\/\/milicia-pro.com\/index.php\/wp-json\/wp\/v2\/types\/product"}],"replies":[{"embeddable":true,"href":"https:\/\/milicia-pro.com\/index.php\/wp-json\/wp\/v2\/comments?post=32193"}],"wp:featuredmedia":[{"embeddable":true,"href":"https:\/\/milicia-pro.com\/index.php\/wp-json\/wp\/v2\/media\/32212"}],"wp:attachment":[{"href":"https:\/\/milicia-pro.com\/index.php\/wp-json\/wp\/v2\/media?parent=32193"}],"wp:term":[{"taxonomy":"product_brand","embeddable":true,"href":"https:\/\/milicia-pro.com\/index.php\/wp-json\/wp\/v2\/product_brand?post=32193"},{"taxonomy":"product_cat","embeddable":true,"href":"https:\/\/milicia-pro.com\/index.php\/wp-json\/wp\/v2\/product_cat?post=32193"},{"taxonomy":"product_tag","embeddable":true,"href":"https:\/\/milicia-pro.com\/index.php\/wp-json\/wp\/v2\/product_tag?post=32193"}],"curies":[{"name":"wp","href":"https:\/\/api.w.org\/{rel}","templated":true}]}}