{"id":32167,"date":"2022-09-01T17:29:26","date_gmt":"2022-09-01T17:29:26","guid":{"rendered":"https:\/\/milicia-pro.com\/?post_type=product&#038;p=32167"},"modified":"2026-02-11T18:16:39","modified_gmt":"2026-02-11T18:16:39","slug":"bota-urban-operator-7-waterproof-com-fecho","status":"publish","type":"product","link":"https:\/\/milicia-pro.com\/index.php\/product\/bota-urban-operator-7-waterproof-com-fecho\/","title":{"rendered":"BOTA URBAN OPERATOR 7&#8243; WATERPROOF COM FECHO"},"content":{"rendered":"<p>A bota Urbam Operator H2O com fecho lateral tem uma membrana a 100% imperme\u00e1vel e respir\u00e1vel que manter\u00e1 os p\u00e9s secos em condi\u00e7\u00f5es de bastante h\u00famidas.<\/p>\n<p>Com fecho lateral YKK VISLON para ajudar a colocar e tirar mais rapidamente as botas. Com 17,7cm de comprimento de cano da bota e com bolso na lateral para acondicionar uma faca, fazendo-se sentir sempre protegido.<\/p>\n<p><iframe loading=\"lazy\" title=\"165015 Urban Operator H2O side zip\" width=\"1020\" height=\"574\" src=\"https:\/\/www.youtube.com\/embed\/IhqlgcITUhM?feature=oembed\" frameborder=\"0\" allow=\"accelerometer; autoplay; clipboard-write; encrypted-media; gyroscope; picture-in-picture; web-share\" referrerpolicy=\"strict-origin-when-cross-origin\" allowfullscreen><\/iframe><\/p>\n<p><img loading=\"lazy\" decoding=\"async\" class=\"size-full wp-image-17672 alignleft\" src=\"https:\/\/miliciapro.com\/wp-content\/uploads\/2020\/03\/165015-10.png\" alt=\"\" width=\"188\" height=\"130\" \/><\/p>\n<p>&nbsp;<\/p>\n<p><strong>FECHO LATERAL<\/strong><\/p>\n<p>Apresenta fecho lateral YKK VISLON e protec\u00e7\u00e3o em Velcro moldado ao fecho para maior seguran\u00e7a.<\/p>\n<p>&nbsp;<\/p>\n<p><img loading=\"lazy\" decoding=\"async\" class=\"size-medium wp-image-17673 alignleft\" src=\"https:\/\/miliciapro.com\/wp-content\/uploads\/2020\/03\/165015-11.png\" alt=\"\" width=\"187\" height=\"128\" \/><\/p>\n<p>&nbsp;<\/p>\n<p><strong>MEMBRANA \u00c0 PROVA DE \u00c1GUA<\/strong><\/p>\n<p>Membrana 100% imperme\u00e1vel e respir\u00e1vel manter\u00e1 os p\u00e9s secos em condi\u00e7\u00f5es molhadas.<\/p>\n<p>&nbsp;<\/p>\n<p>&nbsp;<\/p>\n<p><img loading=\"lazy\" decoding=\"async\" class=\"size-medium wp-image-17674 alignleft\" src=\"https:\/\/miliciapro.com\/wp-content\/uploads\/2020\/03\/165015-12.png\" alt=\"\" width=\"188\" height=\"127\" \/><\/p>\n<p>&nbsp;<\/p>\n<p><strong>BOLSO ESCONDIDO PARA GUARDAR UMA FACA<\/strong><\/p>\n<p>Apresenta um bolso lateral onde pode encaixar uma faca Scorpion Tanto.<\/p>\n","protected":false},"excerpt":{"rendered":"<p>A bota Urbam Operator H2O com fecho lateral tem uma membrana a 100% imperme\u00e1vel e respir\u00e1vel que manter\u00e1 os p\u00e9s secos em condi\u00e7\u00f5es de bastante h\u00famidas. Com fecho lateral YKK VISLON para ajudar a colocar e tirar mais rapidamente as botas. Com 17,7cm de comprimento de cano da bota e com bolso na lateral para [&#8230;]\n","protected":false},"featured_media":32188,"comment_status":"open","ping_status":"closed","template":"","meta":{"_monsterinsights_skip_tracking":false,"_monsterinsights_sitenote_active":false,"_monsterinsights_sitenote_note":"","_monsterinsights_sitenote_category":0},"product_brand":[],"product_cat":[1464,1463,830,829],"product_tag":[86,325],"class_list":{"0":"post-32167","1":"product","2":"type-product","3":"status-publish","4":"has-post-thumbnail","6":"product_cat-botas-calcado-2","7":"product_cat-calcado-2","8":"product_cat-firsttactical","9":"product_cat-marcas","10":"product_tag-bota","11":"product_tag-tatica","13":"first","14":"instock","15":"shipping-taxable","16":"purchasable","17":"product-type-variable"},"aioseo_notices":[],"jetpack_sharing_enabled":true,"_links":{"self":[{"href":"https:\/\/milicia-pro.com\/index.php\/wp-json\/wp\/v2\/product\/32167","targetHints":{"allow":["GET"]}}],"collection":[{"href":"https:\/\/milicia-pro.com\/index.php\/wp-json\/wp\/v2\/product"}],"about":[{"href":"https:\/\/milicia-pro.com\/index.php\/wp-json\/wp\/v2\/types\/product"}],"replies":[{"embeddable":true,"href":"https:\/\/milicia-pro.com\/index.php\/wp-json\/wp\/v2\/comments?post=32167"}],"wp:featuredmedia":[{"embeddable":true,"href":"https:\/\/milicia-pro.com\/index.php\/wp-json\/wp\/v2\/media\/32188"}],"wp:attachment":[{"href":"https:\/\/milicia-pro.com\/index.php\/wp-json\/wp\/v2\/media?parent=32167"}],"wp:term":[{"taxonomy":"product_brand","embeddable":true,"href":"https:\/\/milicia-pro.com\/index.php\/wp-json\/wp\/v2\/product_brand?post=32167"},{"taxonomy":"product_cat","embeddable":true,"href":"https:\/\/milicia-pro.com\/index.php\/wp-json\/wp\/v2\/product_cat?post=32167"},{"taxonomy":"product_tag","embeddable":true,"href":"https:\/\/milicia-pro.com\/index.php\/wp-json\/wp\/v2\/product_tag?post=32167"}],"curies":[{"name":"wp","href":"https:\/\/api.w.org\/{rel}","templated":true}]}}