{"id":32139,"date":"2022-09-01T17:29:03","date_gmt":"2022-09-01T17:29:03","guid":{"rendered":"https:\/\/milicia-pro.com\/?post_type=product&#038;p=32139"},"modified":"2026-02-18T16:58:01","modified_gmt":"2026-02-18T16:58:01","slug":"bota-urban-operator-com-fecho","status":"publish","type":"product","link":"https:\/\/milicia-pro.com\/index.php\/product\/bota-urban-operator-com-fecho\/","title":{"rendered":"BOTA URBAN OPERATOR COM FECHO"},"content":{"rendered":"<p>A Bota Urban Operator apresenta-se com um cano de 17,7cm de comprimento e com fecho lateral YKK VISLON para ajudar mais rapidamente a cal\u00e7ar e descal\u00e7ar as suas botas.<\/p>\n<p>A leve malha de ar espa\u00e7ador a 3D e as perfura\u00e7\u00f5es, estrategicamente posicionadas, mant\u00eam os seus p\u00e9s a uma temperatura est\u00e1vel. Bolso lateral externo, pr\u00f3prio para acondicionar uma faca.<\/p>\n<p><iframe loading=\"lazy\" title=\"165014 Urban Operator side zip\" width=\"1020\" height=\"574\" src=\"https:\/\/www.youtube.com\/embed\/GJm86dsJPpk?feature=oembed\" frameborder=\"0\" allow=\"accelerometer; autoplay; clipboard-write; encrypted-media; gyroscope; picture-in-picture; web-share\" referrerpolicy=\"strict-origin-when-cross-origin\" allowfullscreen><\/iframe><\/p>\n<p><img loading=\"lazy\" decoding=\"async\" class=\"alignnone size-medium wp-image-17650\" src=\"https:\/\/miliciapro.com\/wp-content\/uploads\/2020\/03\/165014_Scorpion_Knife_Tanto_Blade_5-396x400.png\" alt=\"\" width=\"396\" height=\"400\" \/><\/p>\n<p><img loading=\"lazy\" decoding=\"async\" class=\"wp-image-17647 alignleft\" src=\"https:\/\/miliciapro.com\/wp-content\/uploads\/2020\/03\/165014-10.png\" alt=\"\" width=\"194\" height=\"133\" \/><\/p>\n<p>&nbsp;<\/p>\n<p><strong>FECHO LATERAL<\/strong><\/p>\n<p>Apresenta fecho lateral YKK VISLON e protec\u00e7\u00e3o em Velcro moldado ao fecho para maior seguran\u00e7a.<\/p>\n<p>&nbsp;<\/p>\n<p><img loading=\"lazy\" decoding=\"async\" class=\"size-medium wp-image-17648 alignleft\" src=\"https:\/\/miliciapro.com\/wp-content\/uploads\/2020\/03\/165014-11.png\" alt=\"\" width=\"187\" height=\"132\" \/><\/p>\n<p>&nbsp;<\/p>\n<p><strong>SOLA ANTIDERRAPANTE E RESISTENTE AO \u00d3LEO<\/strong><\/p>\n<p>A sola \u00e9 de borracha, dur\u00e1vel, com um componente antiderrapante e resistente ao \u00f3leo.<\/p>\n<p>&nbsp;<\/p>\n<p>&nbsp;<\/p>\n<p><img loading=\"lazy\" decoding=\"async\" class=\"wp-image-17649 alignleft\" src=\"https:\/\/miliciapro.com\/wp-content\/uploads\/2020\/03\/165014-12.png\" alt=\"\" width=\"185\" height=\"131\" \/><\/p>\n<p><strong>DESEMPENHO DA PALMILHA<\/strong><\/p>\n<p>Palmilha de poliuretano de duplo composto com bolsos de fluxo de ar integrados para melhorar a respirabilidade, a base de c\u00e9lula fechada fornece amortecimento e absor\u00e7\u00e3o de choque durante todo o dia. A camada superior de PU de c\u00e9lula aberta \u00e9 respir\u00e1vel, antimicrobiana e absorve a transpira\u00e7\u00e3o.<\/p>\n","protected":false},"excerpt":{"rendered":"<p>Desconto para profissionais mediante identifica\u00e7\u00e3o<\/p>\n","protected":false},"featured_media":32179,"comment_status":"open","ping_status":"closed","template":"","meta":{"_monsterinsights_skip_tracking":false,"_monsterinsights_sitenote_active":false,"_monsterinsights_sitenote_note":"","_monsterinsights_sitenote_category":0},"product_brand":[1509],"product_cat":[1464,1463,830],"product_tag":[86,169,529,277],"class_list":{"0":"post-32139","1":"product","2":"type-product","3":"status-publish","4":"has-post-thumbnail","6":"product_brand-first-tactical","7":"product_cat-botas-calcado-2","8":"product_cat-calcado-2","9":"product_cat-firsttactical","10":"product_tag-bota","11":"product_tag-homem","12":"product_tag-operacional","13":"product_tag-profissional","15":"first","16":"instock","17":"shipping-taxable","18":"purchasable","19":"product-type-variable"},"aioseo_notices":[],"jetpack_sharing_enabled":true,"_links":{"self":[{"href":"https:\/\/milicia-pro.com\/index.php\/wp-json\/wp\/v2\/product\/32139","targetHints":{"allow":["GET"]}}],"collection":[{"href":"https:\/\/milicia-pro.com\/index.php\/wp-json\/wp\/v2\/product"}],"about":[{"href":"https:\/\/milicia-pro.com\/index.php\/wp-json\/wp\/v2\/types\/product"}],"replies":[{"embeddable":true,"href":"https:\/\/milicia-pro.com\/index.php\/wp-json\/wp\/v2\/comments?post=32139"}],"wp:featuredmedia":[{"embeddable":true,"href":"https:\/\/milicia-pro.com\/index.php\/wp-json\/wp\/v2\/media\/32179"}],"wp:attachment":[{"href":"https:\/\/milicia-pro.com\/index.php\/wp-json\/wp\/v2\/media?parent=32139"}],"wp:term":[{"taxonomy":"product_brand","embeddable":true,"href":"https:\/\/milicia-pro.com\/index.php\/wp-json\/wp\/v2\/product_brand?post=32139"},{"taxonomy":"product_cat","embeddable":true,"href":"https:\/\/milicia-pro.com\/index.php\/wp-json\/wp\/v2\/product_cat?post=32139"},{"taxonomy":"product_tag","embeddable":true,"href":"https:\/\/milicia-pro.com\/index.php\/wp-json\/wp\/v2\/product_tag?post=32139"}],"curies":[{"name":"wp","href":"https:\/\/api.w.org\/{rel}","templated":true}]}}