{"id":32133,"date":"2022-09-01T17:29:02","date_gmt":"2022-09-01T17:29:02","guid":{"rendered":"https:\/\/milicia-pro.com\/?post_type=product&#038;p=32133"},"modified":"2026-02-18T15:19:45","modified_gmt":"2026-02-18T15:19:45","slug":"luva-de-patrulha-resistente","status":"publish","type":"product","link":"https:\/\/milicia-pro.com\/index.php\/product\/luva-de-patrulha-resistente\/","title":{"rendered":"LUVA DE PATRULHA RESISTENTE"},"content":{"rendered":"<p>\u00c9 uma luva t\u00e1ctica, confi\u00e1vel, dur\u00e1vel e com boa mobilidade. A luva de barra r\u00edgida Slash &amp; Flash da First Tactical possui uma palma forrada de Kevlar e a restante luva a Nomex, que \u00e9 certificada a n\u00edvel II, resistente a chamas.<\/p>\n<p>Protec\u00e7\u00e3o r\u00edgida com costuras TPR e a ponta dos dedos em TouchTac. Palma de pele de cabra lav\u00e1vel \u00e0 m\u00e1quina para utilidade a longo prazo. Palma forrada a Kevlar e a restante luva em Nomex.<\/p>\n<p><img loading=\"lazy\" decoding=\"async\" class=\"alignnone size-medium wp-image-17640\" src=\"https:\/\/miliciapro.com\/wp-content\/uploads\/2020\/03\/FT-Police-572A2740-600x400.jpg\" alt=\"\" width=\"600\" height=\"400\" \/><\/p>\n<p><img loading=\"lazy\" decoding=\"async\" class=\"size-full wp-image-17632 alignleft\" src=\"https:\/\/miliciapro.com\/wp-content\/uploads\/2020\/03\/150012-10.png\" alt=\"\" width=\"208\" height=\"147\" \/><\/p>\n<p>&nbsp;<\/p>\n<p><b>PALMA RESISTENTE AO CORTE<\/b><\/p>\n<p>A palma forrada com Kevlar \u00e9 certificada com N\u00edvel II de resist\u00eancia ao corte, o que oferece confian\u00e7a durante o trabalho.<\/p>\n<p>&nbsp;<\/p>\n<p><img loading=\"lazy\" decoding=\"async\" class=\"size-medium wp-image-17633 alignleft\" src=\"https:\/\/miliciapro.com\/wp-content\/uploads\/2020\/03\/150012-11.png\" alt=\"\" width=\"209\" height=\"150\" \/><\/p>\n<p>&nbsp;<\/p>\n<p><b>PALMA RESISTENTE AO CORTE<\/b><\/p>\n<p>A palma forrada com Kevlar \u00e9 certificada com N\u00edvel II de resist\u00eancia ao corte, o que oferece confian\u00e7a durante o trabalho.<\/p>\n<p>&nbsp;<\/p>\n<p><img loading=\"lazy\" decoding=\"async\" class=\"size-medium wp-image-17634 alignleft\" src=\"https:\/\/miliciapro.com\/wp-content\/uploads\/2020\/03\/150012-12.png\" alt=\"\" width=\"212\" height=\"150\" \/><\/p>\n<p>&nbsp;<\/p>\n<p><b>CONSTRU\u00c7\u00c3O TOUCHTAC FINGERTIP<\/b><\/p>\n<p>A ponta do dedo indicador n\u00e3o possui Kevlar permitindo que a luva seja sens\u00edvel ao toque.<\/p>\n","protected":false},"excerpt":{"rendered":"<p>\u00c9 uma luva t\u00e1ctica, confi\u00e1vel, dur\u00e1vel e com boa mobilidade. A luva de barra r\u00edgida Slash &amp; Flash da First Tactical possui uma palma forrada de Kevlar e a restante luva a Nomex, que \u00e9 certificada a n\u00edvel II, resistente a chamas. Protec\u00e7\u00e3o r\u00edgida com costuras TPR e a ponta dos dedos em TouchTac. Palma [&#8230;]\n","protected":false},"featured_media":32156,"comment_status":"open","ping_status":"closed","template":"","meta":{"_monsterinsights_skip_tracking":false,"_monsterinsights_sitenote_active":false,"_monsterinsights_sitenote_note":"","_monsterinsights_sitenote_category":0},"product_brand":[],"product_cat":[1064,830,1088,829],"product_tag":[498,200,714],"class_list":{"0":"post-32133","1":"product","2":"type-product","3":"status-publish","4":"has-post-thumbnail","6":"product_cat-equipamentotatico","7":"product_cat-firsttactical","8":"product_cat-luvas","9":"product_cat-marcas","10":"product_tag-anti-corte","11":"product_tag-luva","12":"product_tag-patrulha","14":"first","15":"instock","16":"shipping-taxable","17":"purchasable","18":"product-type-variable"},"aioseo_notices":[],"jetpack_sharing_enabled":true,"_links":{"self":[{"href":"https:\/\/milicia-pro.com\/index.php\/wp-json\/wp\/v2\/product\/32133","targetHints":{"allow":["GET"]}}],"collection":[{"href":"https:\/\/milicia-pro.com\/index.php\/wp-json\/wp\/v2\/product"}],"about":[{"href":"https:\/\/milicia-pro.com\/index.php\/wp-json\/wp\/v2\/types\/product"}],"replies":[{"embeddable":true,"href":"https:\/\/milicia-pro.com\/index.php\/wp-json\/wp\/v2\/comments?post=32133"}],"wp:featuredmedia":[{"embeddable":true,"href":"https:\/\/milicia-pro.com\/index.php\/wp-json\/wp\/v2\/media\/32156"}],"wp:attachment":[{"href":"https:\/\/milicia-pro.com\/index.php\/wp-json\/wp\/v2\/media?parent=32133"}],"wp:term":[{"taxonomy":"product_brand","embeddable":true,"href":"https:\/\/milicia-pro.com\/index.php\/wp-json\/wp\/v2\/product_brand?post=32133"},{"taxonomy":"product_cat","embeddable":true,"href":"https:\/\/milicia-pro.com\/index.php\/wp-json\/wp\/v2\/product_cat?post=32133"},{"taxonomy":"product_tag","embeddable":true,"href":"https:\/\/milicia-pro.com\/index.php\/wp-json\/wp\/v2\/product_tag?post=32133"}],"curies":[{"name":"wp","href":"https:\/\/api.w.org\/{rel}","templated":true}]}}