{"id":32103,"date":"2022-09-01T17:28:34","date_gmt":"2022-09-01T17:28:34","guid":{"rendered":"https:\/\/milicia-pro.com\/?post_type=product&#038;p=32103"},"modified":"2025-12-12T13:11:03","modified_gmt":"2025-12-12T13:11:03","slug":"luva-de-patrulha-slash","status":"publish","type":"product","link":"https:\/\/milicia-pro.com\/index.php\/product\/luva-de-patrulha-slash\/","title":{"rendered":"LUVA DE PATRULHA SLASH"},"content":{"rendered":"<p>\u00c9 uma luva t\u00e1ctica, confi\u00e1vel, dur\u00e1vel e com boa mobilidade. A luva de barra r\u00edgida Slash &amp; Flash da First Tactical possui uma palma forrada de Kevlar e a restante luva a Nomex, que \u00e9 certificada a n\u00edvel II, resistente a chamas.<\/p>\n<p>Terminada com uma protec\u00e7\u00e3o r\u00edgida com costuras TPR e a ponta dos dedos em TouchTac.<\/p>\n<p>Palma de pele de cabra lav\u00e1vel \u00e0 m\u00e1quina para utilidade a longo prazo. Palma forrada a Kevlar e a restante luva em Nomex.<\/p>\n<p>&nbsp;<\/p>\n<p><img loading=\"lazy\" decoding=\"async\" class=\"size-full wp-image-17608 alignleft\" src=\"https:\/\/miliciapro.com\/wp-content\/uploads\/2020\/03\/150009-10.png\" alt=\"\" width=\"189\" height=\"132\" \/><\/p>\n<p>&nbsp;<\/p>\n<p><b>PALMA RESISTENTE AO CORTE<\/b><\/p>\n<p>A palma forrada com Kevlar \u00e9 certificada com N\u00edvel II de resist\u00eancia ao corte, o que oferece confian\u00e7a durante o trabalho.<\/p>\n<p>&nbsp;<\/p>\n<p><img loading=\"lazy\" decoding=\"async\" class=\"size-full wp-image-17609 alignleft\" src=\"https:\/\/miliciapro.com\/wp-content\/uploads\/2020\/03\/150009-11.png\" alt=\"\" width=\"186\" height=\"132\" \/><\/p>\n<p>&nbsp;<\/p>\n<p>&nbsp;<\/p>\n<p><b>CONSTRU\u00c7\u00c3O DA PONTA DO DEDO EM TOUCHTAC<\/b><\/p>\n<p>A ponta do dedo indicador apresenta-se em Kevlar permitindo que a luva seja sens\u00edvel ao toque.<\/p>\n<p>&nbsp;<\/p>\n<p><img loading=\"lazy\" decoding=\"async\" class=\"size-full wp-image-17610 alignleft\" src=\"https:\/\/miliciapro.com\/wp-content\/uploads\/2020\/03\/150009-12.png\" alt=\"\" width=\"196\" height=\"133\" \/><\/p>\n<p>&nbsp;<\/p>\n<p><b>RESISTENTE AO FOGO<\/b><\/p>\n<p>A luva de junta r\u00edgida Slash &amp; Flash apresenta\u00e7\u00e3o uma composi\u00e7\u00e3o em Nomex com impress\u00e3o sobre sil\u00edcio resistente a chamas que fornece seguran\u00e7a.<\/p>\n","protected":false},"excerpt":{"rendered":"<p>\u00c9 uma luva t\u00e1ctica, confi\u00e1vel, dur\u00e1vel e com boa mobilidade. A luva de barra r\u00edgida Slash &amp; Flash da First Tactical possui uma palma forrada de Kevlar e a restante luva a Nomex, que \u00e9 certificada a n\u00edvel II, resistente a chamas. Terminada com uma protec\u00e7\u00e3o r\u00edgida com costuras TPR e a ponta dos dedos [&#8230;]\n","protected":false},"featured_media":32146,"comment_status":"open","ping_status":"closed","template":"","meta":{"_monsterinsights_skip_tracking":false,"_monsterinsights_sitenote_active":false,"_monsterinsights_sitenote_note":"","_monsterinsights_sitenote_category":0},"product_brand":[],"product_cat":[1064,830,1088,829],"product_tag":[715,498,846],"class_list":{"0":"post-32103","1":"product","2":"type-product","3":"status-publish","4":"has-post-thumbnail","6":"product_cat-equipamentotatico","7":"product_cat-firsttactical","8":"product_cat-luvas","9":"product_cat-marcas","10":"product_tag-anti-chama","11":"product_tag-anti-corte","12":"product_tag-luvas","14":"first","15":"instock","16":"shipping-taxable","17":"purchasable","18":"product-type-variable"},"aioseo_notices":[],"jetpack_sharing_enabled":true,"_links":{"self":[{"href":"https:\/\/milicia-pro.com\/index.php\/wp-json\/wp\/v2\/product\/32103","targetHints":{"allow":["GET"]}}],"collection":[{"href":"https:\/\/milicia-pro.com\/index.php\/wp-json\/wp\/v2\/product"}],"about":[{"href":"https:\/\/milicia-pro.com\/index.php\/wp-json\/wp\/v2\/types\/product"}],"replies":[{"embeddable":true,"href":"https:\/\/milicia-pro.com\/index.php\/wp-json\/wp\/v2\/comments?post=32103"}],"wp:featuredmedia":[{"embeddable":true,"href":"https:\/\/milicia-pro.com\/index.php\/wp-json\/wp\/v2\/media\/32146"}],"wp:attachment":[{"href":"https:\/\/milicia-pro.com\/index.php\/wp-json\/wp\/v2\/media?parent=32103"}],"wp:term":[{"taxonomy":"product_brand","embeddable":true,"href":"https:\/\/milicia-pro.com\/index.php\/wp-json\/wp\/v2\/product_brand?post=32103"},{"taxonomy":"product_cat","embeddable":true,"href":"https:\/\/milicia-pro.com\/index.php\/wp-json\/wp\/v2\/product_cat?post=32103"},{"taxonomy":"product_tag","embeddable":true,"href":"https:\/\/milicia-pro.com\/index.php\/wp-json\/wp\/v2\/product_tag?post=32103"}],"curies":[{"name":"wp","href":"https:\/\/api.w.org\/{rel}","templated":true}]}}