{"id":32078,"date":"2022-09-01T17:28:11","date_gmt":"2022-09-01T17:28:11","guid":{"rendered":"https:\/\/milicia-pro.com\/?post_type=product&#038;p=32078"},"modified":"2026-02-12T15:31:36","modified_gmt":"2026-02-12T15:31:36","slug":"luva-de-mulher-acolchoada-para-servico-normal","status":"publish","type":"product","link":"https:\/\/milicia-pro.com\/index.php\/product\/luva-de-mulher-acolchoada-para-servico-normal\/","title":{"rendered":"LUVA DE MULHER ACOLCHOADA PARA SERVI\u00c7O NORMAL"},"content":{"rendered":"<p>Esta luva acolchoada para servi\u00e7o normal da First Tactical, feita especificamente para uma m\u00e3o feminina, oferece protec\u00e7\u00e3o, \u00e9 dur\u00e1vel e com boa mobilidade.<\/p>\n<p>A palma da luva \u00e9 em pele de cabra lav\u00e1vel \u00e0 m\u00e1quina.<\/p>\n<p><iframe loading=\"lazy\" title=\"First Tactical&#039;s Medium Duty Padded Glove\" width=\"1020\" height=\"574\" src=\"https:\/\/www.youtube.com\/embed\/-94zdobbipU?feature=oembed\" frameborder=\"0\" allow=\"accelerometer; autoplay; clipboard-write; encrypted-media; gyroscope; picture-in-picture; web-share\" allowfullscreen><\/iframe><\/p>\n<p><img loading=\"lazy\" decoding=\"async\" class=\"size-full wp-image-17579 alignleft\" src=\"https:\/\/miliciapro.com\/wp-content\/uploads\/2020\/03\/150006-10.png\" alt=\"\" width=\"209\" height=\"147\" \/><\/p>\n<p>&nbsp;<\/p>\n<p><b>ESPECIALIZADA PARA SENHORA<\/b><\/p>\n<p>Esta luva especializada para senhora possui uma espuma perfurada de c\u00e9lulas fechadas oferece uma ventila\u00e7\u00e3o resistente a bact\u00e9rias, mantendo as articula\u00e7\u00f5es suficientemente protegidas e \u00e1geis.<\/p>\n<p>&nbsp;<\/p>\n<p><img loading=\"lazy\" decoding=\"async\" class=\"size-medium wp-image-17580 alignleft\" src=\"https:\/\/miliciapro.com\/wp-content\/uploads\/2020\/03\/150006-11.png\" alt=\"\" width=\"205\" height=\"144\" \/><\/p>\n<p>&nbsp;<\/p>\n<p><b>PALMA DA LUVA EM PELE DE CABRA LAV\u00c1VEL<\/b><\/p>\n<p>Quando estiver sujo, basta lavar, secar ao ar e voltar a usar.<\/p>\n<p>&nbsp;<\/p>\n<p>&nbsp;<\/p>\n<p><img loading=\"lazy\" decoding=\"async\" class=\"wp-image-17581 alignleft\" src=\"https:\/\/miliciapro.com\/wp-content\/uploads\/2020\/03\/150006-12.png\" alt=\"\" width=\"208\" height=\"147\" \/><\/p>\n<p>&nbsp;<\/p>\n<p><b>CONSTRU\u00c7\u00c3O DE DEDOS TOUCHTAC<\/b><\/p>\n<p>A engenharia revolucion\u00e1ria da ponta dos dedos oferece um ajuste melhor para obter ainda mais efici\u00eancia e desempenho, com um design de dedo indicador que envolve uma tela sens\u00edvel ao toque.<\/p>\n","protected":false},"excerpt":{"rendered":"<p>Esta luva acolchoada para servi\u00e7o normal da First Tactical, feita especificamente para uma m\u00e3o feminina, oferece protec\u00e7\u00e3o, \u00e9 dur\u00e1vel e com boa mobilidade. A palma da luva \u00e9 em pele de cabra lav\u00e1vel \u00e0 m\u00e1quina. &nbsp; ESPECIALIZADA PARA SENHORA Esta luva especializada para senhora possui uma espuma perfurada de c\u00e9lulas fechadas oferece uma ventila\u00e7\u00e3o resistente [&#8230;]\n","protected":false},"featured_media":32122,"comment_status":"open","ping_status":"closed","template":"","meta":{"_monsterinsights_skip_tracking":false,"_monsterinsights_sitenote_active":false,"_monsterinsights_sitenote_note":"","_monsterinsights_sitenote_category":0},"product_brand":[],"product_cat":[1064,830,1088],"product_tag":[301],"class_list":{"0":"post-32078","1":"product","2":"type-product","3":"status-publish","4":"has-post-thumbnail","6":"product_cat-equipamentotatico","7":"product_cat-firsttactical","8":"product_cat-luvas","9":"product_tag-senhora","11":"first","12":"instock","13":"shipping-taxable","14":"purchasable","15":"product-type-variable"},"aioseo_notices":[],"jetpack_sharing_enabled":true,"_links":{"self":[{"href":"https:\/\/milicia-pro.com\/index.php\/wp-json\/wp\/v2\/product\/32078","targetHints":{"allow":["GET"]}}],"collection":[{"href":"https:\/\/milicia-pro.com\/index.php\/wp-json\/wp\/v2\/product"}],"about":[{"href":"https:\/\/milicia-pro.com\/index.php\/wp-json\/wp\/v2\/types\/product"}],"replies":[{"embeddable":true,"href":"https:\/\/milicia-pro.com\/index.php\/wp-json\/wp\/v2\/comments?post=32078"}],"wp:featuredmedia":[{"embeddable":true,"href":"https:\/\/milicia-pro.com\/index.php\/wp-json\/wp\/v2\/media\/32122"}],"wp:attachment":[{"href":"https:\/\/milicia-pro.com\/index.php\/wp-json\/wp\/v2\/media?parent=32078"}],"wp:term":[{"taxonomy":"product_brand","embeddable":true,"href":"https:\/\/milicia-pro.com\/index.php\/wp-json\/wp\/v2\/product_brand?post=32078"},{"taxonomy":"product_cat","embeddable":true,"href":"https:\/\/milicia-pro.com\/index.php\/wp-json\/wp\/v2\/product_cat?post=32078"},{"taxonomy":"product_tag","embeddable":true,"href":"https:\/\/milicia-pro.com\/index.php\/wp-json\/wp\/v2\/product_tag?post=32078"}],"curies":[{"name":"wp","href":"https:\/\/api.w.org\/{rel}","templated":true}]}}