{"id":32034,"date":"2022-09-01T17:27:35","date_gmt":"2022-09-01T17:27:35","guid":{"rendered":"https:\/\/milicia-pro.com\/?post_type=product&#038;p=32034"},"modified":"2025-07-27T13:34:33","modified_gmt":"2025-07-27T13:34:33","slug":"luva-fina-de-mulher-para-patrulha","status":"publish","type":"product","link":"https:\/\/milicia-pro.com\/index.php\/product\/luva-fina-de-mulher-para-patrulha\/","title":{"rendered":"LUVA FINA DE MULHER PARA PATRULHA"},"content":{"rendered":"<p>Luva t\u00e1ctica de patrulha mais leve da First Tactical. Considerada um bom adere\u00e7o de trabalho com extrema sensibilidade ao tato e dur\u00e1vel.<\/p>\n<p>Palma de pele de cabra lav\u00e1vel \u00e0 m\u00e1quina. Tecido leve, el\u00e1stico e resistente ao desgaste para ajuste preciso e apar\u00eancia profissional.<\/p>\n<p><iframe loading=\"lazy\" title=\"First Tactical&#039;s Lightweight Patrol Glove\" width=\"1020\" height=\"574\" src=\"https:\/\/www.youtube.com\/embed\/7RY4s_MayrE?feature=oembed\" frameborder=\"0\" allow=\"accelerometer; autoplay; clipboard-write; encrypted-media; gyroscope; picture-in-picture; web-share\" allowfullscreen><\/iframe><\/p>\n<p><img loading=\"lazy\" decoding=\"async\" class=\"size-full wp-image-17544 alignleft\" src=\"https:\/\/miliciapro.com\/wp-content\/uploads\/2020\/03\/150002-12.png\" alt=\"\" width=\"205\" height=\"143\" \/><\/p>\n<p>&nbsp;<\/p>\n<p><strong>MULHER T\u00c1TICA<\/strong><\/p>\n<p>Ideal e constru\u00edda especialmente para uma m\u00e3o feminina, operacional, de uma for\u00e7a de seguran\u00e7a.<\/p>\n<p>&nbsp;<\/p>\n<p><img loading=\"lazy\" decoding=\"async\" class=\"size-full wp-image-17545 alignleft\" src=\"https:\/\/miliciapro.com\/wp-content\/uploads\/2020\/03\/150002-10.png\" alt=\"\" width=\"206\" height=\"151\" \/><\/p>\n<p>&nbsp;<\/p>\n<p><strong>PALMA DA LUVA EM PELE DE CABRA LAV\u00c1VEL<\/strong><\/p>\n<p>Quando estiver suja, basta lavar, secar ao ar e usar novamente.<\/p>\n<p>&nbsp;<\/p>\n<p>&nbsp;<\/p>\n<p>&nbsp;<\/p>\n<p><img loading=\"lazy\" decoding=\"async\" class=\"size-full wp-image-17546 alignleft\" src=\"https:\/\/miliciapro.com\/wp-content\/uploads\/2020\/03\/150002-11.png\" alt=\"\" width=\"208\" height=\"146\" \/><\/p>\n<p>&nbsp;<\/p>\n<p><strong>CONSTRU\u00c7\u00c3O DE DEDOS TOUCHTAC<\/strong><\/p>\n<p>A engenharia revolucion\u00e1ria da ponta dos dedos oferece um ajuste melhor para obter ainda mais efici\u00eancia e desempenho, com um design de dedo indicador que envolve uma tela sens\u00edvel ao toque.<\/p>\n","protected":false},"excerpt":{"rendered":"<p>Luva t\u00e1ctica de patrulha mais leve da First Tactical. Considerada um bom adere\u00e7o de trabalho com extrema sensibilidade ao tato e dur\u00e1vel. Palma de pele de cabra lav\u00e1vel \u00e0 m\u00e1quina. Tecido leve, el\u00e1stico e resistente ao desgaste para ajuste preciso e apar\u00eancia profissional. &nbsp; MULHER T\u00c1TICA Ideal e constru\u00edda especialmente para uma m\u00e3o feminina, operacional, [&#8230;]\n","protected":false},"featured_media":32110,"comment_status":"open","ping_status":"closed","template":"","meta":{"_monsterinsights_skip_tracking":false,"_monsterinsights_sitenote_active":false,"_monsterinsights_sitenote_note":"","_monsterinsights_sitenote_category":0},"product_brand":[],"product_cat":[1064,830,1088,829],"product_tag":[846,326],"class_list":{"0":"post-32034","1":"product","2":"type-product","3":"status-publish","4":"has-post-thumbnail","6":"product_cat-equipamentotatico","7":"product_cat-firsttactical","8":"product_cat-luvas","9":"product_cat-marcas","10":"product_tag-luvas","11":"product_tag-tatico","13":"first","14":"instock","15":"shipping-taxable","16":"purchasable","17":"product-type-variable"},"aioseo_notices":[],"jetpack_sharing_enabled":true,"_links":{"self":[{"href":"https:\/\/milicia-pro.com\/index.php\/wp-json\/wp\/v2\/product\/32034","targetHints":{"allow":["GET"]}}],"collection":[{"href":"https:\/\/milicia-pro.com\/index.php\/wp-json\/wp\/v2\/product"}],"about":[{"href":"https:\/\/milicia-pro.com\/index.php\/wp-json\/wp\/v2\/types\/product"}],"replies":[{"embeddable":true,"href":"https:\/\/milicia-pro.com\/index.php\/wp-json\/wp\/v2\/comments?post=32034"}],"wp:featuredmedia":[{"embeddable":true,"href":"https:\/\/milicia-pro.com\/index.php\/wp-json\/wp\/v2\/media\/32110"}],"wp:attachment":[{"href":"https:\/\/milicia-pro.com\/index.php\/wp-json\/wp\/v2\/media?parent=32034"}],"wp:term":[{"taxonomy":"product_brand","embeddable":true,"href":"https:\/\/milicia-pro.com\/index.php\/wp-json\/wp\/v2\/product_brand?post=32034"},{"taxonomy":"product_cat","embeddable":true,"href":"https:\/\/milicia-pro.com\/index.php\/wp-json\/wp\/v2\/product_cat?post=32034"},{"taxonomy":"product_tag","embeddable":true,"href":"https:\/\/milicia-pro.com\/index.php\/wp-json\/wp\/v2\/product_tag?post=32034"}],"curies":[{"name":"wp","href":"https:\/\/api.w.org\/{rel}","templated":true}]}}