{"id":32028,"date":"2022-09-01T17:27:35","date_gmt":"2022-09-01T17:27:35","guid":{"rendered":"https:\/\/milicia-pro.com\/?post_type=product&#038;p=32028"},"modified":"2025-12-12T13:15:37","modified_gmt":"2025-12-12T13:15:37","slug":"luva-fina-de-homem-para-patrulha","status":"publish","type":"product","link":"https:\/\/milicia-pro.com\/index.php\/product\/luva-fina-de-homem-para-patrulha\/","title":{"rendered":"LUVA FINA DE HOMEM PARA PATRULHA"},"content":{"rendered":"<p>Luva t\u00e1tica de patrulha mais leve da First Tactical. Considerada um bom adere\u00e7o de trabalho com extrema tato e dur\u00e1vel.<\/p>\n<p>Palma de pele de cabra lav\u00e1vel \u00e0 m\u00e1quina. Tecido leve, el\u00e1stico e resistente ao desgaste para ajuste preciso e apar\u00eancia profissional.<\/p>\n<p><iframe loading=\"lazy\" title=\"First Tactical&#039;s Lightweight Patrol Glove\" width=\"1020\" height=\"574\" src=\"https:\/\/www.youtube.com\/embed\/7RY4s_MayrE?feature=oembed\" frameborder=\"0\" allow=\"accelerometer; autoplay; clipboard-write; encrypted-media; gyroscope; picture-in-picture; web-share\" referrerpolicy=\"strict-origin-when-cross-origin\" allowfullscreen><\/iframe><\/p>\n<p><img loading=\"lazy\" decoding=\"async\" class=\"size-full wp-image-17529 alignleft\" src=\"https:\/\/miliciapro.com\/wp-content\/uploads\/2020\/03\/150001-10.png\" alt=\"\" width=\"211\" height=\"146\" \/><\/p>\n<p>&nbsp;<\/p>\n<p><strong>PALMA DA LUVA EM PELE DE CABRA LAV\u00c1VEL<\/strong><\/p>\n<p>Quando estiver suja, basta lavar, secar ao ar e usar novamente.<\/p>\n<p>&nbsp;<\/p>\n<p>&nbsp;<\/p>\n<p><img loading=\"lazy\" decoding=\"async\" class=\"size-full wp-image-17530 alignleft\" src=\"https:\/\/miliciapro.com\/wp-content\/uploads\/2020\/03\/150001-11.png\" alt=\"\" width=\"210\" height=\"144\" \/><\/p>\n<p>&nbsp;<\/p>\n<p><strong>FIRST TACTICAL AJUSTE DE PRECIS\u00c3O<\/strong><\/p>\n<p>O material leve e el\u00e1stico permite um ajuste preciso e uma apar\u00eancia profissional.<\/p>\n<p>&nbsp;<\/p>\n<p>&nbsp;<\/p>\n<p><img loading=\"lazy\" decoding=\"async\" class=\"size-medium wp-image-17531 alignleft\" src=\"https:\/\/miliciapro.com\/wp-content\/uploads\/2020\/03\/150001-12.png\" alt=\"\" width=\"206\" height=\"140\" \/><\/p>\n<p><strong>CONSTRU\u00c7\u00c3O DE DEDOS TOUCHTAC<\/strong><\/p>\n<p>A engenharia revolucion\u00e1ria da ponta dos dedos oferece um ajuste melhor para obter ainda mais efici\u00eancia e desempenho, com um design de dedo indicador que envolve uma tela sens\u00edvel ao toque.<\/p>\n","protected":false},"excerpt":{"rendered":"<p>Luva t\u00e1tica de patrulha mais leve da First Tactical. Considerada um bom adere\u00e7o de trabalho com extrema tato e dur\u00e1vel. Palma de pele de cabra lav\u00e1vel \u00e0 m\u00e1quina. Tecido leve, el\u00e1stico e resistente ao desgaste para ajuste preciso e apar\u00eancia profissional. &nbsp; PALMA DA LUVA EM PELE DE CABRA LAV\u00c1VEL Quando estiver suja, basta lavar, [&#8230;]\n","protected":false},"featured_media":32092,"comment_status":"open","ping_status":"closed","template":"","meta":{"_monsterinsights_skip_tracking":false,"_monsterinsights_sitenote_active":false,"_monsterinsights_sitenote_note":"","_monsterinsights_sitenote_category":0},"product_brand":[],"product_cat":[1064,830,1088,829],"product_tag":[846,714],"class_list":{"0":"post-32028","1":"product","2":"type-product","3":"status-publish","4":"has-post-thumbnail","6":"product_cat-equipamentotatico","7":"product_cat-firsttactical","8":"product_cat-luvas","9":"product_cat-marcas","10":"product_tag-luvas","11":"product_tag-patrulha","13":"first","14":"instock","15":"shipping-taxable","16":"purchasable","17":"product-type-variable"},"aioseo_notices":[],"jetpack_sharing_enabled":true,"_links":{"self":[{"href":"https:\/\/milicia-pro.com\/index.php\/wp-json\/wp\/v2\/product\/32028","targetHints":{"allow":["GET"]}}],"collection":[{"href":"https:\/\/milicia-pro.com\/index.php\/wp-json\/wp\/v2\/product"}],"about":[{"href":"https:\/\/milicia-pro.com\/index.php\/wp-json\/wp\/v2\/types\/product"}],"replies":[{"embeddable":true,"href":"https:\/\/milicia-pro.com\/index.php\/wp-json\/wp\/v2\/comments?post=32028"}],"wp:featuredmedia":[{"embeddable":true,"href":"https:\/\/milicia-pro.com\/index.php\/wp-json\/wp\/v2\/media\/32092"}],"wp:attachment":[{"href":"https:\/\/milicia-pro.com\/index.php\/wp-json\/wp\/v2\/media?parent=32028"}],"wp:term":[{"taxonomy":"product_brand","embeddable":true,"href":"https:\/\/milicia-pro.com\/index.php\/wp-json\/wp\/v2\/product_brand?post=32028"},{"taxonomy":"product_cat","embeddable":true,"href":"https:\/\/milicia-pro.com\/index.php\/wp-json\/wp\/v2\/product_cat?post=32028"},{"taxonomy":"product_tag","embeddable":true,"href":"https:\/\/milicia-pro.com\/index.php\/wp-json\/wp\/v2\/product_tag?post=32028"}],"curies":[{"name":"wp","href":"https:\/\/api.w.org\/{rel}","templated":true}]}}