{"id":31988,"date":"2022-09-01T17:26:46","date_gmt":"2022-09-01T17:26:46","guid":{"rendered":"https:\/\/milicia-pro.com\/?post_type=product&#038;p=31988"},"modified":"2025-07-24T16:19:40","modified_gmt":"2025-07-24T16:19:40","slug":"meia-advanced-fit-duty","status":"publish","type":"product","link":"https:\/\/milicia-pro.com\/index.php\/product\/meia-advanced-fit-duty\/","title":{"rendered":"MEIA ADVANCED FIT DUTY"},"content":{"rendered":"<p>Estas s\u00e3o as primeiras meias avan\u00e7adas de ajuste t\u00e1tico, com o p\u00e9 almofadado, mantendo o seu p\u00e9 ajustado.<\/p>\n<p>Meias apropriadas para turnos mais longos. Constru\u00edda com 73% de nylon,12% de poli\u00e9ster, 10% de algod\u00e3o e 5% de licra.<\/p>\n<p>INSTRU\u00c7\u00d5ES DE LAVAGEM: Lavar a frio; n\u00e3o usar lix\u00edvia; n\u00e3o usar amaciador; n\u00e3o passar a ferro; secar a baixas temperaturas caso use m\u00e1quina de secar.<\/p>\n<p><img loading=\"lazy\" decoding=\"async\" class=\"size-full wp-image-17515 alignleft\" src=\"https:\/\/miliciapro.com\/wp-content\/uploads\/2020\/03\/160008-10.png\" alt=\"\" width=\"207\" height=\"145\" \/><\/p>\n<p>&nbsp;<\/p>\n<p><strong>ALMOFADA AVAN\u00c7ADA<\/strong><\/p>\n<p>Estas meias vers\u00e1teis t\u00eam um estofamento para dar maior conforto. No peito do p\u00e9 apresenta um arco apertado fornecendo um ajuste e suporte confort\u00e1vel.<\/p>\n<p>&nbsp;<\/p>\n<p><img loading=\"lazy\" decoding=\"async\" class=\"size-medium wp-image-17516 alignleft\" src=\"https:\/\/miliciapro.com\/wp-content\/uploads\/2020\/03\/160008-11.png\" alt=\"\" width=\"208\" height=\"145\" \/><\/p>\n<p>&nbsp;<\/p>\n<p><strong>COMPRESS\u00c3O ATL\u00c9TICA<\/strong><\/p>\n<p>A compress\u00e3o em toda a meia aumenta o fluxo sangu\u00edneo e a estabilidade muscular.<\/p>\n<p>&nbsp;<\/p>\n<p>&nbsp;<\/p>\n<p><img loading=\"lazy\" decoding=\"async\" class=\"size-medium wp-image-17517 alignleft\" src=\"https:\/\/miliciapro.com\/wp-content\/uploads\/2020\/03\/160008-12.png\" alt=\"\" width=\"207\" height=\"147\" \/><\/p>\n<p>&nbsp;<\/p>\n<p><strong>PAINEIS VENTILADOS<\/strong><\/p>\n<p>Os pain\u00e9is de malha integrados s\u00e3o habilmente posicionados sobre o p\u00e9 para fornecer ventila\u00e7\u00e3o extra e manter os p\u00e9s frescos.<\/p>\n","protected":false},"excerpt":{"rendered":"<p>Estas s\u00e3o as primeiras meias avan\u00e7adas de ajuste t\u00e1tico, com o p\u00e9 almofadado, mantendo o seu p\u00e9 ajustado. Meias apropriadas para turnos mais longos. Constru\u00edda com 73% de nylon,12% de poli\u00e9ster, 10% de algod\u00e3o e 5% de licra. INSTRU\u00c7\u00d5ES DE LAVAGEM: Lavar a frio; n\u00e3o usar lix\u00edvia; n\u00e3o usar amaciador; n\u00e3o passar a ferro; secar [&#8230;]\n","protected":false},"featured_media":32085,"comment_status":"open","ping_status":"closed","template":"","meta":{"_monsterinsights_skip_tracking":false,"_monsterinsights_sitenote_active":false,"_monsterinsights_sitenote_note":"","_monsterinsights_sitenote_category":0},"product_brand":[],"product_cat":[1463,830,829,1465],"product_tag":[210],"class_list":{"0":"post-31988","1":"product","2":"type-product","3":"status-publish","4":"has-post-thumbnail","6":"product_cat-calcado-2","7":"product_cat-firsttactical","8":"product_cat-marcas","9":"product_cat-meias-calcado-2","10":"product_tag-meia","12":"first","13":"instock","14":"shipping-taxable","15":"purchasable","16":"product-type-variable"},"aioseo_notices":[],"jetpack_sharing_enabled":true,"_links":{"self":[{"href":"https:\/\/milicia-pro.com\/index.php\/wp-json\/wp\/v2\/product\/31988","targetHints":{"allow":["GET"]}}],"collection":[{"href":"https:\/\/milicia-pro.com\/index.php\/wp-json\/wp\/v2\/product"}],"about":[{"href":"https:\/\/milicia-pro.com\/index.php\/wp-json\/wp\/v2\/types\/product"}],"replies":[{"embeddable":true,"href":"https:\/\/milicia-pro.com\/index.php\/wp-json\/wp\/v2\/comments?post=31988"}],"wp:featuredmedia":[{"embeddable":true,"href":"https:\/\/milicia-pro.com\/index.php\/wp-json\/wp\/v2\/media\/32085"}],"wp:attachment":[{"href":"https:\/\/milicia-pro.com\/index.php\/wp-json\/wp\/v2\/media?parent=31988"}],"wp:term":[{"taxonomy":"product_brand","embeddable":true,"href":"https:\/\/milicia-pro.com\/index.php\/wp-json\/wp\/v2\/product_brand?post=31988"},{"taxonomy":"product_cat","embeddable":true,"href":"https:\/\/milicia-pro.com\/index.php\/wp-json\/wp\/v2\/product_cat?post=31988"},{"taxonomy":"product_tag","embeddable":true,"href":"https:\/\/milicia-pro.com\/index.php\/wp-json\/wp\/v2\/product_tag?post=31988"}],"curies":[{"name":"wp","href":"https:\/\/api.w.org\/{rel}","templated":true}]}}