{"id":31966,"date":"2022-09-01T17:26:10","date_gmt":"2022-09-01T17:26:10","guid":{"rendered":"https:\/\/milicia-pro.com\/?post_type=product&#038;p=31966"},"modified":"2026-02-18T15:26:57","modified_gmt":"2026-02-18T15:26:57","slug":"meia-de-algodao-de-6","status":"publish","type":"product","link":"https:\/\/milicia-pro.com\/index.php\/product\/meia-de-algodao-de-6\/","title":{"rendered":"MEIA DE ALGOD\u00c3O DE 6\u00b4\u00b4"},"content":{"rendered":"<p>O algod\u00e3o desta meia \u00e9 respir\u00e1vel e confort\u00e1vel, tornando assim uma meia t\u00e1tica confi\u00e1vel. Feita em fibra natural, com absor\u00e7\u00e3o da transpira\u00e7\u00e3o e material de secagem r\u00e1pida e com amortecimento adicional sob a sola.<\/p>\n<p>Constru\u00edda com 62% de algod\u00e3o, 5% de nylon, 28% de elastano, 5% de borracha.<\/p>\n<p><strong>INSTRU\u00c7\u00d5ES DE LAVAGEM<\/strong>: Lavar a frio; n\u00e3o usar lix\u00edvia; n\u00e3o usar amaciador; n\u00e3o passar a ferro; secar a baixas temperaturas caso use m\u00e1quina de secar.<\/p>\n<p><img loading=\"lazy\" decoding=\"async\" class=\"size-full wp-image-17486 alignleft\" src=\"https:\/\/miliciapro.com\/wp-content\/uploads\/2020\/03\/160001-10.png\" alt=\"\" width=\"204\" height=\"144\" \/><\/p>\n<p>&nbsp;<\/p>\n<p><strong>SEM COSTURAS<\/strong><\/p>\n<p>O design da biqueira proporciona o m\u00e1ximo de conforto com uma costura perfeita para evitar escorreg\u00f5es e fric\u00e7\u00f5es que podem provocar bolhas.<\/p>\n<p>&nbsp;<\/p>\n<p><img loading=\"lazy\" decoding=\"async\" class=\"size-medium wp-image-17487 alignleft\" src=\"https:\/\/miliciapro.com\/wp-content\/uploads\/2020\/03\/160001-11.png\" alt=\"\" width=\"208\" height=\"145\" \/><\/p>\n<p>&nbsp;<\/p>\n<p><b>PAIN\u00c9IS<\/b><strong>\u00a0VENTILADOS<\/strong><\/p>\n<p>Os pain\u00e9is de malha integrados s\u00e3o habilmente posicionados sobre o p\u00e9 para fornecer ventila\u00e7\u00e3o extra e manter os p\u00e9s frescos.<\/p>\n<p>&nbsp;<\/p>\n<p><img loading=\"lazy\" decoding=\"async\" class=\"size-medium wp-image-17488 alignleft\" src=\"https:\/\/miliciapro.com\/wp-content\/uploads\/2020\/03\/160001-12.png\" alt=\"\" width=\"205\" height=\"141\" \/><\/p>\n<p><strong>FIBRA DE ALGOD\u00c3O NATURAL<\/strong><\/p>\n<p>Esta fibra natural \u00e9 finamente calibrada para ter o m\u00e1ximo de conforto, com absor\u00e7\u00e3o da transpira\u00e7\u00e3o e propriedades para secagem r\u00e1pida que previnem a humidade nos p\u00e9s, mantendo-os sempre secos. As fibras regulam a temperatura, mantendo os p\u00e9s quentes de inverno e frescos de ver\u00e3o.<\/p>\n","protected":false},"excerpt":{"rendered":"<p>O algod\u00e3o desta meia \u00e9 respir\u00e1vel e confort\u00e1vel, tornando assim uma meia t\u00e1tica confi\u00e1vel. Feita em fibra natural, com absor\u00e7\u00e3o da transpira\u00e7\u00e3o e material de secagem r\u00e1pida e com amortecimento adicional sob a sola. Constru\u00edda com 62% de algod\u00e3o, 5% de nylon, 28% de elastano, 5% de borracha. INSTRU\u00c7\u00d5ES DE LAVAGEM: Lavar a frio; n\u00e3o [&#8230;]\n","protected":false},"featured_media":32079,"comment_status":"open","ping_status":"closed","template":"","meta":{"_monsterinsights_skip_tracking":false,"_monsterinsights_sitenote_active":false,"_monsterinsights_sitenote_note":"","_monsterinsights_sitenote_category":0},"product_brand":[1509],"product_cat":[1463,830,1465],"product_tag":[211],"class_list":{"0":"post-31966","1":"product","2":"type-product","3":"status-publish","4":"has-post-thumbnail","6":"product_brand-first-tactical","7":"product_cat-calcado-2","8":"product_cat-firsttactical","9":"product_cat-meias-calcado-2","10":"product_tag-meias","12":"first","13":"instock","14":"shipping-taxable","15":"purchasable","16":"product-type-variable"},"aioseo_notices":[],"jetpack_sharing_enabled":true,"_links":{"self":[{"href":"https:\/\/milicia-pro.com\/index.php\/wp-json\/wp\/v2\/product\/31966","targetHints":{"allow":["GET"]}}],"collection":[{"href":"https:\/\/milicia-pro.com\/index.php\/wp-json\/wp\/v2\/product"}],"about":[{"href":"https:\/\/milicia-pro.com\/index.php\/wp-json\/wp\/v2\/types\/product"}],"replies":[{"embeddable":true,"href":"https:\/\/milicia-pro.com\/index.php\/wp-json\/wp\/v2\/comments?post=31966"}],"wp:featuredmedia":[{"embeddable":true,"href":"https:\/\/milicia-pro.com\/index.php\/wp-json\/wp\/v2\/media\/32079"}],"wp:attachment":[{"href":"https:\/\/milicia-pro.com\/index.php\/wp-json\/wp\/v2\/media?parent=31966"}],"wp:term":[{"taxonomy":"product_brand","embeddable":true,"href":"https:\/\/milicia-pro.com\/index.php\/wp-json\/wp\/v2\/product_brand?post=31966"},{"taxonomy":"product_cat","embeddable":true,"href":"https:\/\/milicia-pro.com\/index.php\/wp-json\/wp\/v2\/product_cat?post=31966"},{"taxonomy":"product_tag","embeddable":true,"href":"https:\/\/milicia-pro.com\/index.php\/wp-json\/wp\/v2\/product_tag?post=31966"}],"curies":[{"name":"wp","href":"https:\/\/api.w.org\/{rel}","templated":true}]}}