{"id":31963,"date":"2022-09-01T17:26:09","date_gmt":"2022-09-01T17:26:09","guid":{"rendered":"https:\/\/milicia-pro.com\/?post_type=product&#038;p=31963"},"modified":"2025-03-10T15:11:17","modified_gmt":"2025-03-10T15:11:17","slug":"faca-sidewinder-safety","status":"publish","type":"product","link":"https:\/\/milicia-pro.com\/index.php\/product\/faca-sidewinder-safety\/","title":{"rendered":"FACA SIDEWINDER SAFETY"},"content":{"rendered":"<p>Esta faca de seguran\u00e7a Sidewinder \u00e9 a ferramenta perfeita para qualquer profissional de seguran\u00e7a p\u00fablica e a adi\u00e7\u00e3o perfeita para um kit m\u00e9dico de emerg\u00eancia.<\/p>\n<p>A primeira tecnologia t\u00e1ctica Thumb Bridge que ajuda os utilizadores a manusearem a faca com ou sem luvas. Permite utilizar numa emerg\u00eancia no corte de correias ou tecidos sem ferir.<\/p>\n<p>Esta faca possui ainda recursos adicionais, incluindo chave de oxig\u00e9nio, ferramenta de quebra janelas e o punho em TPU para maior ader\u00eancia.<\/p>\n<p>Com l\u00e2mina de a\u00e7o AUS8 3.2mmT \u00f3xido preto; l\u00e2mina tipo p\u00e9 de ovelha modificado para cortar correias; comprimento de l\u00e2mina de 89,4mm; espessura da l\u00e2mina de 19,1mm; comprimento da faca em aberto de 215,4mm; comprimento fechado de 126,1mm e o peso de 153,9g.<\/p>\n<p><img loading=\"lazy\" decoding=\"async\" class=\"size-full wp-image-17480 alignleft\" src=\"https:\/\/miliciapro.com\/wp-content\/uploads\/2020\/03\/140014-10.png\" alt=\"\" width=\"209\" height=\"146\" \/><\/p>\n<p>&nbsp;<\/p>\n<p><strong>DESIGN DO CLIP DE BOLSO REVERS\u00cdVEL<\/strong><\/p>\n<p>Este design de clip de montagem girado alivia a press\u00e3o sobre os parafusos, eliminando a necessidade de apertar constantemente os parafusos.<\/p>\n<p>&nbsp;<\/p>\n<p><img loading=\"lazy\" decoding=\"async\" class=\"size-full wp-image-17481 alignleft\" src=\"https:\/\/miliciapro.com\/wp-content\/uploads\/2020\/03\/140014-11.png\" alt=\"\" width=\"208\" height=\"145\" \/><\/p>\n<p>&nbsp;<\/p>\n<p><strong>TECNOLOGIA DA PONTE THUMB<\/strong><\/p>\n<p>A tecnologia especializada Thumb Bridge oferece a facilidade de abertura, maior estabilidade e controle da l\u00e2mina, estando com ou sem luvas<\/p>\n<p>&nbsp;<\/p>\n<p>&nbsp;<\/p>\n<p><img loading=\"lazy\" decoding=\"async\" class=\"size-full wp-image-17482 alignleft\" src=\"https:\/\/miliciapro.com\/wp-content\/uploads\/2020\/03\/140014-12.png\" alt=\"\" width=\"214\" height=\"144\" \/><\/p>\n<p>&nbsp;<\/p>\n<p><strong>TECNOLOGIA DA PONTE THUMB<\/strong><\/p>\n<p>A tecnologia especializada Thumb Bridge oferece a facilidade de abertura, maior estabilidade e controle da l\u00e2mina, estando com ou sem luvas<\/p>\n","protected":false},"excerpt":{"rendered":"<div style=\"width: 1020px;\" class=\"wp-video\"><video class=\"wp-video-shortcode\" id=\"video-31963-1\" width=\"1020\" height=\"574\" preload=\"metadata\" controls=\"controls\"><source type=\"video\/mp4\" src=\"https:\/\/miliciapro.com\/wp-content\/uploads\/2020\/03\/First-Tactical-Sidewinder-Range-Knife-Shot-Show-2018-Special-Feature_Trim.mp4?_=1\" \/><a href=\"https:\/\/miliciapro.com\/wp-content\/uploads\/2020\/03\/First-Tactical-Sidewinder-Range-Knife-Shot-Show-2018-Special-Feature_Trim.mp4\">https:\/\/miliciapro.com\/wp-content\/uploads\/2020\/03\/First-Tactical-Sidewinder-Range-Knife-Shot-Show-2018-Special-Feature_Trim.mp4<\/a><\/video><\/div>\n","protected":false},"featured_media":32057,"comment_status":"open","ping_status":"closed","template":"","meta":{"_monsterinsights_skip_tracking":false,"_monsterinsights_sitenote_active":false,"_monsterinsights_sitenote_note":"","_monsterinsights_sitenote_category":0},"product_brand":[],"product_cat":[1065,830,829,1098],"product_tag":[912,225],"class_list":{"0":"post-31963","1":"product","2":"type-product","3":"status-publish","4":"has-post-thumbnail","6":"product_cat-cutelariaferramentas","7":"product_cat-firsttactical","8":"product_cat-marcas","9":"product_cat-navalha","10":"product_tag-cutelaria","11":"product_tag-navalha","13":"first","14":"instock","15":"shipping-taxable","16":"purchasable","17":"product-type-variable"},"aioseo_notices":[],"jetpack_sharing_enabled":true,"_links":{"self":[{"href":"https:\/\/milicia-pro.com\/index.php\/wp-json\/wp\/v2\/product\/31963","targetHints":{"allow":["GET"]}}],"collection":[{"href":"https:\/\/milicia-pro.com\/index.php\/wp-json\/wp\/v2\/product"}],"about":[{"href":"https:\/\/milicia-pro.com\/index.php\/wp-json\/wp\/v2\/types\/product"}],"replies":[{"embeddable":true,"href":"https:\/\/milicia-pro.com\/index.php\/wp-json\/wp\/v2\/comments?post=31963"}],"wp:featuredmedia":[{"embeddable":true,"href":"https:\/\/milicia-pro.com\/index.php\/wp-json\/wp\/v2\/media\/32057"}],"wp:attachment":[{"href":"https:\/\/milicia-pro.com\/index.php\/wp-json\/wp\/v2\/media?parent=31963"}],"wp:term":[{"taxonomy":"product_brand","embeddable":true,"href":"https:\/\/milicia-pro.com\/index.php\/wp-json\/wp\/v2\/product_brand?post=31963"},{"taxonomy":"product_cat","embeddable":true,"href":"https:\/\/milicia-pro.com\/index.php\/wp-json\/wp\/v2\/product_cat?post=31963"},{"taxonomy":"product_tag","embeddable":true,"href":"https:\/\/milicia-pro.com\/index.php\/wp-json\/wp\/v2\/product_tag?post=31963"}],"curies":[{"name":"wp","href":"https:\/\/api.w.org\/{rel}","templated":true}]}}