{"id":31960,"date":"2022-09-01T17:26:09","date_gmt":"2022-09-01T17:26:09","guid":{"rendered":"https:\/\/milicia-pro.com\/?post_type=product&#038;p=31960"},"modified":"2025-03-10T15:12:33","modified_gmt":"2025-03-10T15:12:33","slug":"navalha-sidewinder-range","status":"publish","type":"product","link":"https:\/\/milicia-pro.com\/index.php\/product\/navalha-sidewinder-range\/","title":{"rendered":"NAVALHA SIDEWINDER RANGE"},"content":{"rendered":"<p>A faca Sidewinder Range \u00e9 uma das primeiras facas no espa\u00e7o t\u00e1tico que possui uma ferramenta \u00f3ptica.<\/p>\n<p>A base da faca possui uma chave de 10mm, chave de fenda sextavada de 13,970mm, cabe\u00e7a plana e arredondada e uma chave Aimpoint, tornando esta faca mais funcional.<\/p>\n<p>Apresenta-se com uma l\u00e2mina em a\u00e7o 3,2mmT \u00f3xido preto AUS8; com comprimento de l\u00e2mina de 89,4mm; espessura de l\u00e2mina de 19,1mm; comprimento da faca em aberto de 215,4mm; comprimento dela fechada de 126,1mm e 153,9g de peso.<\/p>\n<p><img loading=\"lazy\" decoding=\"async\" class=\" wp-image-17451 alignleft\" src=\"https:\/\/miliciapro.com\/wp-content\/uploads\/2020\/03\/140013-10.png\" alt=\"\" width=\"205\" height=\"139\" \/><\/p>\n<p>&nbsp;<\/p>\n<p><strong>TECNOLOGIA DA PONTE THUMB<\/strong><\/p>\n<p>A tecnologia especializada Thumb Bridge oferece a facilidade de abertura, maior estabilidade e controle da l\u00e2mina, estando com ou sem luvas.<\/p>\n<p>&nbsp;<\/p>\n<p><img loading=\"lazy\" decoding=\"async\" class=\"size-medium wp-image-17452 alignleft\" src=\"https:\/\/miliciapro.com\/wp-content\/uploads\/2020\/03\/140013-11.png\" alt=\"\" width=\"211\" height=\"152\" \/><\/p>\n<p>&nbsp;<\/p>\n<p><strong>FERRAMENTA INCORPORADA<\/strong><\/p>\n<p>Esta faca possui uma ferramenta \u00f3ptica na base que inclui uma chave 10mm, chave de fenda sextavada de 13,970mm, cabe\u00e7a chata arredondada e uma chave Aimpoint, tornando a faca mais funcional.Visite os nossos parceiros, http:\/\/fakewatch.is l\u00edderes em cal\u00e7ado de moda!<\/p>\n<p>&nbsp;<\/p>\n<p><img loading=\"lazy\" decoding=\"async\" class=\"size-medium wp-image-17453 alignleft\" src=\"https:\/\/miliciapro.com\/wp-content\/uploads\/2020\/03\/140013-12.png\" alt=\"\" width=\"214\" height=\"148\" \/><\/p>\n<p>&nbsp;<\/p>\n<p><strong>TEXTURA DO PUNHO<\/strong><\/p>\n<p>O punho da faca tem uma textura com tra\u00e7\u00e3o aprimorada para fornecer ao utilizador um melhor empunhamento.<\/p>\n","protected":false},"excerpt":{"rendered":"<div style=\"width: 1020px;\" class=\"wp-video\"><video class=\"wp-video-shortcode\" id=\"video-31960-1\" width=\"1020\" height=\"574\" preload=\"metadata\" controls=\"controls\"><source type=\"video\/mp4\" src=\"https:\/\/miliciapro.com\/wp-content\/uploads\/2020\/03\/First-Tactical-Sidewinder-Range-Knife-Shot-Show-2018-Special-Feature_Trim.mp4?_=1\" \/><a href=\"https:\/\/miliciapro.com\/wp-content\/uploads\/2020\/03\/First-Tactical-Sidewinder-Range-Knife-Shot-Show-2018-Special-Feature_Trim.mp4\">https:\/\/miliciapro.com\/wp-content\/uploads\/2020\/03\/First-Tactical-Sidewinder-Range-Knife-Shot-Show-2018-Special-Feature_Trim.mp4<\/a><\/video><\/div>\n<p>&nbsp;<\/p>\n","protected":false},"featured_media":32048,"comment_status":"open","ping_status":"closed","template":"","meta":{"_monsterinsights_skip_tracking":false,"_monsterinsights_sitenote_active":false,"_monsterinsights_sitenote_note":"","_monsterinsights_sitenote_category":0},"product_brand":[],"product_cat":[1065,830,829,1098],"product_tag":[912,225],"class_list":{"0":"post-31960","1":"product","2":"type-product","3":"status-publish","4":"has-post-thumbnail","6":"product_cat-cutelariaferramentas","7":"product_cat-firsttactical","8":"product_cat-marcas","9":"product_cat-navalha","10":"product_tag-cutelaria","11":"product_tag-navalha","13":"first","14":"instock","15":"shipping-taxable","16":"purchasable","17":"product-type-variable"},"aioseo_notices":[],"jetpack_sharing_enabled":true,"_links":{"self":[{"href":"https:\/\/milicia-pro.com\/index.php\/wp-json\/wp\/v2\/product\/31960","targetHints":{"allow":["GET"]}}],"collection":[{"href":"https:\/\/milicia-pro.com\/index.php\/wp-json\/wp\/v2\/product"}],"about":[{"href":"https:\/\/milicia-pro.com\/index.php\/wp-json\/wp\/v2\/types\/product"}],"replies":[{"embeddable":true,"href":"https:\/\/milicia-pro.com\/index.php\/wp-json\/wp\/v2\/comments?post=31960"}],"wp:featuredmedia":[{"embeddable":true,"href":"https:\/\/milicia-pro.com\/index.php\/wp-json\/wp\/v2\/media\/32048"}],"wp:attachment":[{"href":"https:\/\/milicia-pro.com\/index.php\/wp-json\/wp\/v2\/media?parent=31960"}],"wp:term":[{"taxonomy":"product_brand","embeddable":true,"href":"https:\/\/milicia-pro.com\/index.php\/wp-json\/wp\/v2\/product_brand?post=31960"},{"taxonomy":"product_cat","embeddable":true,"href":"https:\/\/milicia-pro.com\/index.php\/wp-json\/wp\/v2\/product_cat?post=31960"},{"taxonomy":"product_tag","embeddable":true,"href":"https:\/\/milicia-pro.com\/index.php\/wp-json\/wp\/v2\/product_tag?post=31960"}],"curies":[{"name":"wp","href":"https:\/\/api.w.org\/{rel}","templated":true}]}}