{"id":31949,"date":"2022-09-01T17:25:04","date_gmt":"2022-09-01T17:25:04","guid":{"rendered":"https:\/\/milicia-pro.com\/?post_type=product&#038;p=31949"},"modified":"2026-03-09T17:10:26","modified_gmt":"2026-03-09T17:10:26","slug":"faca-diamondback-spear","status":"publish","type":"product","link":"https:\/\/milicia-pro.com\/index.php\/product\/faca-diamondback-spear\/","title":{"rendered":"FACA DIAMONDBACK SPEAR"},"content":{"rendered":"<p>Esta faca Diamondback da First Tactical \u00e9 constru\u00edda com uma l\u00e2mina mais larga e um punho com maior controlo e ader\u00eancia.<\/p>\n<p>Apresenta-se com uma l\u00e2mina de a\u00e7o AUS8; uma l\u00e2mina em lan\u00e7a modificada; cabo em G-10; comprimento de l\u00e2mina de 87mm; espessura de l\u00e2mina de 3,6mm; comprimento da faca aberta de 203,3mm; comprimento da faca fechada de 116,3mm e com o peso de 159g.<\/p>\n<p><iframe loading=\"lazy\" title=\"First Tactical&#039;s Diamondback Knife Collection\" width=\"1020\" height=\"574\" src=\"https:\/\/www.youtube.com\/embed\/Ca_ecGhICbk?feature=oembed\" frameborder=\"0\" allow=\"accelerometer; autoplay; clipboard-write; encrypted-media; gyroscope; picture-in-picture; web-share\" referrerpolicy=\"strict-origin-when-cross-origin\" allowfullscreen><\/iframe><\/p>\n<p><img loading=\"lazy\" decoding=\"async\" class=\"size-full wp-image-17431 alignleft\" src=\"https:\/\/miliciapro.com\/wp-content\/uploads\/2020\/03\/140005-10-1.png\" alt=\"\" width=\"208\" height=\"145\" \/><\/p>\n<p>&nbsp;<\/p>\n<p><strong>DESIGN DO CLIP DE BOLSO REVERS\u00cdVEL<\/strong><\/p>\n<p>Este design de clip de montagem girado alivia a press\u00e3o sobre os parafusos, eliminando a necessidade de apertar constantemente os parafusos.<\/p>\n<p>&nbsp;<\/p>\n<p><img loading=\"lazy\" decoding=\"async\" class=\"size-medium wp-image-17432 alignleft\" src=\"https:\/\/miliciapro.com\/wp-content\/uploads\/2020\/03\/140005-11-1.png\" alt=\"\" width=\"207\" height=\"145\" \/><\/p>\n<p>&nbsp;<\/p>\n<p><strong>DESIGN DO CLIP DE BOLSO REVERS\u00cdVEL<\/strong><\/p>\n<p>Este design de clip de montagem girado alivia a press\u00e3o sobre os parafusos, eliminando a necessidade de apertar constantemente os parafusos.<\/p>\n<p>&nbsp;<\/p>\n<p><img loading=\"lazy\" decoding=\"async\" class=\"size-medium wp-image-17433 alignleft\" src=\"https:\/\/miliciapro.com\/wp-content\/uploads\/2020\/03\/140005-12-1.png\" alt=\"\" width=\"206\" height=\"145\" \/><\/p>\n<p>&nbsp;<\/p>\n<p><strong>TEXTURA DO PUNHO<\/strong><\/p>\n<p>O punho da faca tem uma textura com tra\u00e7\u00e3o aprimorada para fornecer ao utilizador um melhor empunhamento.<\/p>\n","protected":false},"excerpt":{"rendered":"<p>Esta faca Diamondback da First Tactical \u00e9 constru\u00edda com uma l\u00e2mina mais larga e um punho com maior controlo e ader\u00eancia. Apresenta-se com uma l\u00e2mina de a\u00e7o AUS8; uma l\u00e2mina em lan\u00e7a modificada; cabo em G-10; comprimento de l\u00e2mina de 87mm; espessura de l\u00e2mina de 3,6mm; comprimento da faca aberta de 203,3mm; comprimento da faca [&#8230;]\n","protected":false},"featured_media":32038,"comment_status":"open","ping_status":"closed","template":"","meta":{"_monsterinsights_skip_tracking":false,"_monsterinsights_sitenote_active":false,"_monsterinsights_sitenote_note":"","_monsterinsights_sitenote_category":0},"product_brand":[],"product_cat":[1065,830,829,1098],"product_tag":[912,225],"class_list":{"0":"post-31949","1":"product","2":"type-product","3":"status-publish","4":"has-post-thumbnail","6":"product_cat-cutelariaferramentas","7":"product_cat-firsttactical","8":"product_cat-marcas","9":"product_cat-navalha","10":"product_tag-cutelaria","11":"product_tag-navalha","13":"first","14":"instock","15":"shipping-taxable","16":"purchasable","17":"product-type-variable"},"aioseo_notices":[],"jetpack_sharing_enabled":true,"_links":{"self":[{"href":"https:\/\/milicia-pro.com\/index.php\/wp-json\/wp\/v2\/product\/31949","targetHints":{"allow":["GET"]}}],"collection":[{"href":"https:\/\/milicia-pro.com\/index.php\/wp-json\/wp\/v2\/product"}],"about":[{"href":"https:\/\/milicia-pro.com\/index.php\/wp-json\/wp\/v2\/types\/product"}],"replies":[{"embeddable":true,"href":"https:\/\/milicia-pro.com\/index.php\/wp-json\/wp\/v2\/comments?post=31949"}],"wp:featuredmedia":[{"embeddable":true,"href":"https:\/\/milicia-pro.com\/index.php\/wp-json\/wp\/v2\/media\/32038"}],"wp:attachment":[{"href":"https:\/\/milicia-pro.com\/index.php\/wp-json\/wp\/v2\/media?parent=31949"}],"wp:term":[{"taxonomy":"product_brand","embeddable":true,"href":"https:\/\/milicia-pro.com\/index.php\/wp-json\/wp\/v2\/product_brand?post=31949"},{"taxonomy":"product_cat","embeddable":true,"href":"https:\/\/milicia-pro.com\/index.php\/wp-json\/wp\/v2\/product_cat?post=31949"},{"taxonomy":"product_tag","embeddable":true,"href":"https:\/\/milicia-pro.com\/index.php\/wp-json\/wp\/v2\/product_tag?post=31949"}],"curies":[{"name":"wp","href":"https:\/\/api.w.org\/{rel}","templated":true}]}}