{"id":31947,"date":"2022-09-01T17:25:04","date_gmt":"2022-09-01T17:25:04","guid":{"rendered":"https:\/\/milicia-pro.com\/?post_type=product&#038;p=31947"},"modified":"2026-01-14T14:57:45","modified_gmt":"2026-01-14T14:57:45","slug":"faca-copperhead-tanto","status":"publish","type":"product","link":"https:\/\/milicia-pro.com\/index.php\/product\/faca-copperhead-tanto\/","title":{"rendered":"FACA COPPERHEAD TANTO"},"content":{"rendered":"<p>A faca Copperhead Tanto de tamanho m\u00e9dio incorpora-se facilmente numa bolsa ou na roupa que trajamos. Com uma al\u00e7a G-10 robusta, leve e com l\u00e2mina de a\u00e7o AUS8 em forma de lan\u00e7a, elegantemente suave.<\/p>\n<p>Com o comprimento de l\u00e2mina de 76.7mm; espessura da l\u00e2mina de 3,2mm; espessura do revestimento de 1,2mm; comprimento aberto de 178,3mm,; comprimento fechado 101,6mm e com o peso de 101g.<\/p>\n<p><iframe loading=\"lazy\" title=\"First Tactical&#039;s Copperhead Knife Collection\" width=\"1020\" height=\"574\" src=\"https:\/\/www.youtube.com\/embed\/5e6loYXqvI4?feature=oembed\" frameborder=\"0\" allow=\"accelerometer; autoplay; clipboard-write; encrypted-media; gyroscope; picture-in-picture; web-share\" allowfullscreen><\/iframe><\/p>\n<p><img loading=\"lazy\" decoding=\"async\" class=\"size-full wp-image-17421 alignleft\" src=\"https:\/\/miliciapro.com\/wp-content\/uploads\/2020\/03\/140005-10.png\" alt=\"\" width=\"208\" height=\"145\" \/><\/p>\n<p>&nbsp;<\/p>\n<p><strong>DESIGN DO CLIP DE BOLSO REVERS\u00cdVEL<\/strong><\/p>\n<p>Este design de clip de montagem girado alivia a press\u00e3o sobre os parafusos, eliminando a necessidade de apertar constantemente os parafusos.<\/p>\n<p>&nbsp;<\/p>\n<p><img loading=\"lazy\" decoding=\"async\" class=\"size-medium wp-image-17422 alignleft\" src=\"https:\/\/miliciapro.com\/wp-content\/uploads\/2020\/03\/140005-11.png\" alt=\"\" width=\"207\" height=\"145\" \/><\/p>\n<p>&nbsp;<\/p>\n<p><strong>TECNOLOGIA DA PONTE THUMB<\/strong><\/p>\n<p>A tecnologia especializada Thumb Bridge oferece a facilidade de abertura, maior estabilidade e controle da l\u00e2mina, estando com ou sem luvas.<\/p>\n<p>&nbsp;<\/p>\n<p><img loading=\"lazy\" decoding=\"async\" class=\"size-medium wp-image-17423 alignleft\" src=\"https:\/\/miliciapro.com\/wp-content\/uploads\/2020\/03\/140005-12.png\" alt=\"\" width=\"206\" height=\"145\" \/><\/p>\n<p>&nbsp;<\/p>\n<p><strong>TEXTURA DO PUNHO<\/strong><\/p>\n<p>O punho da faca tem uma textura com tra\u00e7\u00e3o aprimorada para fornecer ao utilizador um melhor empunhamento.<\/p>\n","protected":false},"excerpt":{"rendered":"<p>A faca Copperhead Tanto de tamanho m\u00e9dio incorpora-se facilmente numa bolsa ou na roupa que trajamos. Com uma al\u00e7a G-10 robusta, leve e com l\u00e2mina de a\u00e7o AUS8 em forma de lan\u00e7a, elegantemente suave. Com o comprimento de l\u00e2mina de 76.7mm; espessura da l\u00e2mina de 3,2mm; espessura do revestimento de 1,2mm; comprimento aberto de 178,3mm,; [&#8230;]\n","protected":false},"featured_media":32023,"comment_status":"open","ping_status":"closed","template":"","meta":{"_monsterinsights_skip_tracking":false,"_monsterinsights_sitenote_active":false,"_monsterinsights_sitenote_note":"","_monsterinsights_sitenote_category":0},"product_brand":[],"product_cat":[1065,830,829,1098],"product_tag":[912,225],"class_list":{"0":"post-31947","1":"product","2":"type-product","3":"status-publish","4":"has-post-thumbnail","6":"product_cat-cutelariaferramentas","7":"product_cat-firsttactical","8":"product_cat-marcas","9":"product_cat-navalha","10":"product_tag-cutelaria","11":"product_tag-navalha","13":"first","14":"outofstock","15":"shipping-taxable","16":"purchasable","17":"product-type-variable"},"aioseo_notices":[],"jetpack_sharing_enabled":true,"_links":{"self":[{"href":"https:\/\/milicia-pro.com\/index.php\/wp-json\/wp\/v2\/product\/31947","targetHints":{"allow":["GET"]}}],"collection":[{"href":"https:\/\/milicia-pro.com\/index.php\/wp-json\/wp\/v2\/product"}],"about":[{"href":"https:\/\/milicia-pro.com\/index.php\/wp-json\/wp\/v2\/types\/product"}],"replies":[{"embeddable":true,"href":"https:\/\/milicia-pro.com\/index.php\/wp-json\/wp\/v2\/comments?post=31947"}],"wp:featuredmedia":[{"embeddable":true,"href":"https:\/\/milicia-pro.com\/index.php\/wp-json\/wp\/v2\/media\/32023"}],"wp:attachment":[{"href":"https:\/\/milicia-pro.com\/index.php\/wp-json\/wp\/v2\/media?parent=31947"}],"wp:term":[{"taxonomy":"product_brand","embeddable":true,"href":"https:\/\/milicia-pro.com\/index.php\/wp-json\/wp\/v2\/product_brand?post=31947"},{"taxonomy":"product_cat","embeddable":true,"href":"https:\/\/milicia-pro.com\/index.php\/wp-json\/wp\/v2\/product_cat?post=31947"},{"taxonomy":"product_tag","embeddable":true,"href":"https:\/\/milicia-pro.com\/index.php\/wp-json\/wp\/v2\/product_tag?post=31947"}],"curies":[{"name":"wp","href":"https:\/\/api.w.org\/{rel}","templated":true}]}}