{"id":31943,"date":"2022-09-01T17:25:03","date_gmt":"2022-09-01T17:25:03","guid":{"rendered":"https:\/\/milicia-pro.com\/?post_type=product&#038;p=31943"},"modified":"2025-05-23T04:48:59","modified_gmt":"2025-05-23T04:48:59","slug":"faca-viper-spear","status":"publish","type":"product","link":"https:\/\/milicia-pro.com\/index.php\/product\/faca-viper-spear\/","title":{"rendered":"FACA VIPER SPEAR"},"content":{"rendered":"<p>Esta faca apresenta-se com uma l\u00e2mina compacta eficiente, dobr\u00e1vel, fabricada em a\u00e7o. L\u00e2mina curta e punho comprido para melhor empunhamento. L\u00e2mina em a\u00e7o AUS8.<\/p>\n<p>Comprimento de l\u00e2mina com 65.1mm. Espessura da l\u00e2mina de 3,2mm. Espessura do revestimento de 1,2mm. Comprimento aberto de 164,6mm, Comprimento fechado 99,1mm. Com o peso de 116g.<\/p>\n<p><iframe loading=\"lazy\" title=\"First Tactical&#039;s Viper Knife Collection\" width=\"1020\" height=\"574\" src=\"https:\/\/www.youtube.com\/embed\/v7qLOho0Dc8?feature=oembed\" frameborder=\"0\" allow=\"accelerometer; autoplay; clipboard-write; encrypted-media; gyroscope; picture-in-picture; web-share\" referrerpolicy=\"strict-origin-when-cross-origin\" allowfullscreen><\/iframe><\/p>\n<p><img loading=\"lazy\" decoding=\"async\" class=\"size-full wp-image-17401 alignleft\" src=\"https:\/\/miliciapro.com\/wp-content\/uploads\/2020\/03\/140003-10.png\" alt=\"\" width=\"208\" height=\"149\" \/><\/p>\n<p>&nbsp;<\/p>\n<p><strong>DESIGN DO CLIP DE BOLSO REVERS\u00cdVEL<\/strong><\/p>\n<p>Este design de clip de montagem girado alivia a press\u00e3o sobre os parafusos, eliminando a necessidade de apertar constantemente os parafusos.<\/p>\n<p>&nbsp;<\/p>\n<p><img loading=\"lazy\" decoding=\"async\" class=\"size-medium wp-image-17402 alignleft\" src=\"https:\/\/miliciapro.com\/wp-content\/uploads\/2020\/03\/140003-11.png\" alt=\"\" width=\"207\" height=\"141\" \/><\/p>\n<p>&nbsp;<\/p>\n<p><strong>TECNOLOGIA DA PONTE THUMB<\/strong><\/p>\n<p>A tecnologia especializada Thumb Bridge oferece a facilidade de abertura, maior estabilidade e controle da l\u00e2mina, estando com ou sem luvas<\/p>\n<p>&nbsp;<\/p>\n<p><img loading=\"lazy\" decoding=\"async\" class=\"size-medium wp-image-17403 alignleft\" src=\"https:\/\/miliciapro.com\/wp-content\/uploads\/2020\/03\/140003-12.png\" alt=\"\" width=\"207\" height=\"142\" \/><\/p>\n<p>&nbsp;<\/p>\n<p><strong>TEXTURA DO PUNHO<\/strong><\/p>\n<p>O punho da faca tem uma textura com tra\u00e7\u00e3o aprimorada para fornecer ao utilizador um melhor empunhamento.<\/p>\n","protected":false},"excerpt":{"rendered":"<p>Esta faca apresenta-se com uma l\u00e2mina compacta eficiente, dobr\u00e1vel, fabricada em a\u00e7o. L\u00e2mina curta e punho comprido para melhor empunhamento. L\u00e2mina em a\u00e7o AUS8. Comprimento de l\u00e2mina com 65.1mm. Espessura da l\u00e2mina de 3,2mm. Espessura do revestimento de 1,2mm. Comprimento aberto de 164,6mm, Comprimento fechado 99,1mm. Com o peso de 116g. &nbsp; DESIGN DO CLIP [&#8230;]\n","protected":false},"featured_media":32013,"comment_status":"open","ping_status":"closed","template":"","meta":{"_monsterinsights_skip_tracking":false,"_monsterinsights_sitenote_active":false,"_monsterinsights_sitenote_note":"","_monsterinsights_sitenote_category":0},"product_brand":[],"product_cat":[1065,830,829,1098],"product_tag":[912,225],"class_list":{"0":"post-31943","1":"product","2":"type-product","3":"status-publish","4":"has-post-thumbnail","6":"product_cat-cutelariaferramentas","7":"product_cat-firsttactical","8":"product_cat-marcas","9":"product_cat-navalha","10":"product_tag-cutelaria","11":"product_tag-navalha","13":"first","14":"outofstock","15":"shipping-taxable","16":"purchasable","17":"product-type-variable"},"aioseo_notices":[],"jetpack_sharing_enabled":true,"_links":{"self":[{"href":"https:\/\/milicia-pro.com\/index.php\/wp-json\/wp\/v2\/product\/31943","targetHints":{"allow":["GET"]}}],"collection":[{"href":"https:\/\/milicia-pro.com\/index.php\/wp-json\/wp\/v2\/product"}],"about":[{"href":"https:\/\/milicia-pro.com\/index.php\/wp-json\/wp\/v2\/types\/product"}],"replies":[{"embeddable":true,"href":"https:\/\/milicia-pro.com\/index.php\/wp-json\/wp\/v2\/comments?post=31943"}],"wp:featuredmedia":[{"embeddable":true,"href":"https:\/\/milicia-pro.com\/index.php\/wp-json\/wp\/v2\/media\/32013"}],"wp:attachment":[{"href":"https:\/\/milicia-pro.com\/index.php\/wp-json\/wp\/v2\/media?parent=31943"}],"wp:term":[{"taxonomy":"product_brand","embeddable":true,"href":"https:\/\/milicia-pro.com\/index.php\/wp-json\/wp\/v2\/product_brand?post=31943"},{"taxonomy":"product_cat","embeddable":true,"href":"https:\/\/milicia-pro.com\/index.php\/wp-json\/wp\/v2\/product_cat?post=31943"},{"taxonomy":"product_tag","embeddable":true,"href":"https:\/\/milicia-pro.com\/index.php\/wp-json\/wp\/v2\/product_tag?post=31943"}],"curies":[{"name":"wp","href":"https:\/\/api.w.org\/{rel}","templated":true}]}}