{"id":31937,"date":"2022-09-01T17:25:02","date_gmt":"2022-09-01T17:25:02","guid":{"rendered":"https:\/\/milicia-pro.com\/?post_type=product&#038;p=31937"},"modified":"2026-03-30T09:06:53","modified_gmt":"2026-03-30T09:06:53","slug":"mochila-tiracolo-sling","status":"publish","type":"product","link":"https:\/\/milicia-pro.com\/index.php\/product\/mochila-tiracolo-sling\/","title":{"rendered":"MOCHILA TIRACOLO SLING"},"content":{"rendered":"<p>A mochila a tiracolo Sling da First Tactical \u00e9 ergon\u00f4mico e confort\u00e1vel para transporte equilibrado. Constru\u00eddo em nylon resistente 1000D, com tiras de compress\u00e3o reposicion\u00e1veis e uma boa organiza\u00e7\u00e3o interna.<\/p>\n<p>O espa\u00e7o do compartimento principal \u00e9 de 22,9cm x 44,5cm x 15,2cm. O bolso frontal superior tem 17,8cm x 11,4cm x 2,5cm. O bolso de administra\u00e7\u00e3o tem 19,1cm x 38,1cm x 5,1cm. Tem 4 bolsos externos e 3 internos.<\/p>\n<p>Feito em Nylon 1000D e com espuma de c\u00e9lula fechada de 10mm. Fechos YKK Hardware Duraflex. Apresenta uma capacidade de 19 Litros e peso de 1,1Kg.<span style=\"position: absolute;top: -13044px\"> Se procura superclone Replica Rolex www.fakewatch.is o Super Clone Rolex \u00e9 o local certo! A maior cole\u00e7\u00e3o de rel\u00f3gios Rolex falsos online! <\/span><\/p>\n<p><iframe loading=\"lazy\" title=\"First Tactical&#039;s Crosshatch Sling Pack\" width=\"1020\" height=\"574\" src=\"https:\/\/www.youtube.com\/embed\/08Td1-ndzMg?feature=oembed\" frameborder=\"0\" allow=\"accelerometer; autoplay; clipboard-write; encrypted-media; gyroscope; picture-in-picture; web-share\" referrerpolicy=\"strict-origin-when-cross-origin\" allowfullscreen><\/iframe><\/p>\n<p><img loading=\"lazy\" decoding=\"async\" class=\"size-full wp-image-17371 alignleft\" src=\"https:\/\/miliciapro.com\/wp-content\/uploads\/2020\/03\/180011-10.png\" alt=\"\" width=\"206\" height=\"147\" \/><\/p>\n<p>&nbsp;<\/p>\n<p><strong>MAIOR ORGANIZA\u00c7\u00c3O DO COMPARTIMENTO<\/strong><\/p>\n<p>O compartimento principal apresenta-se com uma malha \u00fanica, 2 bolsos internos com fecho e na parte traseira uma plataforma de organiza\u00e7\u00e3o, dando-lhe assim uma personaliza\u00e7\u00e3o final.<\/p>\n<p>&nbsp;<\/p>\n<p><img loading=\"lazy\" decoding=\"async\" class=\"size-medium wp-image-17372 alignleft\" src=\"https:\/\/miliciapro.com\/wp-content\/uploads\/2020\/03\/180011-11.png\" alt=\"\" width=\"207\" height=\"141\" \/><\/p>\n<p>&nbsp;<\/p>\n<p><strong>TIRAS DE COMPRESS\u00c3O REPOSICION\u00c1VEIS\/ SUBSTITU\u00cdVEIS<\/strong><\/p>\n<p>Pode posicionar as correias de compress\u00e3o da maneira que desejar ou at\u00e9 mesmo n\u00e3o as utilizar. Pode remov\u00ea-las e guardar para serem aplicadas quando transportar cargas pesadas.<\/p>\n<p>&nbsp;<\/p>\n<p><img loading=\"lazy\" decoding=\"async\" class=\"size-medium wp-image-17373 alignleft\" src=\"https:\/\/miliciapro.com\/wp-content\/uploads\/2020\/03\/180011-12.png\" alt=\"\" width=\"203\" height=\"140\" \/><\/p>\n<p>&nbsp;<\/p>\n<p><strong>BOLSO CCW REVERS\u00cdVEL <\/strong><\/p>\n<p>Pode transportar a bolsa \u00e0 frente do corpo e ter assim acesso ao interior da mochila.<\/p>\n","protected":false},"excerpt":{"rendered":"<p>A mochila a tiracolo Sling da First Tactical \u00e9 ergon\u00f4mico e confort\u00e1vel para transporte equilibrado. Constru\u00eddo em nylon resistente 1000D, com tiras de compress\u00e3o reposicion\u00e1veis e uma boa organiza\u00e7\u00e3o interna. O espa\u00e7o do compartimento principal \u00e9 de 22,9cm x 44,5cm x 15,2cm. O bolso frontal superior tem 17,8cm x 11,4cm x 2,5cm. O bolso de [&#8230;]\n","protected":false},"featured_media":31989,"comment_status":"open","ping_status":"closed","template":"","meta":{"_monsterinsights_skip_tracking":false,"_monsterinsights_sitenote_active":false,"_monsterinsights_sitenote_note":"","_monsterinsights_sitenote_category":0},"product_brand":[],"product_cat":[830,829,1106,1467],"product_tag":[205,215,331],"class_list":{"0":"post-31937","1":"product","2":"type-product","3":"status-publish","4":"has-post-thumbnail","6":"product_cat-firsttactical","7":"product_cat-marcas","8":"product_cat-mochilas","9":"product_cat-mochilas-bolsas","10":"product_tag-mala","11":"product_tag-mochila","12":"product_tag-tiracolo","14":"first","15":"instock","16":"shipping-taxable","17":"purchasable","18":"product-type-variable"},"aioseo_notices":[],"jetpack_sharing_enabled":true,"_links":{"self":[{"href":"https:\/\/milicia-pro.com\/index.php\/wp-json\/wp\/v2\/product\/31937","targetHints":{"allow":["GET"]}}],"collection":[{"href":"https:\/\/milicia-pro.com\/index.php\/wp-json\/wp\/v2\/product"}],"about":[{"href":"https:\/\/milicia-pro.com\/index.php\/wp-json\/wp\/v2\/types\/product"}],"replies":[{"embeddable":true,"href":"https:\/\/milicia-pro.com\/index.php\/wp-json\/wp\/v2\/comments?post=31937"}],"wp:featuredmedia":[{"embeddable":true,"href":"https:\/\/milicia-pro.com\/index.php\/wp-json\/wp\/v2\/media\/31989"}],"wp:attachment":[{"href":"https:\/\/milicia-pro.com\/index.php\/wp-json\/wp\/v2\/media?parent=31937"}],"wp:term":[{"taxonomy":"product_brand","embeddable":true,"href":"https:\/\/milicia-pro.com\/index.php\/wp-json\/wp\/v2\/product_brand?post=31937"},{"taxonomy":"product_cat","embeddable":true,"href":"https:\/\/milicia-pro.com\/index.php\/wp-json\/wp\/v2\/product_cat?post=31937"},{"taxonomy":"product_tag","embeddable":true,"href":"https:\/\/milicia-pro.com\/index.php\/wp-json\/wp\/v2\/product_tag?post=31937"}],"curies":[{"name":"wp","href":"https:\/\/api.w.org\/{rel}","templated":true}]}}